{"id":743661,"date":"2025-03-03T18:39:09","date_gmt":"2025-03-03T17:39:09","guid":{"rendered":"https:\/\/stoic-curie.212-227-153-4.plesk.page\/producto\/punjac-quick-sbc-950-nrg-24v-40-ampera\/"},"modified":"2026-02-25T00:01:10","modified_gmt":"2026-02-25T00:01:10","slug":"punjac-quick-sbc-950-nrg-24v-40-ampera","status":"publish","type":"product","link":"https:\/\/stoic-curie.212-227-153-4.plesk.page\/hr\/product\/punjac-quick-sbc-950-nrg-24v-40-ampera\/","title":{"rendered":"Punja\u010d Quick SBC 950 NRG+ 24v 40 ampera"},"content":{"rendered":"<p>Punja\u010d Quick SBC 950 NRG+ 24v 40 ampera &#8211; <\/p>\n<p style=\"color: rgb(34, 34, 34); font-family: Arial, Helvetica, sans-serif; font-size: small;\">Predstavljamo punja\u010d baterija Quick SBC 950 NRG+ 24V 40Amp. Ovaj visoko u\u010dinkoviti punja\u010d baterija ima trostupanjski IUoU sustav punjenja, \u0161to osigurava optimalne performanse. Uklju\u010duje LED indikatore trenutnog statusa i gre\u0161ke, uz CAN-bus su\u010delje za jednostavan prijenos podataka. Punja\u010d je dizajniran s unutarnjim MOSFET separatorom punjenja, \u0161to omogu\u0107uje diferencirano punjenje otvorenih, zatvorenih, GEL ili AGM baterija. Mo\u017ee isporu\u010diti punu izlaznu snagu \u010dak i s niskim naponom napajanja i mo\u017ee funkcionirati kao napajanje bez baterija.<\/p>\n<p style=\"color: rgb(34, 34, 34); font-family: Arial, Helvetica, sans-serif; font-size: small;\">SBC NRG+ je kompatibilan sa svim vrstama generatora i ima univerzalni AC ulaz napajanja s jednostavnim priklju\u010dcima. Tako\u0111er uklju\u010duje vi\u0161e sigurnosnih zna\u010dajki, poput za\u0161tite od obrnute polariteta, preoptere\u0107enja, kratkog spoja na izlazu, prenapona na izlazu i pregrijavanja.<\/p>\n<p style=\"color: rgb(34, 34, 34); font-family: Arial, Helvetica, sans-serif; font-size: small;\">Za dodatnu pogodnost, dostupna je opcijska 12\/24V LCD RDS 1562 daljinska plo\u010da s CAN-bus su\u010deljem za daljinsko pra\u0107enje statusa punjenja. Novi punja\u010di SBC NRG+ su kompaktniji i opremljeni priklju\u010dcima koji su jednostavni za kori\u0161tenje, \u010dime se instalacija \u010dini jednostavnom. S u\u010dinkom do 92%, ovi punja\u010di tro\u0161e manje energije, generiraju manje topline i pobolj\u0161avaju pouzdanost sustava.<\/p>\n<p style=\"color: rgb(34, 34, 34); font-family: Arial, Helvetica, sans-serif; font-size: small;\">Tehni\u010dki podaci:<\/p>\n<ul style=\"color: rgb(34, 34, 34); font-family: Arial, Helvetica, sans-serif; font-size: small;\">\n<li>Tip napajanja: Konstantna napetost<\/li>\n<li>Izvor svjetlosti: 1 x Power LED<\/li>\n<li>Napajanje: 10 do 30 V<\/li>\n<li>Potro\u0161nja energije: 4 W<\/li>\n<li>Potro\u0161nja struje: 0.17 A @ 24 V<\/li>\n<li>Prosje\u010dni vijek trajanja: 50.000 sati<\/li>\n<li>IP sigurnosna ocjena: 40<\/li>\n<li>Temperatura boje dnevnog svjetla: 3800 &#8211; 4100 \u00b0K<\/li>\n<li>Svjetlosni u\u010dinak: 186 lumena<\/li>\n<li>U\u010dinkovitost: 47 lumen\/Watt<\/li>\n<\/ul>\n<p style=\"color: rgb(34, 34, 34); font-family: Arial, Helvetica, sans-serif; font-size: small;\">Ovaj punja\u010d baterija je izvrstan izbor za entuzijaste \u010damaca koji tra\u017ee pouzdanost i u\u010dinkovitost u svojoj opremi.<\/p>\n","protected":false},"excerpt":{"rendered":"<p>Punja\u010d Quick SBC 950 NRG+ 24v 40 ampera &#8211; Predstavljamo punja\u010d baterija Quick SBC 950 NRG+ 24V 40Amp. Ovaj visoko<\/p>\n","protected":false},"featured_media":5945453,"comment_status":"open","ping_status":"closed","template":"","meta":[],"product_brand":[3281],"product_cat":[1737],"product_tag":[],"class_list":{"0":"post-743661","1":"product","2":"type-product","3":"status-publish","4":"has-post-thumbnail","6":"product_brand-quick-hr","7":"product_cat-punjaci-baterija","9":"first","10":"instock","11":"shipping-taxable","12":"purchasable","13":"product-type-simple"},"_links":{"self":[{"href":"https:\/\/stoic-curie.212-227-153-4.plesk.page\/hr\/wp-json\/wp\/v2\/product\/743661","targetHints":{"allow":["GET"]}}],"collection":[{"href":"https:\/\/stoic-curie.212-227-153-4.plesk.page\/hr\/wp-json\/wp\/v2\/product"}],"about":[{"href":"https:\/\/stoic-curie.212-227-153-4.plesk.page\/hr\/wp-json\/wp\/v2\/types\/product"}],"replies":[{"embeddable":true,"href":"https:\/\/stoic-curie.212-227-153-4.plesk.page\/hr\/wp-json\/wp\/v2\/comments?post=743661"}],"version-history":[{"count":0,"href":"https:\/\/stoic-curie.212-227-153-4.plesk.page\/hr\/wp-json\/wp\/v2\/product\/743661\/revisions"}],"wp:featuredmedia":[{"embeddable":true,"href":"https:\/\/stoic-curie.212-227-153-4.plesk.page\/hr\/wp-json\/wp\/v2\/media\/5945453"}],"wp:attachment":[{"href":"https:\/\/stoic-curie.212-227-153-4.plesk.page\/hr\/wp-json\/wp\/v2\/media?parent=743661"}],"wp:term":[{"taxonomy":"product_brand","embeddable":true,"href":"https:\/\/stoic-curie.212-227-153-4.plesk.page\/hr\/wp-json\/wp\/v2\/product_brand?post=743661"},{"taxonomy":"product_cat","embeddable":true,"href":"https:\/\/stoic-curie.212-227-153-4.plesk.page\/hr\/wp-json\/wp\/v2\/product_cat?post=743661"},{"taxonomy":"product_tag","embeddable":true,"href":"https:\/\/stoic-curie.212-227-153-4.plesk.page\/hr\/wp-json\/wp\/v2\/product_tag?post=743661"}],"curies":[{"name":"wp","href":"https:\/\/api.w.org\/{rel}","templated":true}]}}