{"id":743662,"date":"2025-03-03T18:39:09","date_gmt":"2025-03-03T17:39:09","guid":{"rendered":"https:\/\/stoic-curie.212-227-153-4.plesk.page\/producto\/punjac-quick-sbc-1200-nrg-12v-100ampera\/"},"modified":"2026-02-25T00:01:10","modified_gmt":"2026-02-25T00:01:10","slug":"punjac-quick-sbc-1200-nrg-12v-100ampera","status":"publish","type":"product","link":"https:\/\/stoic-curie.212-227-153-4.plesk.page\/hr\/product\/punjac-quick-sbc-1200-nrg-12v-100ampera\/","title":{"rendered":"Punja\u010d Quick SBC 1200 NRG+ 12v 100ampera"},"content":{"rendered":"<p>Punja\u010d Quick SBC 1200 NRG+ 12v 100ampera &#8211; <\/p>\n<p style=\"color: rgb(34, 34, 34); font-family: Arial, Helvetica, sans-serif; font-size: small;\"><strong>SBC NRG+ 1200<\/strong><strong>\u00a0Visokoefikasni Punja\u010di Baterija<\/strong><\/p>\n<p style=\"color: rgb(34, 34, 34); font-family: Arial, Helvetica, sans-serif; font-size: small;\">Predstavljamo\u00a0\u00a0<strong>SBC NRG+ 1200<\/strong>\u00a0Visokou\u010dinkovite punja\u010de baterija, dizajnirane za optimalnu u\u010dinkovitost s trofaznim IUoU postupkom punjenja. Ovi punja\u010di imaju indikatore LED statusa i gre\u0161ke, zajedno s CAN bus su\u010deljem za neometani prijenos podataka. Inovativni unutarnji MOSFET separator za punjenje omogu\u0107ava diferencirano punjenje, prilago\u0111avaju\u0107i se otvorenim, zatvorenim, GEL ili AGM baterijama.<\/p>\n<p style=\"color: rgb(34, 34, 34); font-family: Arial, Helvetica, sans-serif; font-size: small;\">Jedna od istaknutih zna\u010dajki SBC NRG+ je njezina sposobnost da isporu\u010di punu izlaznu snagu \u010dak i pri niskim naponskim napajanjima. Osim toga, mo\u017ee funkcionirati kao izvor napajanja bez potrebe za baterijama. Punja\u010d je kompatibilan s raznim generatorima i uklju\u010duje univerzalni AC ulaz s korisni\u010dki prijateljskim konektorima.<\/p>\n<p style=\"color: rgb(34, 34, 34); font-family: Arial, Helvetica, sans-serif; font-size: small;\">Sigurnost je najva\u017enija, a SBC NRG+ opremljen je za\u0161titama protiv obrnute polariteta, preoptere\u0107enja, kratkog spoja, prenapona na izlazu i pregrijavanja. Za pobolj\u0161ano nadgledanje, opcionalna 12\/24V LCD RDS 1562 daljinska upravlja\u010dka plo\u010da s CAN bus su\u010deljem je dostupna, omogu\u0107uju\u0107i korisnicima daljinsko pra\u0107enje statusa punjenja.<\/p>\n<p style=\"color: rgb(34, 34, 34); font-family: Arial, Helvetica, sans-serif; font-size: small;\"><strong>Klju\u010dne Zna\u010dajke:<\/strong><\/p>\n<ul style=\"color: rgb(34, 34, 34); font-family: Arial, Helvetica, sans-serif; font-size: small;\">\n<li>Trofazno IUoU punjenje baterije<\/li>\n<li>Visoka u\u010dinkovitost<\/li>\n<li>Diferencirano punjenje za razli\u010dite vrste baterija: otvoreni teku\u0107i elektrolit, zatvoreni teku\u0107i elektrolit, GEL ili AGM<\/li>\n<li>Korisni\u010dki prijateljski sustav izlaznog priklju\u010dka<\/li>\n<li>Kompaktna i lagana konstrukcija<\/li>\n<\/ul>\n<p style=\"color: rgb(34, 34, 34); font-family: Arial, Helvetica, sans-serif; font-size: small;\"><strong>Specifikacije za SBC NRG+ 1200:<\/strong><\/p>\n<ul style=\"color: rgb(34, 34, 34); font-family: Arial, Helvetica, sans-serif; font-size: small;\">\n<li><strong>Napon baterije:<\/strong>\u00a012 V<\/li>\n<li><strong>Maksimalna izlazna struja:<\/strong>\u00a0100 A<\/li>\n<li><strong>Napon apsorpcije:<\/strong>\n<ul>\n<li>14.1 V (Otvoreni Teku\u0107i)<\/li>\n<li>14.4 V (Zatvoreni\/GEL\/AGM)<\/li>\n<li>14.7 V (Optima)<\/li>\n<li>14.2 V (Li-ion)<\/li>\n<\/ul>\n<\/li>\n<li><strong>Napon plutanja:<\/strong>\n<ul>\n<li>13.4 V (Otvoreni Teku\u0107i)<\/li>\n<li>13.6 V (AGM)<\/li>\n<li>13.8 V (Zatvoreni\/GEL\/Optima)<\/li>\n<li>13.5 V (Li-ion)<\/li>\n<\/ul>\n<\/li>\n<li><strong>Kapacitet baterijske banke:<\/strong>\u00a0270 A.h do 600 A.h<\/li>\n<li><strong>Broj izlaza:<\/strong>\u00a03<\/li>\n<li><strong>Naponski ulaz:<\/strong>\u00a083 V do 264 V<\/li>\n<li><strong>Frekvencija:<\/strong>\u00a045 Hz do 66 Hz<\/li>\n<li><strong>Hla\u0111enje:<\/strong>\u00a0Prisilno sa variable brzinom ventilatora<\/li>\n<li><strong>Dimenzije (\u0160xHxD):<\/strong>\u00a0170 x 481 x 82 mm<\/li>\n<li><strong>Te\u017eina:<\/strong>\u00a03.1 kg<\/li>\n<\/ul>\n<p style=\"color: rgb(34, 34, 34); font-family: Arial, Helvetica, sans-serif; font-size: small;\">SBC NRG+ Visokoefikasni punja\u010di baterija su izvrstan izbor za vlasnike brodova koji tra\u017ee pouzdana, visokokvalitetna rje\u0161enja za punjenje. Sa svojim naprednim zna\u010dajkama i robusnim sigurnosnim mjerama, ovi punja\u010di osiguravaju da se va\u0161e baterije odr\u017eavaju u\u010dinkovito i efikasno.<\/p>\n","protected":false},"excerpt":{"rendered":"<p>Punja\u010d Quick SBC 1200 NRG+ 12v 100ampera &#8211; SBC NRG+ 1200\u00a0Visokoefikasni Punja\u010di Baterija Predstavljamo\u00a0\u00a0SBC NRG+ 1200\u00a0Visokou\u010dinkovite punja\u010de baterija, dizajnirane za<\/p>\n","protected":false},"featured_media":5945457,"comment_status":"open","ping_status":"closed","template":"","meta":[],"product_brand":[3281],"product_cat":[1737],"product_tag":[],"class_list":{"0":"post-743662","1":"product","2":"type-product","3":"status-publish","4":"has-post-thumbnail","6":"product_brand-quick-hr","7":"product_cat-punjaci-baterija","9":"first","10":"instock","11":"shipping-taxable","12":"purchasable","13":"product-type-simple"},"_links":{"self":[{"href":"https:\/\/stoic-curie.212-227-153-4.plesk.page\/hr\/wp-json\/wp\/v2\/product\/743662","targetHints":{"allow":["GET"]}}],"collection":[{"href":"https:\/\/stoic-curie.212-227-153-4.plesk.page\/hr\/wp-json\/wp\/v2\/product"}],"about":[{"href":"https:\/\/stoic-curie.212-227-153-4.plesk.page\/hr\/wp-json\/wp\/v2\/types\/product"}],"replies":[{"embeddable":true,"href":"https:\/\/stoic-curie.212-227-153-4.plesk.page\/hr\/wp-json\/wp\/v2\/comments?post=743662"}],"version-history":[{"count":0,"href":"https:\/\/stoic-curie.212-227-153-4.plesk.page\/hr\/wp-json\/wp\/v2\/product\/743662\/revisions"}],"wp:featuredmedia":[{"embeddable":true,"href":"https:\/\/stoic-curie.212-227-153-4.plesk.page\/hr\/wp-json\/wp\/v2\/media\/5945457"}],"wp:attachment":[{"href":"https:\/\/stoic-curie.212-227-153-4.plesk.page\/hr\/wp-json\/wp\/v2\/media?parent=743662"}],"wp:term":[{"taxonomy":"product_brand","embeddable":true,"href":"https:\/\/stoic-curie.212-227-153-4.plesk.page\/hr\/wp-json\/wp\/v2\/product_brand?post=743662"},{"taxonomy":"product_cat","embeddable":true,"href":"https:\/\/stoic-curie.212-227-153-4.plesk.page\/hr\/wp-json\/wp\/v2\/product_cat?post=743662"},{"taxonomy":"product_tag","embeddable":true,"href":"https:\/\/stoic-curie.212-227-153-4.plesk.page\/hr\/wp-json\/wp\/v2\/product_tag?post=743662"}],"curies":[{"name":"wp","href":"https:\/\/api.w.org\/{rel}","templated":true}]}}