{"id":743663,"date":"2025-03-03T18:39:10","date_gmt":"2025-03-03T17:39:10","guid":{"rendered":"https:\/\/stoic-curie.212-227-153-4.plesk.page\/producto\/punjac-quick-sbc-1450-nrg-24v-60-ampera\/"},"modified":"2026-02-25T00:01:10","modified_gmt":"2026-02-25T00:01:10","slug":"punjac-quick-sbc-1450-nrg-24v-60-ampera","status":"publish","type":"product","link":"https:\/\/stoic-curie.212-227-153-4.plesk.page\/hr\/product\/punjac-quick-sbc-1450-nrg-24v-60-ampera\/","title":{"rendered":"Punja\u010d Quick SBC 1450 NRG+ 24v 60 ampera"},"content":{"rendered":"<p>Punja\u010d Quick SBC 1450 NRG+ 24v 60 ampera &#8211; <\/p>\n<p style=\"color: rgb(34, 34, 34); font-family: Arial, Helvetica, sans-serif; font-size: small;\"><strong>Punja\u010di za Baterije: SBC NRG+ 1450<\/strong><\/p>\n<p style=\"color: rgb(34, 34, 34); font-family: Arial, Helvetica, sans-serif; font-size: small;\">Predstavljamo SBC NRG+ 1450, punja\u010d baterija visoke u\u010dinkovitosti dizajniran za optimalne performanse. Ovaj punja\u010d koristi tromjese\u010dni IUoU proces punjenja, osiguravaju\u0107i da va\u0161e baterije dobiju preciznu njegu koju trebaju. Ima LED indikatore trenutnog statusa i gre\u0161aka, zajedno s CAN bus su\u010deljem za neometan prijenos podataka.<\/p>\n<p style=\"color: rgb(34, 34, 34); font-family: Arial, Helvetica, sans-serif; font-size: small;\">SBC NRG+ 1450 opremljen je unutarnjim MOSFET separatorom punjenja, koji omogu\u0107ava diferencirano punjenje razli\u010ditih tipova baterija, uklju\u010duju\u0107i otvorene, zatvorene, GEL i AGM baterije. Mo\u017ee pru\u017eiti punu izlaznu snagu \u010dak i na niskim naponskim napajanjima i mo\u017ee funkcionirati kao napajanje bez potrebe za baterijama. Ovaj punja\u010d je kompatibilan sa svim vrstama generatora i ima univerzalni AC ulaz napajanja s korisni\u010dki prijateljskim konektorima.<\/p>\n<p style=\"color: rgb(34, 34, 34); font-family: Arial, Helvetica, sans-serif; font-size: small;\">Sigurnost je najva\u017enija, a SBC NRG+ 1450 uklju\u010duje za\u0161titu od obrnutog polariteta, preoptere\u0107enja, kratkog spoja na izlazu, prekomjernog napona na izlazu i pregrijavanja. Osim toga, dostupan je opcijski 12\/24V LCD RDS 1562 daljinski panel s CAN bus su\u010deljem za daljinsko pra\u0107enje statusa punjenja.<\/p>\n<p style=\"color: rgb(34, 34, 34); font-family: Arial, Helvetica, sans-serif; font-size: small;\"><strong>Glavne Zna\u010dajke:<\/strong><\/p>\n<ul style=\"color: rgb(34, 34, 34); font-family: Arial, Helvetica, sans-serif; font-size: small;\">\n<li>Tromjese\u010dna IUoU punjenja<\/li>\n<li>Visoka u\u010dinkovitost<\/li>\n<li>Diferencirano punjenje za otvorene teku\u0107e elektrolitske baterije, zatvorene teku\u0107e elektrolite, GEL ili AGM baterije<\/li>\n<li>Jednostavan i prakti\u010dan izlazni sustav povezivanja<\/li>\n<li>Kompaktna i lagana konstrukcija<\/li>\n<\/ul>\n<p style=\"color: rgb(34, 34, 34); font-family: Arial, Helvetica, sans-serif; font-size: small;\"><strong>Specifikacije:<\/strong><\/p>\n<ul style=\"color: rgb(34, 34, 34); font-family: Arial, Helvetica, sans-serif; font-size: small;\">\n<li>Napon baterije: 24 V<\/li>\n<li>Maksimalna izlazna struja: 60 A<\/li>\n<li>Naponska apsorpcija: 28,2 V (28,8 V za GEL)<\/li>\n<li>Flotacijski napon: 26,8 V (27,6 V za GEL)<\/li>\n<li>Kapacitet baterijskog skladi\u0161ta: 270 A.h do 600 A.h<\/li>\n<li>Broj izlaza: 3<\/li>\n<li>Napon ulaza: 161 V do 264 V<\/li>\n<li>Frekvencija: 45 Hz do 66 Hz<\/li>\n<li>Hla\u0111enje: Prisilno s promjenjivom brzinom ventilatora<\/li>\n<li>Dimenzije (\u0160xVxD): 170 x 481 x 82 mm<\/li>\n<li>Te\u017eina: 4.2 kg<\/li>\n<\/ul>\n<p style=\"color: rgb(34, 34, 34); font-family: Arial, Helvetica, sans-serif; font-size: small;\">SBC NRG+ 1450 je izvrstan izbor za vlasnike \u010damaca koji tra\u017ee pouzdano i u\u010dinkovito rje\u0161enje za punjenje baterija.<\/p>\n","protected":false},"excerpt":{"rendered":"<p>Punja\u010d Quick SBC 1450 NRG+ 24v 60 ampera &#8211; Punja\u010di za Baterije: SBC NRG+ 1450 Predstavljamo SBC NRG+ 1450, punja\u010d<\/p>\n","protected":false},"featured_media":5945457,"comment_status":"open","ping_status":"closed","template":"","meta":[],"product_brand":[3281],"product_cat":[1737],"product_tag":[],"class_list":{"0":"post-743663","1":"product","2":"type-product","3":"status-publish","4":"has-post-thumbnail","6":"product_brand-quick-hr","7":"product_cat-punjaci-baterija","9":"first","10":"instock","11":"shipping-taxable","12":"purchasable","13":"product-type-simple"},"_links":{"self":[{"href":"https:\/\/stoic-curie.212-227-153-4.plesk.page\/hr\/wp-json\/wp\/v2\/product\/743663","targetHints":{"allow":["GET"]}}],"collection":[{"href":"https:\/\/stoic-curie.212-227-153-4.plesk.page\/hr\/wp-json\/wp\/v2\/product"}],"about":[{"href":"https:\/\/stoic-curie.212-227-153-4.plesk.page\/hr\/wp-json\/wp\/v2\/types\/product"}],"replies":[{"embeddable":true,"href":"https:\/\/stoic-curie.212-227-153-4.plesk.page\/hr\/wp-json\/wp\/v2\/comments?post=743663"}],"version-history":[{"count":0,"href":"https:\/\/stoic-curie.212-227-153-4.plesk.page\/hr\/wp-json\/wp\/v2\/product\/743663\/revisions"}],"wp:featuredmedia":[{"embeddable":true,"href":"https:\/\/stoic-curie.212-227-153-4.plesk.page\/hr\/wp-json\/wp\/v2\/media\/5945457"}],"wp:attachment":[{"href":"https:\/\/stoic-curie.212-227-153-4.plesk.page\/hr\/wp-json\/wp\/v2\/media?parent=743663"}],"wp:term":[{"taxonomy":"product_brand","embeddable":true,"href":"https:\/\/stoic-curie.212-227-153-4.plesk.page\/hr\/wp-json\/wp\/v2\/product_brand?post=743663"},{"taxonomy":"product_cat","embeddable":true,"href":"https:\/\/stoic-curie.212-227-153-4.plesk.page\/hr\/wp-json\/wp\/v2\/product_cat?post=743663"},{"taxonomy":"product_tag","embeddable":true,"href":"https:\/\/stoic-curie.212-227-153-4.plesk.page\/hr\/wp-json\/wp\/v2\/product_tag?post=743663"}],"curies":[{"name":"wp","href":"https:\/\/api.w.org\/{rel}","templated":true}]}}