{"id":743664,"date":"2025-03-03T18:39:10","date_gmt":"2025-03-03T17:39:10","guid":{"rendered":"https:\/\/stoic-curie.212-227-153-4.plesk.page\/producto\/punjac-quick-sbc-1950-nrg-24v-80-ampera\/"},"modified":"2026-02-25T00:01:10","modified_gmt":"2026-02-25T00:01:10","slug":"punjac-quick-sbc-1950-nrg-24v-80-ampera","status":"publish","type":"product","link":"https:\/\/stoic-curie.212-227-153-4.plesk.page\/hr\/product\/punjac-quick-sbc-1950-nrg-24v-80-ampera\/","title":{"rendered":"Punja\u010d Quick SBC 1950 NRG+ 24v 80 ampera"},"content":{"rendered":"<p>Punja\u010d Quick SBC 1950 NRG+ 24v 80 ampera &#8211; <\/p>\n<p style=\"color: rgb(34, 34, 34); font-family: Arial, Helvetica, sans-serif; font-size: small;\">U\u017eivamo predstaviti SBC NRG+ Hi Power punja\u010de baterija, dizajnirane za izvanrednu u\u010dinkovitost kroz napredni trofazni IUoU sustav punjenja baterija. Ovi punja\u010di opremljeni su LED indikatorima koji prikazuju trenutni status i eventualne gre\u0161ke, kao i CAN-bus su\u010deljem koje olak\u0161ava glatku komunikaciju podataka. Unutarnji MOSFET separator za punjenje omogu\u0107uje prilagodbu punjenja raznim vrstama baterija, uklju\u010duju\u0107i otvorene, zatvorene, GEL i AGM baterije. Va\u017eno je napomenuti da ovi punja\u010di mogu osigurati punu izlaznu snagu \u010dak i kada su naponske napajanja niske i mogu raditi kao napajanje neovisno o baterijama.<\/p>\n<p style=\"color: rgb(34, 34, 34); font-family: Arial, Helvetica, sans-serif; font-size: small;\">SBC NRG+ punja\u010di dizajnirani su da budu kompatibilni sa svim vrstama generatora i imaju univerzalni ulaz napajanja izmjeni\u010dne struje zajedno s korisni\u010dki prihvatljivim konektorima. Tako\u0111er su opremljeni vi\u0161estrukim sigurnosnim zna\u010dajkama, uklju\u010duju\u0107i za\u0161titu od obrnute polariteta, preoptere\u0107enja, kratkog spoja, prenapona i pregrijavanja. Osim toga, dostupna je opcionalna 12\/24V LCD RDS 1562 daljinska plo\u010da s CAN bus su\u010deljem za one koji \u017eele daljinski nadzirati status punjenja.<\/p>\n<p style=\"color: rgb(34, 34, 34); font-family: Arial, Helvetica, sans-serif; font-size: small;\">Klju\u010dne zna\u010dajke:<\/p>\n<ul style=\"color: rgb(34, 34, 34); font-family: Arial, Helvetica, sans-serif; font-size: small;\">\n<li>Trofazni IUoU sustav punjenja baterija za optimalne performanse.<\/li>\n<li>Visoka u\u010dinkovitost i razlikovane mogu\u0107nosti punjenja za razne vrste baterija, uklju\u010duju\u0107i otvorene teku\u0107e elektrolite, zatvorene teku\u0107e elektrolite, GEL i AGM baterije.<\/li>\n<li>Korisni\u010dki prijazan sustav izlaznih veza.<\/li>\n<li>Kompaktna i lagana konstrukcija za jednostavnu instalaciju.<\/li>\n<\/ul>\n<p style=\"color: rgb(34, 34, 34); font-family: Arial, Helvetica, sans-serif; font-size: small;\">Specifikacije za SBC NRG+ 1950:<\/p>\n<ul style=\"color: rgb(34, 34, 34); font-family: Arial, Helvetica, sans-serif; font-size: small;\">\n<li>Napon baterije: 24 V<\/li>\n<li>Maksimalna izlazna struja: 80 A<\/li>\n<li>Napon apsorpcije: 28,2 V (28,8 V za GEL)<\/li>\n<li>Napon floating: 26,8 V (27,6 V za GEL)<\/li>\n<li>Kapacitet baterijskog banke: 360 A.h do 800 A.h<\/li>\n<li>Broj izlaza: 3<\/li>\n<li>Ulazni napon: 161 V do 264 V<\/li>\n<li>Frekvencija: 45 Hz do 66 Hz<\/li>\n<li>Hla\u0111enje: Tjerana zrak s promjenjivom brzinom ventilatora<\/li>\n<li>Dimenzije (\u0160xVxD): 170 x 481 x 82 mm<\/li>\n<li>Te\u017eina: 4,2 kg<\/li>\n<\/ul>\n<p style=\"color: rgb(34, 34, 34); font-family: Arial, Helvetica, sans-serif; font-size: small;\">Ovaj detaljan pregled SBC NRG+ Hi Power punja\u010da baterija isti\u010de njihove sofisticirane zna\u010dajke i specifikacije, omogu\u0107uju\u0107i vlasnicima plovila da donesu dobro informirane odluke prilikom odabira pouzdane opreme za svoje potrebe.<\/p>\n","protected":false},"excerpt":{"rendered":"<p>Punja\u010d Quick SBC 1950 NRG+ 24v 80 ampera &#8211; U\u017eivamo predstaviti SBC NRG+ Hi Power punja\u010de baterija, dizajnirane za izvanrednu<\/p>\n","protected":false},"featured_media":5945457,"comment_status":"open","ping_status":"closed","template":"","meta":[],"product_brand":[3281],"product_cat":[1737],"product_tag":[],"class_list":{"0":"post-743664","1":"product","2":"type-product","3":"status-publish","4":"has-post-thumbnail","6":"product_brand-quick-hr","7":"product_cat-punjaci-baterija","9":"first","10":"instock","11":"shipping-taxable","12":"purchasable","13":"product-type-simple"},"_links":{"self":[{"href":"https:\/\/stoic-curie.212-227-153-4.plesk.page\/hr\/wp-json\/wp\/v2\/product\/743664","targetHints":{"allow":["GET"]}}],"collection":[{"href":"https:\/\/stoic-curie.212-227-153-4.plesk.page\/hr\/wp-json\/wp\/v2\/product"}],"about":[{"href":"https:\/\/stoic-curie.212-227-153-4.plesk.page\/hr\/wp-json\/wp\/v2\/types\/product"}],"replies":[{"embeddable":true,"href":"https:\/\/stoic-curie.212-227-153-4.plesk.page\/hr\/wp-json\/wp\/v2\/comments?post=743664"}],"version-history":[{"count":0,"href":"https:\/\/stoic-curie.212-227-153-4.plesk.page\/hr\/wp-json\/wp\/v2\/product\/743664\/revisions"}],"wp:featuredmedia":[{"embeddable":true,"href":"https:\/\/stoic-curie.212-227-153-4.plesk.page\/hr\/wp-json\/wp\/v2\/media\/5945457"}],"wp:attachment":[{"href":"https:\/\/stoic-curie.212-227-153-4.plesk.page\/hr\/wp-json\/wp\/v2\/media?parent=743664"}],"wp:term":[{"taxonomy":"product_brand","embeddable":true,"href":"https:\/\/stoic-curie.212-227-153-4.plesk.page\/hr\/wp-json\/wp\/v2\/product_brand?post=743664"},{"taxonomy":"product_cat","embeddable":true,"href":"https:\/\/stoic-curie.212-227-153-4.plesk.page\/hr\/wp-json\/wp\/v2\/product_cat?post=743664"},{"taxonomy":"product_tag","embeddable":true,"href":"https:\/\/stoic-curie.212-227-153-4.plesk.page\/hr\/wp-json\/wp\/v2\/product_tag?post=743664"}],"curies":[{"name":"wp","href":"https:\/\/api.w.org\/{rel}","templated":true}]}}