{"id":743665,"date":"2025-03-03T18:39:11","date_gmt":"2025-03-03T17:39:11","guid":{"rendered":"https:\/\/stoic-curie.212-227-153-4.plesk.page\/producto\/punjac-quick-sbc-2450-nrg-24v-100-ampera\/"},"modified":"2026-02-25T00:01:10","modified_gmt":"2026-02-25T00:01:10","slug":"punjac-quick-sbc-2450-nrg-24v-100-ampera","status":"publish","type":"product","link":"https:\/\/stoic-curie.212-227-153-4.plesk.page\/hr\/product\/punjac-quick-sbc-2450-nrg-24v-100-ampera\/","title":{"rendered":"Punja\u010d Quick SBC 2450 NRG+ 24v 100 ampera"},"content":{"rendered":"<p>Punja\u010d Quick SBC 2450 NRG+ 24v 100 ampera &#8211; <\/p>\n<p style=\"color: rgb(34, 34, 34); font-family: Arial, Helvetica, sans-serif; font-size: small;\"><strong>Punja\u010di baterija: Quick SBC NRG+ 2450<\/strong><\/p>\n<p style=\"color: rgb(34, 34, 34); font-family: Arial, Helvetica, sans-serif; font-size: small;\">Predstavljamo SBC NRG+ Hi Power punja\u010de baterija, dizajnirane za visoku u\u010dinkovitost i opremljene trofaznim IUoU sustavom punjenja. Ovi punja\u010di imaju LED indikatore trenuta\u010dnog statusa i gre\u0161ke, zajedno s CAN bus su\u010deljem za nesmetani prijenos podataka. Interni MOSFET razdjelnik punjenja omogu\u0107uje diferencirano punjenje, \u0161to ga \u010dini pogodnim za otvorene, zatvorene, GEL ili AGM baterije.<\/p>\n<p style=\"color: rgb(34, 34, 34); font-family: Arial, Helvetica, sans-serif; font-size: small;\">Jedna od istaknutih zna\u010dajki SBC NRG+ 2450 je njegova sposobnost isporu\u010diti punu izlaznu snagu \u010dak i pri niskim naponskim razinama. Osim toga, mo\u017ee djelovati kao izvor napajanja bez potrebe za baterijama. Punja\u010d je kompatibilan s razli\u010ditim generatorima i uklju\u010duje univerzalni AC ulaz za napajanje s korisni\u010dki prijaznim konektorima.<\/p>\n<p style=\"color: rgb(34, 34, 34); font-family: Arial, Helvetica, sans-serif; font-size: small;\">Sigurnost je na prvom mjestu, a ovaj punja\u010d sadr\u017ei za\u0161titu od obrnute polariteta, preoptere\u0107enja, kratkog spoja na izlazu, prenapona na izlazu te pregrijavanja. Za dodatnu udobnost, dostupan je i opcionalni 12\/24V LCD RDS 1562 daljinski panel s CAN bus su\u010deljem, \u0161to vam omogu\u0107uje da daljinski nadzirete status punjenja.<\/p>\n<p style=\"color: rgb(34, 34, 34); font-family: Arial, Helvetica, sans-serif; font-size: small;\"><strong>Klju\u010dne zna\u010dajke:<\/strong><\/p>\n<ul style=\"color: rgb(34, 34, 34); font-family: Arial, Helvetica, sans-serif; font-size: small;\">\n<li>Trofasni IUoU sustav punjenja baterija<\/li>\n<li>Visoka u\u010dinkovitost<\/li>\n<li>Diferencirano punjenje za razli\u010dite tipove baterija: otvorene teku\u0107e elektrolite, zatvorene teku\u0107e elektrolite, GEL ili AGM<\/li>\n<li>Korisni\u010dki prijateljski sustav izlaznog spajanja<\/li>\n<li>Kompaktna i lagana konstrukcija<\/li>\n<\/ul>\n<p style=\"color: rgb(34, 34, 34); font-family: Arial, Helvetica, sans-serif; font-size: small;\"><strong>Specifikacije:<\/strong><\/p>\n<ul style=\"color: rgb(34, 34, 34); font-family: Arial, Helvetica, sans-serif; font-size: small;\">\n<li>Model: SBC NRG+ 2450<\/li>\n<li>Napon baterije: 24 V<\/li>\n<li>Maksimalna izlazna struja: 100 A<\/li>\n<li>Napon apsorpcije: 28,2 V (28,8 V za GEL)<\/li>\n<li>Float napon: 26,8 V (27,6 V za GEL)<\/li>\n<li>Kapacitet baterijskog banke: 450 A.h do 1000 A.h<\/li>\n<li>Broj izlaza: 3<\/li>\n<li>Napon ulaza: 161 V do 264 V<\/li>\n<li>Frekvencija: 45 Hz do 66 Hz<\/li>\n<li>Hla\u0111enje: Prisilno sa promjenljivom brzinom ventilatora<\/li>\n<li>Dimenzije (\u0160xVxD): 170 x 481 x 82 mm<\/li>\n<li>Te\u017eina: 4,2 kg<\/li>\n<\/ul>\n<p style=\"color: rgb(34, 34, 34); font-family: Arial, Helvetica, sans-serif; font-size: small;\">SBC NRG+ 2450 je odli\u010dan izbor za vlasnike \u010damaca koji tra\u017ee pouzdano i u\u010dinkovito rje\u0161enje za punjenje baterija.<\/p>\n","protected":false},"excerpt":{"rendered":"<p>Punja\u010d Quick SBC 2450 NRG+ 24v 100 ampera &#8211; Punja\u010di baterija: Quick SBC NRG+ 2450 Predstavljamo SBC NRG+ Hi Power<\/p>\n","protected":false},"featured_media":5945457,"comment_status":"open","ping_status":"closed","template":"","meta":[],"product_brand":[3281],"product_cat":[1737],"product_tag":[],"class_list":{"0":"post-743665","1":"product","2":"type-product","3":"status-publish","4":"has-post-thumbnail","6":"product_brand-quick-hr","7":"product_cat-punjaci-baterija","9":"first","10":"instock","11":"shipping-taxable","12":"purchasable","13":"product-type-simple"},"_links":{"self":[{"href":"https:\/\/stoic-curie.212-227-153-4.plesk.page\/hr\/wp-json\/wp\/v2\/product\/743665","targetHints":{"allow":["GET"]}}],"collection":[{"href":"https:\/\/stoic-curie.212-227-153-4.plesk.page\/hr\/wp-json\/wp\/v2\/product"}],"about":[{"href":"https:\/\/stoic-curie.212-227-153-4.plesk.page\/hr\/wp-json\/wp\/v2\/types\/product"}],"replies":[{"embeddable":true,"href":"https:\/\/stoic-curie.212-227-153-4.plesk.page\/hr\/wp-json\/wp\/v2\/comments?post=743665"}],"version-history":[{"count":0,"href":"https:\/\/stoic-curie.212-227-153-4.plesk.page\/hr\/wp-json\/wp\/v2\/product\/743665\/revisions"}],"wp:featuredmedia":[{"embeddable":true,"href":"https:\/\/stoic-curie.212-227-153-4.plesk.page\/hr\/wp-json\/wp\/v2\/media\/5945457"}],"wp:attachment":[{"href":"https:\/\/stoic-curie.212-227-153-4.plesk.page\/hr\/wp-json\/wp\/v2\/media?parent=743665"}],"wp:term":[{"taxonomy":"product_brand","embeddable":true,"href":"https:\/\/stoic-curie.212-227-153-4.plesk.page\/hr\/wp-json\/wp\/v2\/product_brand?post=743665"},{"taxonomy":"product_cat","embeddable":true,"href":"https:\/\/stoic-curie.212-227-153-4.plesk.page\/hr\/wp-json\/wp\/v2\/product_cat?post=743665"},{"taxonomy":"product_tag","embeddable":true,"href":"https:\/\/stoic-curie.212-227-153-4.plesk.page\/hr\/wp-json\/wp\/v2\/product_tag?post=743665"}],"curies":[{"name":"wp","href":"https:\/\/api.w.org\/{rel}","templated":true}]}}