{"id":743666,"date":"2025-03-03T18:39:11","date_gmt":"2025-03-03T17:39:11","guid":{"rendered":"https:\/\/stoic-curie.212-227-153-4.plesk.page\/producto\/digitalna-ploca-s-10-prekidaca-osjetljivog-na-dodir-91-x-h75-mm\/"},"modified":"2026-02-25T00:01:10","modified_gmt":"2026-02-25T00:01:10","slug":"digitalna-ploca-s-10-prekidaca-osjetljivog-na-dodir-91-x-h75-mm","status":"publish","type":"product","link":"https:\/\/stoic-curie.212-227-153-4.plesk.page\/hr\/product\/digitalna-ploca-s-10-prekidaca-osjetljivog-na-dodir-91-x-h75-mm\/","title":{"rendered":"Digitalna ploca s 10 prekidaca osjetljivog na dodir 91 x H75 mm"},"content":{"rendered":"<p>Digitalna ploca s 10 prekidaca osjetljivog na dodir 91 x H75 mm &#8211; <\/p>\n<p>IP67 vodootporni digitalni kompaktni panel za 12\/24V. Uklju\u010duje PET prekida\u010d s pozadinskim osvjetljenjem i dodirnim prekida\u010dima opremljenim LED pilot lampama, 1 metar spojnog kabela i 60 prethodno otisnutih oznaka. Opremljen je ugra\u0111enim resetabilnim osigura\u010dima koji slu\u017ee kao prekida\u010di. Svi gumbi se mogu postaviti na (Uklju\u010deno)-Isklju\u010deno za sirenu.<\/p>\n","protected":false},"excerpt":{"rendered":"<p>Digitalna ploca s 10 prekidaca osjetljivog na dodir 91 x H75 mm &#8211; IP67 vodootporni digitalni kompaktni panel za 12\/24V.<\/p>\n","protected":false},"featured_media":5945471,"comment_status":"open","ping_status":"closed","template":"","meta":[],"product_brand":[2831],"product_cat":[1746],"product_tag":[],"class_list":{"0":"post-743666","1":"product","2":"type-product","3":"status-publish","4":"has-post-thumbnail","6":"product_brand-blue-sea-systems-hr","7":"product_cat-elektricne-ploce-prekidaca","9":"first","10":"instock","11":"shipping-taxable","12":"purchasable","13":"product-type-simple"},"_links":{"self":[{"href":"https:\/\/stoic-curie.212-227-153-4.plesk.page\/hr\/wp-json\/wp\/v2\/product\/743666","targetHints":{"allow":["GET"]}}],"collection":[{"href":"https:\/\/stoic-curie.212-227-153-4.plesk.page\/hr\/wp-json\/wp\/v2\/product"}],"about":[{"href":"https:\/\/stoic-curie.212-227-153-4.plesk.page\/hr\/wp-json\/wp\/v2\/types\/product"}],"replies":[{"embeddable":true,"href":"https:\/\/stoic-curie.212-227-153-4.plesk.page\/hr\/wp-json\/wp\/v2\/comments?post=743666"}],"version-history":[{"count":0,"href":"https:\/\/stoic-curie.212-227-153-4.plesk.page\/hr\/wp-json\/wp\/v2\/product\/743666\/revisions"}],"wp:featuredmedia":[{"embeddable":true,"href":"https:\/\/stoic-curie.212-227-153-4.plesk.page\/hr\/wp-json\/wp\/v2\/media\/5945471"}],"wp:attachment":[{"href":"https:\/\/stoic-curie.212-227-153-4.plesk.page\/hr\/wp-json\/wp\/v2\/media?parent=743666"}],"wp:term":[{"taxonomy":"product_brand","embeddable":true,"href":"https:\/\/stoic-curie.212-227-153-4.plesk.page\/hr\/wp-json\/wp\/v2\/product_brand?post=743666"},{"taxonomy":"product_cat","embeddable":true,"href":"https:\/\/stoic-curie.212-227-153-4.plesk.page\/hr\/wp-json\/wp\/v2\/product_cat?post=743666"},{"taxonomy":"product_tag","embeddable":true,"href":"https:\/\/stoic-curie.212-227-153-4.plesk.page\/hr\/wp-json\/wp\/v2\/product_tag?post=743666"}],"curies":[{"name":"wp","href":"https:\/\/api.w.org\/{rel}","templated":true}]}}