{"id":743669,"date":"2025-03-03T18:39:13","date_gmt":"2025-03-03T17:39:13","guid":{"rendered":"https:\/\/stoic-curie.212-227-153-4.plesk.page\/producto\/led-zarulja-dhr-14053-4-12-24v\/"},"modified":"2026-02-25T00:01:10","modified_gmt":"2026-02-25T00:01:10","slug":"led-zarulja-dhr-14053-4-12-24v","status":"publish","type":"product","link":"https:\/\/stoic-curie.212-227-153-4.plesk.page\/hr\/product\/led-zarulja-dhr-14053-4-12-24v\/","title":{"rendered":"Rezervna LED \u017earulja za DHR 150"},"content":{"rendered":"<p>Rezervna LED \u017earulja za DHR 150 &#8211; <\/p>\n<p>Rezervna LED \u017earulja za DHR 150. DHR150-serija reflektora je bezvremenska oprema koja se cijeni u svijetu rekreativnog plovitbe otkako je prvi puta predstavljena 1960-ih. S razvojem LED tehnologije, DHR je predstavio PAR46 LED zamjensku \u017earulju za seriju 150, koja ne zahtijeva posebne izmjene za instalaciju. Mo\u017eete lako spojiti postoje\u0107e o\u017ei\u010denje na LED umetanje bez potrebe za dodatnim alatom.<\/p>\n<p>Ova LED zamjena se mo\u017ee pohvaliti impresivnom svjetlosnom ja\u010dinom od 200,000 Candela uz potro\u0161nju od samo 10 vata, \u0161to nadilazi performanse tradicionalnih incandescentskih \u017earulja koje tro\u0161e izme\u0111u 100-250 vata. Funkcionira u\u010dinkovito unutar naponskog raspona od 10-32 VDC. DHR je tako\u0111er razvio jedinstveni opti\u010dki sustav koji proizvodi jasan, koncentri\u010dan snop svjetlosti uz smanjenje rasipnog svjetla. Uski snop postavlja 150LED zamjenu kao jedan od najboljih kompaktnih pomorskih reflektora u svojoj kategoriji.<\/p>\n<p><strong>Direktne zamjene za sljede\u0107e GE zatvorene \u017earulje:<\/strong><\/p>\n<ul>\n<li>PAR46 Sealed Beam GE4537-2<\/li>\n<li>PAR46 Sealed Beam GE4553<\/li>\n<\/ul>\n<p><strong>Materijali:<\/strong><\/p>\n<ul>\n<li>Ku\u0107i\u0161te od nehr\u0111aju\u0107eg \u010delika 316L<\/li>\n<li>Sve ostale komponente su otporne na koroziju i nemagnetne<\/li>\n<\/ul>\n<p><strong>Te\u017eina:<\/strong><\/p>\n<ul>\n<li>1.00 kg<\/li>\n<\/ul>\n<p><strong>Primjena:<\/strong><\/p>\n<ul>\n<li>Pogodno za DHR150 seriju reflektora.<\/li>\n<\/ul>\n<p><strong>Optika:<\/strong><\/p>\n<ul>\n<li>LED umetanje<\/li>\n<\/ul>\n<p><strong>Klasa za\u0161tite:<\/strong><\/p>\n<ul>\n<li>IP66<\/li>\n<\/ul>\n<p><strong>Tehni\u010dki podaci:<\/strong><\/p>\n<ul>\n<li><strong>Model:<\/strong> LED umetanje<\/li>\n<li><strong>Napon:<\/strong> 10-32 VDC<\/li>\n<li><strong>Osnova \u017earulje:<\/strong> Klik-terminal<\/li>\n<li><strong>Snaga:<\/strong> 10W<\/li>\n<li><strong>Domet pri 1 Lux:<\/strong> 447m<\/li>\n<li><strong>Divergencija pri 50%:<\/strong> 3,5\u00b0 x 2,5\u00b0<\/li>\n<li><strong>Svjetlosna intenzivnost:<\/strong> 200,000 cd<\/li>\n<li><strong>Kod artikla:<\/strong> 150LED-INSERT<\/li>\n<\/ul>\n","protected":false},"excerpt":{"rendered":"<p>Rezervna LED \u017earulja za DHR 150 &#8211; Rezervna LED \u017earulja za DHR 150. DHR150-serija reflektora je bezvremenska oprema koja se<\/p>\n","protected":false},"featured_media":5945484,"comment_status":"open","ping_status":"closed","template":"","meta":[],"product_brand":[2881],"product_cat":[1734],"product_tag":[],"class_list":{"0":"post-743669","1":"product","2":"type-product","3":"status-publish","4":"has-post-thumbnail","6":"product_brand-dhr-hr","7":"product_cat-brodski-reflektori","9":"first","10":"instock","11":"shipping-taxable","12":"purchasable","13":"product-type-simple"},"_links":{"self":[{"href":"https:\/\/stoic-curie.212-227-153-4.plesk.page\/hr\/wp-json\/wp\/v2\/product\/743669","targetHints":{"allow":["GET"]}}],"collection":[{"href":"https:\/\/stoic-curie.212-227-153-4.plesk.page\/hr\/wp-json\/wp\/v2\/product"}],"about":[{"href":"https:\/\/stoic-curie.212-227-153-4.plesk.page\/hr\/wp-json\/wp\/v2\/types\/product"}],"replies":[{"embeddable":true,"href":"https:\/\/stoic-curie.212-227-153-4.plesk.page\/hr\/wp-json\/wp\/v2\/comments?post=743669"}],"version-history":[{"count":0,"href":"https:\/\/stoic-curie.212-227-153-4.plesk.page\/hr\/wp-json\/wp\/v2\/product\/743669\/revisions"}],"wp:featuredmedia":[{"embeddable":true,"href":"https:\/\/stoic-curie.212-227-153-4.plesk.page\/hr\/wp-json\/wp\/v2\/media\/5945484"}],"wp:attachment":[{"href":"https:\/\/stoic-curie.212-227-153-4.plesk.page\/hr\/wp-json\/wp\/v2\/media?parent=743669"}],"wp:term":[{"taxonomy":"product_brand","embeddable":true,"href":"https:\/\/stoic-curie.212-227-153-4.plesk.page\/hr\/wp-json\/wp\/v2\/product_brand?post=743669"},{"taxonomy":"product_cat","embeddable":true,"href":"https:\/\/stoic-curie.212-227-153-4.plesk.page\/hr\/wp-json\/wp\/v2\/product_cat?post=743669"},{"taxonomy":"product_tag","embeddable":true,"href":"https:\/\/stoic-curie.212-227-153-4.plesk.page\/hr\/wp-json\/wp\/v2\/product_tag?post=743669"}],"curies":[{"name":"wp","href":"https:\/\/api.w.org\/{rel}","templated":true}]}}