{"id":743671,"date":"2025-03-03T18:39:14","date_gmt":"2025-03-03T17:39:14","guid":{"rendered":"https:\/\/stoic-curie.212-227-153-4.plesk.page\/producto\/led-reflektor-9-x-3w-12-24v-s-daljinskim-upravljacem\/"},"modified":"2026-02-25T00:01:10","modified_gmt":"2026-02-25T00:01:10","slug":"led-reflektor-9-x-3w-12-24v-s-daljinskim-upravljacem","status":"publish","type":"product","link":"https:\/\/stoic-curie.212-227-153-4.plesk.page\/hr\/product\/led-reflektor-9-x-3w-12-24v-s-daljinskim-upravljacem\/","title":{"rendered":"LED reflektor 9 x 3W 12-24V s daljinskim upravljacem"},"content":{"rendered":"<p>LED reflektor 9 x 3W 12-24V s daljinskim upravljacem &#8211; <\/p>\n<p>LED potra\u017ena svjetiljka sa daljinskim upravlja\u010dem s dometom do 50 metara i be\u017ei\u010dnom kontrolnom plo\u010dom. Vodonepropusno plasti\u010dno ku\u0107i\u0161te, oja\u010dana najlon podloga. S 4-metarskim kabelom, univerzalni napon 12\/24V. Potro\u0161nja 20,5W.<\/p>\n","protected":false},"excerpt":{"rendered":"<p>LED reflektor 9 x 3W 12-24V s daljinskim upravljacem &#8211; LED potra\u017ena svjetiljka sa daljinskim upravlja\u010dem s dometom do 50<\/p>\n","protected":false},"featured_media":5945497,"comment_status":"open","ping_status":"closed","template":"","meta":[],"product_brand":[3141],"product_cat":[1734],"product_tag":[],"class_list":{"0":"post-743671","1":"product","2":"type-product","3":"status-publish","4":"has-post-thumbnail","6":"product_brand-matromarine-hr","7":"product_cat-brodski-reflektori","9":"first","10":"instock","11":"shipping-taxable","12":"purchasable","13":"product-type-simple"},"_links":{"self":[{"href":"https:\/\/stoic-curie.212-227-153-4.plesk.page\/hr\/wp-json\/wp\/v2\/product\/743671","targetHints":{"allow":["GET"]}}],"collection":[{"href":"https:\/\/stoic-curie.212-227-153-4.plesk.page\/hr\/wp-json\/wp\/v2\/product"}],"about":[{"href":"https:\/\/stoic-curie.212-227-153-4.plesk.page\/hr\/wp-json\/wp\/v2\/types\/product"}],"replies":[{"embeddable":true,"href":"https:\/\/stoic-curie.212-227-153-4.plesk.page\/hr\/wp-json\/wp\/v2\/comments?post=743671"}],"version-history":[{"count":0,"href":"https:\/\/stoic-curie.212-227-153-4.plesk.page\/hr\/wp-json\/wp\/v2\/product\/743671\/revisions"}],"wp:featuredmedia":[{"embeddable":true,"href":"https:\/\/stoic-curie.212-227-153-4.plesk.page\/hr\/wp-json\/wp\/v2\/media\/5945497"}],"wp:attachment":[{"href":"https:\/\/stoic-curie.212-227-153-4.plesk.page\/hr\/wp-json\/wp\/v2\/media?parent=743671"}],"wp:term":[{"taxonomy":"product_brand","embeddable":true,"href":"https:\/\/stoic-curie.212-227-153-4.plesk.page\/hr\/wp-json\/wp\/v2\/product_brand?post=743671"},{"taxonomy":"product_cat","embeddable":true,"href":"https:\/\/stoic-curie.212-227-153-4.plesk.page\/hr\/wp-json\/wp\/v2\/product_cat?post=743671"},{"taxonomy":"product_tag","embeddable":true,"href":"https:\/\/stoic-curie.212-227-153-4.plesk.page\/hr\/wp-json\/wp\/v2\/product_tag?post=743671"}],"curies":[{"name":"wp","href":"https:\/\/api.w.org\/{rel}","templated":true}]}}