{"id":743672,"date":"2025-03-03T18:39:14","date_gmt":"2025-03-03T17:39:14","guid":{"rendered":"https:\/\/stoic-curie.212-227-153-4.plesk.page\/producto\/bezicna-kontrola-matromarine\/"},"modified":"2026-02-25T00:01:10","modified_gmt":"2026-02-25T00:01:10","slug":"bezicna-kontrola-matromarine","status":"publish","type":"product","link":"https:\/\/stoic-curie.212-227-153-4.plesk.page\/hr\/product\/bezicna-kontrola-matromarine\/","title":{"rendered":"Be\u017ei\u010dna kontrola Matromarine"},"content":{"rendered":"<p>Be\u017ei\u010dna kontrola Matromarine &#8211; <\/p>\n<p>Podesivi reflektor s vodootpornom \u017ei\u010danom kontrolnom plo\u010dom koji ima 360\u00b0 x 70\u00b0 rotaciju gore\/dolje. XENON zape\u010da\u0107ena svjetlost, 7 puta svjetlija od standardne pretra\u017eiva\u010dke svjetiljke. Dimenzije: 350 mm duljina &#8211; 260 mm \u0161irina &#8211; 320 mm visina. Opcijska be\u017ei\u010dna kontrola s plug-and-play prijemnikom i oda\u0161ilja\u010dem do 35 m. Ako je instaliran, zamjenjuje \u017ei\u010danu kontrolnu plo\u010du. Kako bi se odr\u017eali oboje, treba kupiti dvostre\u0111nu plo\u010du.<\/p>\n","protected":false},"excerpt":{"rendered":"<p>Be\u017ei\u010dna kontrola Matromarine &#8211; Podesivi reflektor s vodootpornom \u017ei\u010danom kontrolnom plo\u010dom koji ima 360\u00b0 x 70\u00b0 rotaciju gore\/dolje. XENON zape\u010da\u0107ena<\/p>\n","protected":false},"featured_media":5945498,"comment_status":"open","ping_status":"closed","template":"","meta":[],"product_brand":[3141],"product_cat":[1734],"product_tag":[],"class_list":{"0":"post-743672","1":"product","2":"type-product","3":"status-publish","4":"has-post-thumbnail","6":"product_brand-matromarine-hr","7":"product_cat-brodski-reflektori","9":"first","10":"outofstock","11":"shipping-taxable","12":"purchasable","13":"product-type-simple"},"_links":{"self":[{"href":"https:\/\/stoic-curie.212-227-153-4.plesk.page\/hr\/wp-json\/wp\/v2\/product\/743672","targetHints":{"allow":["GET"]}}],"collection":[{"href":"https:\/\/stoic-curie.212-227-153-4.plesk.page\/hr\/wp-json\/wp\/v2\/product"}],"about":[{"href":"https:\/\/stoic-curie.212-227-153-4.plesk.page\/hr\/wp-json\/wp\/v2\/types\/product"}],"replies":[{"embeddable":true,"href":"https:\/\/stoic-curie.212-227-153-4.plesk.page\/hr\/wp-json\/wp\/v2\/comments?post=743672"}],"version-history":[{"count":0,"href":"https:\/\/stoic-curie.212-227-153-4.plesk.page\/hr\/wp-json\/wp\/v2\/product\/743672\/revisions"}],"wp:featuredmedia":[{"embeddable":true,"href":"https:\/\/stoic-curie.212-227-153-4.plesk.page\/hr\/wp-json\/wp\/v2\/media\/5945498"}],"wp:attachment":[{"href":"https:\/\/stoic-curie.212-227-153-4.plesk.page\/hr\/wp-json\/wp\/v2\/media?parent=743672"}],"wp:term":[{"taxonomy":"product_brand","embeddable":true,"href":"https:\/\/stoic-curie.212-227-153-4.plesk.page\/hr\/wp-json\/wp\/v2\/product_brand?post=743672"},{"taxonomy":"product_cat","embeddable":true,"href":"https:\/\/stoic-curie.212-227-153-4.plesk.page\/hr\/wp-json\/wp\/v2\/product_cat?post=743672"},{"taxonomy":"product_tag","embeddable":true,"href":"https:\/\/stoic-curie.212-227-153-4.plesk.page\/hr\/wp-json\/wp\/v2\/product_tag?post=743672"}],"curies":[{"name":"wp","href":"https:\/\/api.w.org\/{rel}","templated":true}]}}