{"id":743675,"date":"2025-03-03T18:39:15","date_gmt":"2025-03-03T17:39:15","guid":{"rendered":"https:\/\/stoic-curie.212-227-153-4.plesk.page\/producto\/rezervna-xenon-zarulja-od-12-v-za-reflektor\/"},"modified":"2026-02-25T00:01:10","modified_gmt":"2026-02-25T00:01:10","slug":"rezervna-xenon-zarulja-od-12-v-za-reflektor","status":"publish","type":"product","link":"https:\/\/stoic-curie.212-227-153-4.plesk.page\/hr\/product\/rezervna-xenon-zarulja-od-12-v-za-reflektor\/","title":{"rendered":"Rezervna xenon \u017earulja od 12 V za reflektor"},"content":{"rendered":"<p>Rezervna xenon \u017earulja od 12 V za reflektor &#8211; <\/p>\n<p>Prilagodljivi reflektor s vodootpornim upravlja\u010dkim panelom koji ima rotaciju 360\u00b0 x 70\u00b0 gore\/dolje. XENON zatvoreni snop, 7 puta svjetliji od standardnog pretra\u017eiva\u010da. Dimenzije: 350 mm duljina &#8211; 260 mm \u0161irina &#8211; 320 mm visina. Opcionalna be\u017ei\u010dna kontrola s plug and play prijemnikom i oda\u0161ilja\u010dem do 35 m. Ako je instalirano, zamjenjuje \u017ei\u010dni upravlja\u010dki panel. Da biste zadr\u017eali oba, treba kupiti dvojni stacionarni panel.<\/p>\n","protected":false},"excerpt":{"rendered":"<p>Rezervna xenon \u017earulja od 12 V za reflektor &#8211; Prilagodljivi reflektor s vodootpornim upravlja\u010dkim panelom koji ima rotaciju 360\u00b0 x<\/p>\n","protected":false},"featured_media":5939449,"comment_status":"open","ping_status":"closed","template":"","meta":[],"product_brand":[3141],"product_cat":[1734],"product_tag":[],"class_list":{"0":"post-743675","1":"product","2":"type-product","3":"status-publish","4":"has-post-thumbnail","6":"product_brand-matromarine-hr","7":"product_cat-brodski-reflektori","9":"first","10":"instock","11":"shipping-taxable","12":"purchasable","13":"product-type-simple"},"_links":{"self":[{"href":"https:\/\/stoic-curie.212-227-153-4.plesk.page\/hr\/wp-json\/wp\/v2\/product\/743675","targetHints":{"allow":["GET"]}}],"collection":[{"href":"https:\/\/stoic-curie.212-227-153-4.plesk.page\/hr\/wp-json\/wp\/v2\/product"}],"about":[{"href":"https:\/\/stoic-curie.212-227-153-4.plesk.page\/hr\/wp-json\/wp\/v2\/types\/product"}],"replies":[{"embeddable":true,"href":"https:\/\/stoic-curie.212-227-153-4.plesk.page\/hr\/wp-json\/wp\/v2\/comments?post=743675"}],"version-history":[{"count":0,"href":"https:\/\/stoic-curie.212-227-153-4.plesk.page\/hr\/wp-json\/wp\/v2\/product\/743675\/revisions"}],"wp:featuredmedia":[{"embeddable":true,"href":"https:\/\/stoic-curie.212-227-153-4.plesk.page\/hr\/wp-json\/wp\/v2\/media\/5939449"}],"wp:attachment":[{"href":"https:\/\/stoic-curie.212-227-153-4.plesk.page\/hr\/wp-json\/wp\/v2\/media?parent=743675"}],"wp:term":[{"taxonomy":"product_brand","embeddable":true,"href":"https:\/\/stoic-curie.212-227-153-4.plesk.page\/hr\/wp-json\/wp\/v2\/product_brand?post=743675"},{"taxonomy":"product_cat","embeddable":true,"href":"https:\/\/stoic-curie.212-227-153-4.plesk.page\/hr\/wp-json\/wp\/v2\/product_cat?post=743675"},{"taxonomy":"product_tag","embeddable":true,"href":"https:\/\/stoic-curie.212-227-153-4.plesk.page\/hr\/wp-json\/wp\/v2\/product_tag?post=743675"}],"curies":[{"name":"wp","href":"https:\/\/api.w.org\/{rel}","templated":true}]}}