{"id":743677,"date":"2025-03-03T18:39:16","date_gmt":"2025-03-03T17:39:16","guid":{"rendered":"https:\/\/stoic-curie.212-227-153-4.plesk.page\/producto\/led-downlight-potopno-svjetlo-plavo-6-x-10w-94mm\/"},"modified":"2026-02-25T00:01:10","modified_gmt":"2026-02-25T00:01:10","slug":"led-downlight-potopno-svjetlo-plavo-6-x-10w-94mm","status":"publish","type":"product","link":"https:\/\/stoic-curie.212-227-153-4.plesk.page\/hr\/product\/led-downlight-potopno-svjetlo-plavo-6-x-10w-94mm\/","title":{"rendered":"LED Downlight potopno svjetlo plavo 6 x 10w 94mm"},"content":{"rendered":"<p>LED Downlight potopno svjetlo plavo 6 x 10w 94mm &#8211; <\/p>\n<p>Univerzalno napajanje 9-32V s visokom svjetlinom za podvodna LED svjetla. IP68 vodootporno ku\u0107i\u0161te od 316 nehr\u0111aju\u0107eg \u010delika s elektroni\u010dkim dijelovima zape\u010da\u0107enim silikonskim gelom. S ugra\u0111enim upravlja\u010dem i za\u0161titom od pregrijavanja. Elektri\u010dni kabel du\u017eine 1,5 m.<\/p>\n","protected":false},"excerpt":{"rendered":"<p>LED Downlight potopno svjetlo plavo 6 x 10w 94mm &#8211; Univerzalno napajanje 9-32V s visokom svjetlinom za podvodna LED svjetla.<\/p>\n","protected":false},"featured_media":5944290,"comment_status":"open","ping_status":"closed","template":"","meta":[],"product_brand":[3221],"product_cat":[1731],"product_tag":[],"class_list":{"0":"post-743677","1":"product","2":"type-product","3":"status-publish","4":"has-post-thumbnail","6":"product_brand-oceanled-hr","7":"product_cat-uronjiva-led-svjetla","9":"first","10":"instock","11":"shipping-taxable","12":"purchasable","13":"product-type-simple"},"_links":{"self":[{"href":"https:\/\/stoic-curie.212-227-153-4.plesk.page\/hr\/wp-json\/wp\/v2\/product\/743677","targetHints":{"allow":["GET"]}}],"collection":[{"href":"https:\/\/stoic-curie.212-227-153-4.plesk.page\/hr\/wp-json\/wp\/v2\/product"}],"about":[{"href":"https:\/\/stoic-curie.212-227-153-4.plesk.page\/hr\/wp-json\/wp\/v2\/types\/product"}],"replies":[{"embeddable":true,"href":"https:\/\/stoic-curie.212-227-153-4.plesk.page\/hr\/wp-json\/wp\/v2\/comments?post=743677"}],"version-history":[{"count":0,"href":"https:\/\/stoic-curie.212-227-153-4.plesk.page\/hr\/wp-json\/wp\/v2\/product\/743677\/revisions"}],"wp:featuredmedia":[{"embeddable":true,"href":"https:\/\/stoic-curie.212-227-153-4.plesk.page\/hr\/wp-json\/wp\/v2\/media\/5944290"}],"wp:attachment":[{"href":"https:\/\/stoic-curie.212-227-153-4.plesk.page\/hr\/wp-json\/wp\/v2\/media?parent=743677"}],"wp:term":[{"taxonomy":"product_brand","embeddable":true,"href":"https:\/\/stoic-curie.212-227-153-4.plesk.page\/hr\/wp-json\/wp\/v2\/product_brand?post=743677"},{"taxonomy":"product_cat","embeddable":true,"href":"https:\/\/stoic-curie.212-227-153-4.plesk.page\/hr\/wp-json\/wp\/v2\/product_cat?post=743677"},{"taxonomy":"product_tag","embeddable":true,"href":"https:\/\/stoic-curie.212-227-153-4.plesk.page\/hr\/wp-json\/wp\/v2\/product_tag?post=743677"}],"curies":[{"name":"wp","href":"https:\/\/api.w.org\/{rel}","templated":true}]}}