{"id":743678,"date":"2025-03-03T18:39:16","date_gmt":"2025-03-03T17:39:16","guid":{"rendered":"https:\/\/stoic-curie.212-227-153-4.plesk.page\/producto\/potopno-led-svjetilo-bijelo-wk-128-x-80-x-h17-mm-24-x-5w\/"},"modified":"2026-02-25T00:01:10","modified_gmt":"2026-02-25T00:01:10","slug":"potopno-led-svjetilo-bijelo-wk-128-x-80-x-h17-mm-24-x-5w","status":"publish","type":"product","link":"https:\/\/stoic-curie.212-227-153-4.plesk.page\/hr\/product\/potopno-led-svjetilo-bijelo-wk-128-x-80-x-h17-mm-24-x-5w\/","title":{"rendered":"Potopno LED svjetilo bijelo WK 128 x 80 x H17 mm 24 x 5w"},"content":{"rendered":"<p>Potopno LED svjetilo bijelo WK 128 x 80 x H17 mm 24 x 5w &#8211; <\/p>\n<p>Univerzalno napajanje 9-32V s visokom svjetlinom podvodnim LED osvjetljenjem. IP68 vodootporan ku\u0107i\u0161te od inoxa 316 s elektronikom zatvorenim silikonskim gelom. S ugra\u0111enim voza\u010dem i za\u0161titom od pregrijavanja. Elektri\u010dni kabel du\u017eine 1,5 m.<\/p>\n","protected":false},"excerpt":{"rendered":"<p>Potopno LED svjetilo bijelo WK 128 x 80 x H17 mm 24 x 5w &#8211; Univerzalno napajanje 9-32V s visokom<\/p>\n","protected":false},"featured_media":5945510,"comment_status":"open","ping_status":"closed","template":"","meta":[],"product_brand":[3221],"product_cat":[1731],"product_tag":[],"class_list":{"0":"post-743678","1":"product","2":"type-product","3":"status-publish","4":"has-post-thumbnail","6":"product_brand-oceanled-hr","7":"product_cat-uronjiva-led-svjetla","9":"first","10":"instock","11":"shipping-taxable","12":"purchasable","13":"product-type-simple"},"_links":{"self":[{"href":"https:\/\/stoic-curie.212-227-153-4.plesk.page\/hr\/wp-json\/wp\/v2\/product\/743678","targetHints":{"allow":["GET"]}}],"collection":[{"href":"https:\/\/stoic-curie.212-227-153-4.plesk.page\/hr\/wp-json\/wp\/v2\/product"}],"about":[{"href":"https:\/\/stoic-curie.212-227-153-4.plesk.page\/hr\/wp-json\/wp\/v2\/types\/product"}],"replies":[{"embeddable":true,"href":"https:\/\/stoic-curie.212-227-153-4.plesk.page\/hr\/wp-json\/wp\/v2\/comments?post=743678"}],"version-history":[{"count":0,"href":"https:\/\/stoic-curie.212-227-153-4.plesk.page\/hr\/wp-json\/wp\/v2\/product\/743678\/revisions"}],"wp:featuredmedia":[{"embeddable":true,"href":"https:\/\/stoic-curie.212-227-153-4.plesk.page\/hr\/wp-json\/wp\/v2\/media\/5945510"}],"wp:attachment":[{"href":"https:\/\/stoic-curie.212-227-153-4.plesk.page\/hr\/wp-json\/wp\/v2\/media?parent=743678"}],"wp:term":[{"taxonomy":"product_brand","embeddable":true,"href":"https:\/\/stoic-curie.212-227-153-4.plesk.page\/hr\/wp-json\/wp\/v2\/product_brand?post=743678"},{"taxonomy":"product_cat","embeddable":true,"href":"https:\/\/stoic-curie.212-227-153-4.plesk.page\/hr\/wp-json\/wp\/v2\/product_cat?post=743678"},{"taxonomy":"product_tag","embeddable":true,"href":"https:\/\/stoic-curie.212-227-153-4.plesk.page\/hr\/wp-json\/wp\/v2\/product_tag?post=743678"}],"curies":[{"name":"wp","href":"https:\/\/api.w.org\/{rel}","templated":true}]}}