{"id":743681,"date":"2025-03-03T18:39:17","date_gmt":"2025-03-03T17:39:17","guid":{"rendered":"https:\/\/stoic-curie.212-227-153-4.plesk.page\/producto\/podvodna-led-svjetlo-bijelo-36-x-h17-mm-9-x-3w-12-24v\/"},"modified":"2026-02-25T00:01:10","modified_gmt":"2026-02-25T00:01:10","slug":"podvodna-led-svjetlo-bijelo-36-x-h17-mm-9-x-3w-12-24v","status":"publish","type":"product","link":"https:\/\/stoic-curie.212-227-153-4.plesk.page\/hr\/product\/podvodna-led-svjetlo-bijelo-36-x-h17-mm-9-x-3w-12-24v\/","title":{"rendered":"Podvodna LED svjetlo bijelo 36 x H17 mm (9 x 3W 12-24V)"},"content":{"rendered":"<p>Podvodna LED svjetlo bijelo 36 x H17 mm (9 x 3W 12-24V) &#8211; <\/p>\n<p>Podvodna LED svjetlost visoke svjetline zahvaljuju\u0107i Power-CREE LED. Idealna za monta\u017eu na odvodne \u010depove na stra\u017enjem dijelu s 1\/2&#8243; NPT navojem smje\u0161tenim ispod razine vode. IP68 vodootporna ku\u0107i\u0161ta od nehr\u0111aju\u0107eg \u010delika 316 s elektronikom za\u0161ti\u0107enim silikonskim gelom. S ugra\u0111enim upravlja\u010dem i za\u0161titom od pregrijavanja. Univerzalno napajanje od 9-32V.<\/p>\n","protected":false},"excerpt":{"rendered":"<p>Podvodna LED svjetlo bijelo 36 x H17 mm (9 x 3W 12-24V) &#8211; Podvodna LED svjetlost visoke svjetline zahvaljuju\u0107i Power-CREE<\/p>\n","protected":false},"featured_media":5944292,"comment_status":"open","ping_status":"closed","template":"","meta":[],"product_brand":[3221],"product_cat":[1731],"product_tag":[],"class_list":{"0":"post-743681","1":"product","2":"type-product","3":"status-publish","4":"has-post-thumbnail","6":"product_brand-oceanled-hr","7":"product_cat-uronjiva-led-svjetla","9":"first","10":"instock","11":"shipping-taxable","12":"purchasable","13":"product-type-simple"},"_links":{"self":[{"href":"https:\/\/stoic-curie.212-227-153-4.plesk.page\/hr\/wp-json\/wp\/v2\/product\/743681","targetHints":{"allow":["GET"]}}],"collection":[{"href":"https:\/\/stoic-curie.212-227-153-4.plesk.page\/hr\/wp-json\/wp\/v2\/product"}],"about":[{"href":"https:\/\/stoic-curie.212-227-153-4.plesk.page\/hr\/wp-json\/wp\/v2\/types\/product"}],"replies":[{"embeddable":true,"href":"https:\/\/stoic-curie.212-227-153-4.plesk.page\/hr\/wp-json\/wp\/v2\/comments?post=743681"}],"version-history":[{"count":0,"href":"https:\/\/stoic-curie.212-227-153-4.plesk.page\/hr\/wp-json\/wp\/v2\/product\/743681\/revisions"}],"wp:featuredmedia":[{"embeddable":true,"href":"https:\/\/stoic-curie.212-227-153-4.plesk.page\/hr\/wp-json\/wp\/v2\/media\/5944292"}],"wp:attachment":[{"href":"https:\/\/stoic-curie.212-227-153-4.plesk.page\/hr\/wp-json\/wp\/v2\/media?parent=743681"}],"wp:term":[{"taxonomy":"product_brand","embeddable":true,"href":"https:\/\/stoic-curie.212-227-153-4.plesk.page\/hr\/wp-json\/wp\/v2\/product_brand?post=743681"},{"taxonomy":"product_cat","embeddable":true,"href":"https:\/\/stoic-curie.212-227-153-4.plesk.page\/hr\/wp-json\/wp\/v2\/product_cat?post=743681"},{"taxonomy":"product_tag","embeddable":true,"href":"https:\/\/stoic-curie.212-227-153-4.plesk.page\/hr\/wp-json\/wp\/v2\/product_tag?post=743681"}],"curies":[{"name":"wp","href":"https:\/\/api.w.org\/{rel}","templated":true}]}}