{"id":743683,"date":"2025-03-03T18:39:18","date_gmt":"2025-03-03T17:39:18","guid":{"rendered":"https:\/\/stoic-curie.212-227-153-4.plesk.page\/producto\/podvodno-svjetlo-mtm-led-10w-80mm-plavo\/"},"modified":"2026-02-25T00:01:10","modified_gmt":"2026-02-25T00:01:10","slug":"podvodno-svjetlo-mtm-led-10w-80mm-plavo","status":"publish","type":"product","link":"https:\/\/stoic-curie.212-227-153-4.plesk.page\/hr\/product\/podvodno-svjetlo-mtm-led-10w-80mm-plavo\/","title":{"rendered":"Podvodno svjetlo MTM LED 10w 80mm, plavo"},"content":{"rendered":"<p>Podvodno svjetlo MTM LED 10w 80mm, plavo &#8211; <\/p>\n<p>Visoko osvjetljenje CREE LED kompaktna podvodna svjetlost. IP68 vodootporno ku\u0107i\u0161te od nehr\u0111aju\u0107eg \u010delika 316. Radi ispod i iznad vode. Univerzalni izvor napajanja 9-32V.<\/p>\n","protected":false},"excerpt":{"rendered":"<p>Podvodno svjetlo MTM LED 10w 80mm, plavo &#8211; Visoko osvjetljenje CREE LED kompaktna podvodna svjetlost. IP68 vodootporno ku\u0107i\u0161te od nehr\u0111aju\u0107eg<\/p>\n","protected":false},"featured_media":5945513,"comment_status":"open","ping_status":"closed","template":"","meta":[],"product_brand":[3221],"product_cat":[1731],"product_tag":[],"class_list":{"0":"post-743683","1":"product","2":"type-product","3":"status-publish","4":"has-post-thumbnail","6":"product_brand-oceanled-hr","7":"product_cat-uronjiva-led-svjetla","9":"first","10":"instock","11":"shipping-taxable","12":"purchasable","13":"product-type-simple"},"_links":{"self":[{"href":"https:\/\/stoic-curie.212-227-153-4.plesk.page\/hr\/wp-json\/wp\/v2\/product\/743683","targetHints":{"allow":["GET"]}}],"collection":[{"href":"https:\/\/stoic-curie.212-227-153-4.plesk.page\/hr\/wp-json\/wp\/v2\/product"}],"about":[{"href":"https:\/\/stoic-curie.212-227-153-4.plesk.page\/hr\/wp-json\/wp\/v2\/types\/product"}],"replies":[{"embeddable":true,"href":"https:\/\/stoic-curie.212-227-153-4.plesk.page\/hr\/wp-json\/wp\/v2\/comments?post=743683"}],"version-history":[{"count":0,"href":"https:\/\/stoic-curie.212-227-153-4.plesk.page\/hr\/wp-json\/wp\/v2\/product\/743683\/revisions"}],"wp:featuredmedia":[{"embeddable":true,"href":"https:\/\/stoic-curie.212-227-153-4.plesk.page\/hr\/wp-json\/wp\/v2\/media\/5945513"}],"wp:attachment":[{"href":"https:\/\/stoic-curie.212-227-153-4.plesk.page\/hr\/wp-json\/wp\/v2\/media?parent=743683"}],"wp:term":[{"taxonomy":"product_brand","embeddable":true,"href":"https:\/\/stoic-curie.212-227-153-4.plesk.page\/hr\/wp-json\/wp\/v2\/product_brand?post=743683"},{"taxonomy":"product_cat","embeddable":true,"href":"https:\/\/stoic-curie.212-227-153-4.plesk.page\/hr\/wp-json\/wp\/v2\/product_cat?post=743683"},{"taxonomy":"product_tag","embeddable":true,"href":"https:\/\/stoic-curie.212-227-153-4.plesk.page\/hr\/wp-json\/wp\/v2\/product_tag?post=743683"}],"curies":[{"name":"wp","href":"https:\/\/api.w.org\/{rel}","templated":true}]}}