{"id":743690,"date":"2025-03-03T18:39:20","date_gmt":"2025-03-03T17:39:20","guid":{"rendered":"https:\/\/stoic-curie.212-227-153-4.plesk.page\/producto\/nikon-coolshot-20-laserski-mjerac\/"},"modified":"2026-02-25T00:01:10","modified_gmt":"2026-02-25T00:01:10","slug":"nikon-coolshot-20-laserski-mjerac","status":"publish","type":"product","link":"https:\/\/stoic-curie.212-227-153-4.plesk.page\/hr\/product\/nikon-coolshot-20-laserski-mjerac\/","title":{"rendered":"Nikon coolshot 20 laserski mjera\u010d"},"content":{"rendered":"<p>Nikon coolshot 20 laserski mjera\u010d &#8211; <\/p>\n<p>Graduirani laserski daljinomjer mjeri bilo koju udaljenost, \u010dak i s vi\u0161e objekata istovremeno. Vodootporan, kompaktan, otporan i lagan, idealan je za sve nauti\u010dke i sportske aktivnosti. Raspon mjerenja: 5 do 730 m. Visokokvalitetni monokular s vi\u0161eslojnim premazom za jasne slike i stra\u017enjom projekcijom za jasan vid, \u010dak i za nositelje nao\u010dala.<\/p>\n","protected":false},"excerpt":{"rendered":"<p>Nikon coolshot 20 laserski mjera\u010d &#8211; Graduirani laserski daljinomjer mjeri bilo koju udaljenost, \u010dak i s vi\u0161e objekata istovremeno. Vodootporan,<\/p>\n","protected":false},"featured_media":5945530,"comment_status":"open","ping_status":"closed","template":"","meta":[],"product_brand":[3196],"product_cat":[1779],"product_tag":[],"class_list":{"0":"post-743690","1":"product","2":"type-product","3":"status-publish","4":"has-post-thumbnail","6":"product_brand-nikon-marine-hr","7":"product_cat-brodski-dalekozor","9":"first","10":"outofstock","11":"shipping-taxable","12":"purchasable","13":"product-type-simple"},"_links":{"self":[{"href":"https:\/\/stoic-curie.212-227-153-4.plesk.page\/hr\/wp-json\/wp\/v2\/product\/743690","targetHints":{"allow":["GET"]}}],"collection":[{"href":"https:\/\/stoic-curie.212-227-153-4.plesk.page\/hr\/wp-json\/wp\/v2\/product"}],"about":[{"href":"https:\/\/stoic-curie.212-227-153-4.plesk.page\/hr\/wp-json\/wp\/v2\/types\/product"}],"replies":[{"embeddable":true,"href":"https:\/\/stoic-curie.212-227-153-4.plesk.page\/hr\/wp-json\/wp\/v2\/comments?post=743690"}],"version-history":[{"count":0,"href":"https:\/\/stoic-curie.212-227-153-4.plesk.page\/hr\/wp-json\/wp\/v2\/product\/743690\/revisions"}],"wp:featuredmedia":[{"embeddable":true,"href":"https:\/\/stoic-curie.212-227-153-4.plesk.page\/hr\/wp-json\/wp\/v2\/media\/5945530"}],"wp:attachment":[{"href":"https:\/\/stoic-curie.212-227-153-4.plesk.page\/hr\/wp-json\/wp\/v2\/media?parent=743690"}],"wp:term":[{"taxonomy":"product_brand","embeddable":true,"href":"https:\/\/stoic-curie.212-227-153-4.plesk.page\/hr\/wp-json\/wp\/v2\/product_brand?post=743690"},{"taxonomy":"product_cat","embeddable":true,"href":"https:\/\/stoic-curie.212-227-153-4.plesk.page\/hr\/wp-json\/wp\/v2\/product_cat?post=743690"},{"taxonomy":"product_tag","embeddable":true,"href":"https:\/\/stoic-curie.212-227-153-4.plesk.page\/hr\/wp-json\/wp\/v2\/product_tag?post=743690"}],"curies":[{"name":"wp","href":"https:\/\/api.w.org\/{rel}","templated":true}]}}