{"id":743693,"date":"2025-03-03T18:39:21","date_gmt":"2025-03-03T17:39:21","guid":{"rendered":"https:\/\/stoic-curie.212-227-153-4.plesk.page\/producto\/skywatch-eole-anemometar\/"},"modified":"2026-02-25T00:01:10","modified_gmt":"2026-02-25T00:01:10","slug":"skywatch-eole-anemometar","status":"publish","type":"product","link":"https:\/\/stoic-curie.212-227-153-4.plesk.page\/hr\/product\/skywatch-eole-anemometar\/","title":{"rendered":"Skywatch Eole Anemometar"},"content":{"rendered":"<p>Skywatch Eole Anemometar &#8211; <\/p>\n<p>Eole je anemometar s propelom od 54 mm koji mo\u017ee precizno mjerenje snage vjetra. Multidirekcijski propel omogu\u0107uje to\u010dna mjerenja bez potrebe za savr\u0161enim usmjeravanjem u vjetrovitjoj osi. Zahvaljuju\u0107i pozadinskom osvjetljenju zaslona, mo\u017ee se koristiti \u010dak i u problemati\u010dnim svjetlosnim uvjetima. Mo\u017ee pasti u vodu a da ne potone. Mjerne jedinice: km\/h, mph, m\/s, fps, \u010dvorovi i bts.<\/p>\n","protected":false},"excerpt":{"rendered":"<p>Skywatch Eole Anemometar &#8211; Eole je anemometar s propelom od 54 mm koji mo\u017ee precizno mjerenje snage vjetra. Multidirekcijski propel<\/p>\n","protected":false},"featured_media":5945533,"comment_status":"open","ping_status":"closed","template":"","meta":[],"product_brand":[3406],"product_cat":[1744,1777],"product_tag":[],"class_list":{"0":"post-743693","1":"product","2":"type-product","3":"status-publish","4":"has-post-thumbnail","6":"product_brand-skywatch-hr","7":"product_cat-brodska-elektronika","8":"product_cat-nauticki-instrumenti","10":"first","11":"instock","12":"shipping-taxable","13":"purchasable","14":"product-type-simple"},"_links":{"self":[{"href":"https:\/\/stoic-curie.212-227-153-4.plesk.page\/hr\/wp-json\/wp\/v2\/product\/743693","targetHints":{"allow":["GET"]}}],"collection":[{"href":"https:\/\/stoic-curie.212-227-153-4.plesk.page\/hr\/wp-json\/wp\/v2\/product"}],"about":[{"href":"https:\/\/stoic-curie.212-227-153-4.plesk.page\/hr\/wp-json\/wp\/v2\/types\/product"}],"replies":[{"embeddable":true,"href":"https:\/\/stoic-curie.212-227-153-4.plesk.page\/hr\/wp-json\/wp\/v2\/comments?post=743693"}],"version-history":[{"count":0,"href":"https:\/\/stoic-curie.212-227-153-4.plesk.page\/hr\/wp-json\/wp\/v2\/product\/743693\/revisions"}],"wp:featuredmedia":[{"embeddable":true,"href":"https:\/\/stoic-curie.212-227-153-4.plesk.page\/hr\/wp-json\/wp\/v2\/media\/5945533"}],"wp:attachment":[{"href":"https:\/\/stoic-curie.212-227-153-4.plesk.page\/hr\/wp-json\/wp\/v2\/media?parent=743693"}],"wp:term":[{"taxonomy":"product_brand","embeddable":true,"href":"https:\/\/stoic-curie.212-227-153-4.plesk.page\/hr\/wp-json\/wp\/v2\/product_brand?post=743693"},{"taxonomy":"product_cat","embeddable":true,"href":"https:\/\/stoic-curie.212-227-153-4.plesk.page\/hr\/wp-json\/wp\/v2\/product_cat?post=743693"},{"taxonomy":"product_tag","embeddable":true,"href":"https:\/\/stoic-curie.212-227-153-4.plesk.page\/hr\/wp-json\/wp\/v2\/product_tag?post=743693"}],"curies":[{"name":"wp","href":"https:\/\/api.w.org\/{rel}","templated":true}]}}