{"id":743698,"date":"2025-03-03T18:39:22","date_gmt":"2025-03-03T17:39:22","guid":{"rendered":"https:\/\/stoic-curie.212-227-153-4.plesk.page\/producto\/rivijera-aries-led-65-mm-crno\/"},"modified":"2026-02-25T00:01:10","modified_gmt":"2026-02-25T00:01:10","slug":"rivijera-aries-led-65-mm-crno","status":"publish","type":"product","link":"https:\/\/stoic-curie.212-227-153-4.plesk.page\/hr\/product\/rivijera-aries-led-65-mm-crno\/","title":{"rendered":"Rivijera Aries Led 65 mm crno"},"content":{"rendered":"<p>Rivijera Aries Led 65 mm crno &#8211; <\/p>\n<p>Kompas Aries za monta\u017eu na palubi s zaslonom otporan na odsjaj. LED rasvjeta od 12V.<br \/>\u2022 Lako se uklanja zahvaljuju\u0107i bajonetnom dr\u017ea\u010du<br \/>\u2022 Rasvjeta: 12V (24V na zahtjev)<br \/>\u2022 Vidljivi promjer karte 2\u00bd&#8221; &#8211; 65 mm<br \/>\u2022 Prednje \u010ditanje (graduacija karte 5\u00b0)<br \/>\u2022 Za standardne i brze \u010damce<br \/>\u2022 Jamstvo 3 godine<\/p>\n","protected":false},"excerpt":{"rendered":"<p>Rivijera Aries Led 65 mm crno &#8211; Kompas Aries za monta\u017eu na palubi s zaslonom otporan na odsjaj. LED rasvjeta<\/p>\n","protected":false},"featured_media":5945546,"comment_status":"open","ping_status":"closed","template":"","meta":[],"product_brand":[3306],"product_cat":[1780],"product_tag":[],"class_list":{"0":"post-743698","1":"product","2":"type-product","3":"status-publish","4":"has-post-thumbnail","6":"product_brand-riviera-hr","7":"product_cat-navigacijski-kompas","9":"first","10":"instock","11":"shipping-taxable","12":"purchasable","13":"product-type-simple"},"_links":{"self":[{"href":"https:\/\/stoic-curie.212-227-153-4.plesk.page\/hr\/wp-json\/wp\/v2\/product\/743698","targetHints":{"allow":["GET"]}}],"collection":[{"href":"https:\/\/stoic-curie.212-227-153-4.plesk.page\/hr\/wp-json\/wp\/v2\/product"}],"about":[{"href":"https:\/\/stoic-curie.212-227-153-4.plesk.page\/hr\/wp-json\/wp\/v2\/types\/product"}],"replies":[{"embeddable":true,"href":"https:\/\/stoic-curie.212-227-153-4.plesk.page\/hr\/wp-json\/wp\/v2\/comments?post=743698"}],"version-history":[{"count":0,"href":"https:\/\/stoic-curie.212-227-153-4.plesk.page\/hr\/wp-json\/wp\/v2\/product\/743698\/revisions"}],"wp:featuredmedia":[{"embeddable":true,"href":"https:\/\/stoic-curie.212-227-153-4.plesk.page\/hr\/wp-json\/wp\/v2\/media\/5945546"}],"wp:attachment":[{"href":"https:\/\/stoic-curie.212-227-153-4.plesk.page\/hr\/wp-json\/wp\/v2\/media?parent=743698"}],"wp:term":[{"taxonomy":"product_brand","embeddable":true,"href":"https:\/\/stoic-curie.212-227-153-4.plesk.page\/hr\/wp-json\/wp\/v2\/product_brand?post=743698"},{"taxonomy":"product_cat","embeddable":true,"href":"https:\/\/stoic-curie.212-227-153-4.plesk.page\/hr\/wp-json\/wp\/v2\/product_cat?post=743698"},{"taxonomy":"product_tag","embeddable":true,"href":"https:\/\/stoic-curie.212-227-153-4.plesk.page\/hr\/wp-json\/wp\/v2\/product_tag?post=743698"}],"curies":[{"name":"wp","href":"https:\/\/api.w.org\/{rel}","templated":true}]}}