{"id":743708,"date":"2025-03-03T18:39:25","date_gmt":"2025-03-03T17:39:25","guid":{"rendered":"https:\/\/stoic-curie.212-227-153-4.plesk.page\/producto\/analogni-ampermetar-sa-shuntom-ecms-crni-i-kromirani-80-80a-52-mm\/"},"modified":"2026-02-25T00:01:10","modified_gmt":"2026-02-25T00:01:10","slug":"analogni-ampermetar-sa-shuntom-ecms-crni-i-kromirani-80-80a-52-mm","status":"publish","type":"product","link":"https:\/\/stoic-curie.212-227-153-4.plesk.page\/hr\/product\/analogni-ampermetar-sa-shuntom-ecms-crni-i-kromirani-80-80a-52-mm\/","title":{"rendered":"Analogni ampermetar sa shuntom ECMS, crni i kromirani -80 + 80a 52 mm"},"content":{"rendered":"<p>Analogni ampermetar sa shuntom ECMS, crni i kromirani -80 + 80a 52 mm &#8211; <\/p>\n<p>Ecms Black Chrome 12\/24V mjera\u010di s priklju\u010dkom Molex. Polirani nehr\u0111aju\u0107i \u010delik i crni broj\u010danik. Vodootporna IP67 za\u0161ti\u0107ena kupolasta le\u0107a otporna na maglu. Prilagodljivi vi\u0161ebojni LED osvijetljen broj\u010danik. Mjera\u010di razine mogu se postaviti na bilo koju vrijednost impedancije pomo\u0107u gumba za konfiguraciju na stra\u017enjoj strani. Njihova unaprijed postavljena vrijednost iznosi 0-190 Ohm. Mjera\u010di tlaka ulja od 5 i 10 bara kompatibilni su sa standardnim senzorima (10-180 Ohm), dok je mjera\u010d od 30 bara kompatibilan samo s elektroni\u010dkim senzorima (0,5-4,5V). Ampermetri dolaze s senzorom (shunt) za mjerenje struje.<\/p>\n","protected":false},"excerpt":{"rendered":"<p>Analogni ampermetar sa shuntom ECMS, crni i kromirani -80 + 80a 52 mm &#8211; Ecms Black Chrome 12\/24V mjera\u010di s<\/p>\n","protected":false},"featured_media":5942305,"comment_status":"open","ping_status":"closed","template":"","meta":[],"product_brand":[2911],"product_cat":[1729,1811],"product_tag":[],"class_list":{"0":"post-743708","1":"product","2":"type-product","3":"status-publish","4":"has-post-thumbnail","6":"product_brand-ecms-marine-hr","7":"product_cat-baterije","8":"product_cat-brodski-mjerni-instrumenti-ecms-a","10":"first","11":"instock","12":"shipping-taxable","13":"purchasable","14":"product-type-simple"},"_links":{"self":[{"href":"https:\/\/stoic-curie.212-227-153-4.plesk.page\/hr\/wp-json\/wp\/v2\/product\/743708","targetHints":{"allow":["GET"]}}],"collection":[{"href":"https:\/\/stoic-curie.212-227-153-4.plesk.page\/hr\/wp-json\/wp\/v2\/product"}],"about":[{"href":"https:\/\/stoic-curie.212-227-153-4.plesk.page\/hr\/wp-json\/wp\/v2\/types\/product"}],"replies":[{"embeddable":true,"href":"https:\/\/stoic-curie.212-227-153-4.plesk.page\/hr\/wp-json\/wp\/v2\/comments?post=743708"}],"version-history":[{"count":0,"href":"https:\/\/stoic-curie.212-227-153-4.plesk.page\/hr\/wp-json\/wp\/v2\/product\/743708\/revisions"}],"wp:featuredmedia":[{"embeddable":true,"href":"https:\/\/stoic-curie.212-227-153-4.plesk.page\/hr\/wp-json\/wp\/v2\/media\/5942305"}],"wp:attachment":[{"href":"https:\/\/stoic-curie.212-227-153-4.plesk.page\/hr\/wp-json\/wp\/v2\/media?parent=743708"}],"wp:term":[{"taxonomy":"product_brand","embeddable":true,"href":"https:\/\/stoic-curie.212-227-153-4.plesk.page\/hr\/wp-json\/wp\/v2\/product_brand?post=743708"},{"taxonomy":"product_cat","embeddable":true,"href":"https:\/\/stoic-curie.212-227-153-4.plesk.page\/hr\/wp-json\/wp\/v2\/product_cat?post=743708"},{"taxonomy":"product_tag","embeddable":true,"href":"https:\/\/stoic-curie.212-227-153-4.plesk.page\/hr\/wp-json\/wp\/v2\/product_tag?post=743708"}],"curies":[{"name":"wp","href":"https:\/\/api.w.org\/{rel}","templated":true}]}}