{"id":743711,"date":"2025-03-03T18:39:26","date_gmt":"2025-03-03T17:39:26","guid":{"rendered":"https:\/\/stoic-curie.212-227-153-4.plesk.page\/producto\/vhf-antena-supergain-positano-053-mt\/"},"modified":"2026-02-25T00:01:10","modified_gmt":"2026-02-25T00:01:10","slug":"vhf-antena-supergain-positano-053-mt","status":"publish","type":"product","link":"https:\/\/stoic-curie.212-227-153-4.plesk.page\/hr\/product\/vhf-antena-supergain-positano-053-mt\/","title":{"rendered":"VHF antena Supergain Positano 0,53 mt"},"content":{"rendered":"<p>VHF antena Supergain Positano 0,53 mt &#8211; <\/p>\n<p>VHF Supergain Positano antena za sve vrste plovila. Vrlo svestrana, mo\u017ee se fiksirati magnetskom bazom na bilo kojoj metalnoj povr\u0161ini. Fleksibilna crna o\u0161trica od nehr\u0111aju\u0107eg \u010delika. 25W \/ 3db \/ 134\/172 MHz \/ 50 Ohm. Visina: 0,53 m. U kompletu s 4,5 m koaksijalnim kablom i integriranom monta\u017enom bazom.<\/p>\n","protected":false},"excerpt":{"rendered":"<p>VHF antena Supergain Positano 0,53 mt &#8211; VHF Supergain Positano antena za sve vrste plovila. Vrlo svestrana, mo\u017ee se fiksirati<\/p>\n","protected":false},"featured_media":5945569,"comment_status":"open","ping_status":"closed","template":"","meta":[],"product_brand":[3446],"product_cat":[1753],"product_tag":[],"class_list":{"0":"post-743711","1":"product","2":"type-product","3":"status-publish","4":"has-post-thumbnail","6":"product_brand-supergain-hr","7":"product_cat-vhf-antene","9":"first","10":"instock","11":"shipping-taxable","12":"purchasable","13":"product-type-simple"},"_links":{"self":[{"href":"https:\/\/stoic-curie.212-227-153-4.plesk.page\/hr\/wp-json\/wp\/v2\/product\/743711","targetHints":{"allow":["GET"]}}],"collection":[{"href":"https:\/\/stoic-curie.212-227-153-4.plesk.page\/hr\/wp-json\/wp\/v2\/product"}],"about":[{"href":"https:\/\/stoic-curie.212-227-153-4.plesk.page\/hr\/wp-json\/wp\/v2\/types\/product"}],"replies":[{"embeddable":true,"href":"https:\/\/stoic-curie.212-227-153-4.plesk.page\/hr\/wp-json\/wp\/v2\/comments?post=743711"}],"version-history":[{"count":0,"href":"https:\/\/stoic-curie.212-227-153-4.plesk.page\/hr\/wp-json\/wp\/v2\/product\/743711\/revisions"}],"wp:featuredmedia":[{"embeddable":true,"href":"https:\/\/stoic-curie.212-227-153-4.plesk.page\/hr\/wp-json\/wp\/v2\/media\/5945569"}],"wp:attachment":[{"href":"https:\/\/stoic-curie.212-227-153-4.plesk.page\/hr\/wp-json\/wp\/v2\/media?parent=743711"}],"wp:term":[{"taxonomy":"product_brand","embeddable":true,"href":"https:\/\/stoic-curie.212-227-153-4.plesk.page\/hr\/wp-json\/wp\/v2\/product_brand?post=743711"},{"taxonomy":"product_cat","embeddable":true,"href":"https:\/\/stoic-curie.212-227-153-4.plesk.page\/hr\/wp-json\/wp\/v2\/product_cat?post=743711"},{"taxonomy":"product_tag","embeddable":true,"href":"https:\/\/stoic-curie.212-227-153-4.plesk.page\/hr\/wp-json\/wp\/v2\/product_tag?post=743711"}],"curies":[{"name":"wp","href":"https:\/\/api.w.org\/{rel}","templated":true}]}}