{"id":743712,"date":"2025-03-03T18:39:26","date_gmt":"2025-03-03T17:39:26","guid":{"rendered":"https:\/\/stoic-curie.212-227-153-4.plesk.page\/producto\/vhf-icom-ic-m37e\/"},"modified":"2026-02-25T00:01:10","modified_gmt":"2026-02-25T00:01:10","slug":"vhf-icom-ic-m37e","status":"publish","type":"product","link":"https:\/\/stoic-curie.212-227-153-4.plesk.page\/hr\/product\/vhf-icom-ic-m37e\/","title":{"rendered":"Vhf Icom IC-M37E"},"content":{"rendered":"<p>Vhf Icom IC-M37E &#8211; <\/p>\n<p>Tanak i lagan prijenosni ICOM IC-M37E VHF s LCD zaslonom. IPx7 vodootporan i plovak, s alarm zvukom i trep\u0107u\u0107om crvenom LED svjetlom. S pozadinskim osvjetljenjem zaslona i tipkama, mikrofonom za smanjenje buke, Dual\/TriWatch, automatskim skeniranjem i AquaQuake funkcijama, koje uklanjaju vodu iz zvu\u010dnika. Kanal za hitne slu\u010dajeve 16, 6W snage i 12 sati autonomije. Uklju\u010duje paket baterija, punja\u010d baterija, micro USB kabel, kop\u010du za pojas, antenu, remen i priru\u010dnik za vlasnika. Dimenzije: 60 x 39 x H140 mm.<\/p>\n","protected":false},"excerpt":{"rendered":"<p>Vhf Icom IC-M37E &#8211; Tanak i lagan prijenosni ICOM IC-M37E VHF s LCD zaslonom. IPx7 vodootporan i plovak, s alarm<\/p>\n","protected":false},"featured_media":5945570,"comment_status":"open","ping_status":"closed","template":"","meta":[],"product_brand":[3011],"product_cat":[1744],"product_tag":[],"class_list":{"0":"post-743712","1":"product","2":"type-product","3":"status-publish","4":"has-post-thumbnail","6":"product_brand-icom-marine-hr","7":"product_cat-brodska-elektronika","9":"first","10":"instock","11":"shipping-taxable","12":"purchasable","13":"product-type-simple"},"_links":{"self":[{"href":"https:\/\/stoic-curie.212-227-153-4.plesk.page\/hr\/wp-json\/wp\/v2\/product\/743712","targetHints":{"allow":["GET"]}}],"collection":[{"href":"https:\/\/stoic-curie.212-227-153-4.plesk.page\/hr\/wp-json\/wp\/v2\/product"}],"about":[{"href":"https:\/\/stoic-curie.212-227-153-4.plesk.page\/hr\/wp-json\/wp\/v2\/types\/product"}],"replies":[{"embeddable":true,"href":"https:\/\/stoic-curie.212-227-153-4.plesk.page\/hr\/wp-json\/wp\/v2\/comments?post=743712"}],"version-history":[{"count":0,"href":"https:\/\/stoic-curie.212-227-153-4.plesk.page\/hr\/wp-json\/wp\/v2\/product\/743712\/revisions"}],"wp:featuredmedia":[{"embeddable":true,"href":"https:\/\/stoic-curie.212-227-153-4.plesk.page\/hr\/wp-json\/wp\/v2\/media\/5945570"}],"wp:attachment":[{"href":"https:\/\/stoic-curie.212-227-153-4.plesk.page\/hr\/wp-json\/wp\/v2\/media?parent=743712"}],"wp:term":[{"taxonomy":"product_brand","embeddable":true,"href":"https:\/\/stoic-curie.212-227-153-4.plesk.page\/hr\/wp-json\/wp\/v2\/product_brand?post=743712"},{"taxonomy":"product_cat","embeddable":true,"href":"https:\/\/stoic-curie.212-227-153-4.plesk.page\/hr\/wp-json\/wp\/v2\/product_cat?post=743712"},{"taxonomy":"product_tag","embeddable":true,"href":"https:\/\/stoic-curie.212-227-153-4.plesk.page\/hr\/wp-json\/wp\/v2\/product_tag?post=743712"}],"curies":[{"name":"wp","href":"https:\/\/api.w.org\/{rel}","templated":true}]}}