{"id":743717,"date":"2025-03-03T18:39:28","date_gmt":"2025-03-03T17:39:28","guid":{"rendered":"https:\/\/stoic-curie.212-227-153-4.plesk.page\/producto\/vhf-icom-ic-m330ge\/"},"modified":"2026-02-25T00:01:10","modified_gmt":"2026-02-25T00:01:10","slug":"vhf-icom-ic-m330ge","status":"publish","type":"product","link":"https:\/\/stoic-curie.212-227-153-4.plesk.page\/hr\/product\/vhf-icom-ic-m330ge\/","title":{"rendered":"VHF Icom IC-M330GE"},"content":{"rendered":"<p>VHF Icom IC-M330GE &#8211; <\/p>\n<p>Kompaktnu fiksnu monta\u017eu ICOM IC-M330GE 12V klase D DSC VHF s mikrofonom i vanjskim GPS-om. S osvijetlenim gumbima, LCD prikazom, vodonepropusnim ku\u0107i\u0161tem IPx7 s Aqua Quake funkcijom koja omogu\u0107ava uklanjanje ostataka vode iz zvu\u010dnika. NMEA0183 su\u010delje za prikaz DSC signala drugih brodova i kori\u0161tenje VHF-a kao alarmnog upozorenja s drugih ure\u0111aja. S AIS transponder-spremnom vezom, GPS antenom, 5 m kablom, dr\u017ea\u010dem za monta\u017eu, vijcima, naponskim kabelom i uputama za korisnike. U skladu s EN301025 standardima. Dimenzije: 157 x 110 x H67 mm.<\/p>\n","protected":false},"excerpt":{"rendered":"<p>VHF Icom IC-M330GE &#8211; Kompaktnu fiksnu monta\u017eu ICOM IC-M330GE 12V klase D DSC VHF s mikrofonom i vanjskim GPS-om. S<\/p>\n","protected":false},"featured_media":5945572,"comment_status":"open","ping_status":"closed","template":"","meta":[],"product_brand":[3011],"product_cat":[1744],"product_tag":[],"class_list":{"0":"post-743717","1":"product","2":"type-product","3":"status-publish","4":"has-post-thumbnail","6":"product_brand-icom-marine-hr","7":"product_cat-brodska-elektronika","9":"first","10":"instock","11":"shipping-taxable","12":"purchasable","13":"product-type-simple"},"_links":{"self":[{"href":"https:\/\/stoic-curie.212-227-153-4.plesk.page\/hr\/wp-json\/wp\/v2\/product\/743717","targetHints":{"allow":["GET"]}}],"collection":[{"href":"https:\/\/stoic-curie.212-227-153-4.plesk.page\/hr\/wp-json\/wp\/v2\/product"}],"about":[{"href":"https:\/\/stoic-curie.212-227-153-4.plesk.page\/hr\/wp-json\/wp\/v2\/types\/product"}],"replies":[{"embeddable":true,"href":"https:\/\/stoic-curie.212-227-153-4.plesk.page\/hr\/wp-json\/wp\/v2\/comments?post=743717"}],"version-history":[{"count":0,"href":"https:\/\/stoic-curie.212-227-153-4.plesk.page\/hr\/wp-json\/wp\/v2\/product\/743717\/revisions"}],"wp:featuredmedia":[{"embeddable":true,"href":"https:\/\/stoic-curie.212-227-153-4.plesk.page\/hr\/wp-json\/wp\/v2\/media\/5945572"}],"wp:attachment":[{"href":"https:\/\/stoic-curie.212-227-153-4.plesk.page\/hr\/wp-json\/wp\/v2\/media?parent=743717"}],"wp:term":[{"taxonomy":"product_brand","embeddable":true,"href":"https:\/\/stoic-curie.212-227-153-4.plesk.page\/hr\/wp-json\/wp\/v2\/product_brand?post=743717"},{"taxonomy":"product_cat","embeddable":true,"href":"https:\/\/stoic-curie.212-227-153-4.plesk.page\/hr\/wp-json\/wp\/v2\/product_cat?post=743717"},{"taxonomy":"product_tag","embeddable":true,"href":"https:\/\/stoic-curie.212-227-153-4.plesk.page\/hr\/wp-json\/wp\/v2\/product_tag?post=743717"}],"curies":[{"name":"wp","href":"https:\/\/api.w.org\/{rel}","templated":true}]}}