{"id":743718,"date":"2025-03-03T18:39:28","date_gmt":"2025-03-03T17:39:28","guid":{"rendered":"https:\/\/stoic-curie.212-227-153-4.plesk.page\/producto\/vhf-icom-ic-m423ge\/"},"modified":"2026-02-25T00:01:10","modified_gmt":"2026-02-25T00:01:10","slug":"vhf-icom-ic-m423ge","status":"publish","type":"product","link":"https:\/\/stoic-curie.212-227-153-4.plesk.page\/hr\/product\/vhf-icom-ic-m423ge\/","title":{"rendered":"VHF Icom IC-M423GE"},"content":{"rendered":"<p>VHF Icom IC-M423GE &#8211; <\/p>\n<p>Fiksna monta\u017ea ICOM IC-M423GE klasa D DSC VHF s mikrofonom i vanjskim GPS-om. S osvijetljenim LCD zaslonom, IPx7 vodootpornim ku\u0107i\u0161tem, dvostrukom\/trostrukom pra\u0107enjem, aktivnim uklanjanjem buke (ANC), audio poja\u010dalom (PA), 10W maglenkom, AIS ciljnim pozivom: omogu\u0107uje postavljanje pojedina\u010dnog DSC poziva bez potrebe za unosom MMSI broja, i Aqua Quake funkcijom koja omogu\u0107uje uklanjanje ostataka vode iz re\u0161etke zvu\u010dnika. S NMEA0183 povezivo\u0161\u0107u za primanje DSC signala s drugih brodova i za kori\u0161tenje VHF-a kao alarmnog upozorenja iz drugih ure\u0111aja. S pripremom za AIS transponder. Opcijski HM-195GB Commandmic daljinski mikrofon mo\u017ee se tako\u0111er koristiti kao interkom i za slanje DSC poziva putem gumba za nevolju. Sa GPS antenom i 5 m kabelom, monta\u017enom konzolom, vijcima, napojnim kabelom i korisni\u010dkim priru\u010dnikom. Uskla\u0111eno s EN300388 standardima. Dimenzije: 180 x 120 x H82 mm.<\/p>\n","protected":false},"excerpt":{"rendered":"<p>VHF Icom IC-M423GE &#8211; Fiksna monta\u017ea ICOM IC-M423GE klasa D DSC VHF s mikrofonom i vanjskim GPS-om. S osvijetljenim LCD<\/p>\n","protected":false},"featured_media":5945576,"comment_status":"open","ping_status":"closed","template":"","meta":[],"product_brand":[3011],"product_cat":[1744],"product_tag":[],"class_list":{"0":"post-743718","1":"product","2":"type-product","3":"status-publish","4":"has-post-thumbnail","6":"product_brand-icom-marine-hr","7":"product_cat-brodska-elektronika","9":"first","10":"instock","11":"shipping-taxable","12":"purchasable","13":"product-type-simple"},"_links":{"self":[{"href":"https:\/\/stoic-curie.212-227-153-4.plesk.page\/hr\/wp-json\/wp\/v2\/product\/743718","targetHints":{"allow":["GET"]}}],"collection":[{"href":"https:\/\/stoic-curie.212-227-153-4.plesk.page\/hr\/wp-json\/wp\/v2\/product"}],"about":[{"href":"https:\/\/stoic-curie.212-227-153-4.plesk.page\/hr\/wp-json\/wp\/v2\/types\/product"}],"replies":[{"embeddable":true,"href":"https:\/\/stoic-curie.212-227-153-4.plesk.page\/hr\/wp-json\/wp\/v2\/comments?post=743718"}],"version-history":[{"count":0,"href":"https:\/\/stoic-curie.212-227-153-4.plesk.page\/hr\/wp-json\/wp\/v2\/product\/743718\/revisions"}],"wp:featuredmedia":[{"embeddable":true,"href":"https:\/\/stoic-curie.212-227-153-4.plesk.page\/hr\/wp-json\/wp\/v2\/media\/5945576"}],"wp:attachment":[{"href":"https:\/\/stoic-curie.212-227-153-4.plesk.page\/hr\/wp-json\/wp\/v2\/media?parent=743718"}],"wp:term":[{"taxonomy":"product_brand","embeddable":true,"href":"https:\/\/stoic-curie.212-227-153-4.plesk.page\/hr\/wp-json\/wp\/v2\/product_brand?post=743718"},{"taxonomy":"product_cat","embeddable":true,"href":"https:\/\/stoic-curie.212-227-153-4.plesk.page\/hr\/wp-json\/wp\/v2\/product_cat?post=743718"},{"taxonomy":"product_tag","embeddable":true,"href":"https:\/\/stoic-curie.212-227-153-4.plesk.page\/hr\/wp-json\/wp\/v2\/product_tag?post=743718"}],"curies":[{"name":"wp","href":"https:\/\/api.w.org\/{rel}","templated":true}]}}