{"id":743721,"date":"2025-03-03T18:39:29","date_gmt":"2025-03-03T17:39:29","guid":{"rendered":"https:\/\/stoic-curie.212-227-153-4.plesk.page\/producto\/stereo-boss-marine-mgr250b-4-x-50w\/"},"modified":"2026-02-25T00:01:10","modified_gmt":"2026-02-25T00:01:10","slug":"stereo-boss-marine-mgr250b-4-x-50w","status":"publish","type":"product","link":"https:\/\/stoic-curie.212-227-153-4.plesk.page\/hr\/product\/stereo-boss-marine-mgr250b-4-x-50w\/","title":{"rendered":"Stereo Boss Marine MGR250B 4 x 50W"},"content":{"rendered":"<p>Stereo Boss Marine MGR250B 4 x 50W &#8211; <\/p>\n<p>Okrugli, kompakt MGR150B i 250B pomorski stereo ure\u0111aji s integriranim Bluetoothom za streamanje zvuka s pametnih telefona i kompatibilnih ure\u0111aja. Vrlo jednostavni za kori\u0161tenje, bez ekrana i s osnovnim gumbima, idealni za pomorsko okru\u017eenje. Vodootporni IPx6, s USB portom na stra\u017enjoj strani i AUX ulazom. Uklju\u010duje priklju\u010dne kabele, nosa\u010d i vijke. D=debljina<\/p>\n","protected":false},"excerpt":{"rendered":"<p>Stereo Boss Marine MGR250B 4 x 50W &#8211; Okrugli, kompakt MGR150B i 250B pomorski stereo ure\u0111aji s integriranim Bluetoothom za<\/p>\n","protected":false},"featured_media":5945578,"comment_status":"open","ping_status":"closed","template":"","meta":[],"product_brand":[2841],"product_cat":[1733],"product_tag":[],"class_list":{"0":"post-743721","1":"product","2":"type-product","3":"status-publish","4":"has-post-thumbnail","6":"product_brand-boss-marine-hr","7":"product_cat-stereo-i-zvucnici","9":"first","10":"outofstock","11":"shipping-taxable","12":"purchasable","13":"product-type-simple"},"_links":{"self":[{"href":"https:\/\/stoic-curie.212-227-153-4.plesk.page\/hr\/wp-json\/wp\/v2\/product\/743721","targetHints":{"allow":["GET"]}}],"collection":[{"href":"https:\/\/stoic-curie.212-227-153-4.plesk.page\/hr\/wp-json\/wp\/v2\/product"}],"about":[{"href":"https:\/\/stoic-curie.212-227-153-4.plesk.page\/hr\/wp-json\/wp\/v2\/types\/product"}],"replies":[{"embeddable":true,"href":"https:\/\/stoic-curie.212-227-153-4.plesk.page\/hr\/wp-json\/wp\/v2\/comments?post=743721"}],"version-history":[{"count":0,"href":"https:\/\/stoic-curie.212-227-153-4.plesk.page\/hr\/wp-json\/wp\/v2\/product\/743721\/revisions"}],"wp:featuredmedia":[{"embeddable":true,"href":"https:\/\/stoic-curie.212-227-153-4.plesk.page\/hr\/wp-json\/wp\/v2\/media\/5945578"}],"wp:attachment":[{"href":"https:\/\/stoic-curie.212-227-153-4.plesk.page\/hr\/wp-json\/wp\/v2\/media?parent=743721"}],"wp:term":[{"taxonomy":"product_brand","embeddable":true,"href":"https:\/\/stoic-curie.212-227-153-4.plesk.page\/hr\/wp-json\/wp\/v2\/product_brand?post=743721"},{"taxonomy":"product_cat","embeddable":true,"href":"https:\/\/stoic-curie.212-227-153-4.plesk.page\/hr\/wp-json\/wp\/v2\/product_cat?post=743721"},{"taxonomy":"product_tag","embeddable":true,"href":"https:\/\/stoic-curie.212-227-153-4.plesk.page\/hr\/wp-json\/wp\/v2\/product_tag?post=743721"}],"curies":[{"name":"wp","href":"https:\/\/api.w.org\/{rel}","templated":true}]}}