{"id":743723,"date":"2025-03-03T18:39:30","date_gmt":"2025-03-03T17:39:30","guid":{"rendered":"https:\/\/stoic-curie.212-227-153-4.plesk.page\/producto\/marine-stereo-fusion-black-box-ms-bb100\/"},"modified":"2026-02-25T00:01:10","modified_gmt":"2026-02-25T00:01:10","slug":"marine-stereo-fusion-black-box-ms-bb100","status":"publish","type":"product","link":"https:\/\/stoic-curie.212-227-153-4.plesk.page\/hr\/product\/marine-stereo-fusion-black-box-ms-bb100\/","title":{"rendered":"Marine Stereo Fusion Black Box ms-bb100"},"content":{"rendered":"<p>Marine Stereo Fusion Black Box ms-bb100 &#8211; <\/p>\n<p>Fusion MS-BB100 morski stereo s skrivenom Black Box instalacijom i kompaktnim kontrolnim panelom za instrumente. RDS FM\/AM DAB spreman radio, USB i stra\u017enji AUX ulaz. Ugra\u0111eni Bluetooth za audio streaming s pametnih telefona i kompatibilnih ure\u0111aja. Opremljen funkcijom daljinskog upravljanja Fusion-Link koja omogu\u0107uje upravljanje stereom putem Garmin sata ili kompatibilnog NMEA2000 vi\u0161enamjenskog prikaza. Nezavisne postavke za dva odvojena audio podru\u010dja. IPx7 vodootporno, mo\u017ee se montirati ravno ili u ravnini. D=debljina<\/p>\n","protected":false},"excerpt":{"rendered":"<p>Marine Stereo Fusion Black Box ms-bb100 &#8211; Fusion MS-BB100 morski stereo s skrivenom Black Box instalacijom i kompaktnim kontrolnim panelom<\/p>\n","protected":false},"featured_media":5945580,"comment_status":"open","ping_status":"closed","template":"","meta":[],"product_brand":[2961],"product_cat":[1733],"product_tag":[],"class_list":{"0":"post-743723","1":"product","2":"type-product","3":"status-publish","4":"has-post-thumbnail","6":"product_brand-fusion-hr","7":"product_cat-stereo-i-zvucnici","9":"first","10":"instock","11":"shipping-taxable","12":"purchasable","13":"product-type-simple"},"_links":{"self":[{"href":"https:\/\/stoic-curie.212-227-153-4.plesk.page\/hr\/wp-json\/wp\/v2\/product\/743723","targetHints":{"allow":["GET"]}}],"collection":[{"href":"https:\/\/stoic-curie.212-227-153-4.plesk.page\/hr\/wp-json\/wp\/v2\/product"}],"about":[{"href":"https:\/\/stoic-curie.212-227-153-4.plesk.page\/hr\/wp-json\/wp\/v2\/types\/product"}],"replies":[{"embeddable":true,"href":"https:\/\/stoic-curie.212-227-153-4.plesk.page\/hr\/wp-json\/wp\/v2\/comments?post=743723"}],"version-history":[{"count":0,"href":"https:\/\/stoic-curie.212-227-153-4.plesk.page\/hr\/wp-json\/wp\/v2\/product\/743723\/revisions"}],"wp:featuredmedia":[{"embeddable":true,"href":"https:\/\/stoic-curie.212-227-153-4.plesk.page\/hr\/wp-json\/wp\/v2\/media\/5945580"}],"wp:attachment":[{"href":"https:\/\/stoic-curie.212-227-153-4.plesk.page\/hr\/wp-json\/wp\/v2\/media?parent=743723"}],"wp:term":[{"taxonomy":"product_brand","embeddable":true,"href":"https:\/\/stoic-curie.212-227-153-4.plesk.page\/hr\/wp-json\/wp\/v2\/product_brand?post=743723"},{"taxonomy":"product_cat","embeddable":true,"href":"https:\/\/stoic-curie.212-227-153-4.plesk.page\/hr\/wp-json\/wp\/v2\/product_cat?post=743723"},{"taxonomy":"product_tag","embeddable":true,"href":"https:\/\/stoic-curie.212-227-153-4.plesk.page\/hr\/wp-json\/wp\/v2\/product_tag?post=743723"}],"curies":[{"name":"wp","href":"https:\/\/api.w.org\/{rel}","templated":true}]}}