{"id":743724,"date":"2025-03-03T18:39:30","date_gmt":"2025-03-03T17:39:30","guid":{"rendered":"https:\/\/stoic-curie.212-227-153-4.plesk.page\/producto\/marine-stereo-fusion-ms-ra210\/"},"modified":"2026-02-25T00:01:10","modified_gmt":"2026-02-25T00:01:10","slug":"marine-stereo-fusion-ms-ra210","status":"publish","type":"product","link":"https:\/\/stoic-curie.212-227-153-4.plesk.page\/hr\/product\/marine-stereo-fusion-ms-ra210\/","title":{"rendered":"Marine stereo Fusion MS-RA210"},"content":{"rendered":"<p>Marine stereo Fusion MS-RA210 &#8211; <\/p>\n<p>Dashboard pomorski stereo Fusion MS-RA210 s LCD zaslonom od stakla. Radio spremno za RDS FM\/AM DAB, USB i stra\u017enji AUX ulazi. Ugra\u0111eni Bluetooth za pametne telefone i kompatibilno audio streamanje. Opremljen Fusion-Link funkcijom daljinskog upravlja\u010da koja omogu\u0107ava kontrolu stereo ure\u0111aja uz Garmin sat ili kompatibilan NMEA2000 vi\u0161enamjenski prikaz. Opremljen DSP (Digital Signal Processing) tehnologijom za optimizaciju zvuka u stvarnom vremenu. Nezavisne postavke za \u010detiri odvojene audio zone. Vodootporan prema IPx7, mo\u017ee se montirati ravno ili ugradnjom. Zahvaljuju\u0107i Retrofit kitu, stereo se mo\u017ee prilagoditi postoje\u0107im rupama serija 650\/750\/755. D= dubina<\/p>\n","protected":false},"excerpt":{"rendered":"<p>Marine stereo Fusion MS-RA210 &#8211; Dashboard pomorski stereo Fusion MS-RA210 s LCD zaslonom od stakla. Radio spremno za RDS FM\/AM<\/p>\n","protected":false},"featured_media":5945581,"comment_status":"open","ping_status":"closed","template":"","meta":[],"product_brand":[2961],"product_cat":[1733],"product_tag":[],"class_list":{"0":"post-743724","1":"product","2":"type-product","3":"status-publish","4":"has-post-thumbnail","6":"product_brand-fusion-hr","7":"product_cat-stereo-i-zvucnici","9":"first","10":"instock","11":"shipping-taxable","12":"purchasable","13":"product-type-simple"},"_links":{"self":[{"href":"https:\/\/stoic-curie.212-227-153-4.plesk.page\/hr\/wp-json\/wp\/v2\/product\/743724","targetHints":{"allow":["GET"]}}],"collection":[{"href":"https:\/\/stoic-curie.212-227-153-4.plesk.page\/hr\/wp-json\/wp\/v2\/product"}],"about":[{"href":"https:\/\/stoic-curie.212-227-153-4.plesk.page\/hr\/wp-json\/wp\/v2\/types\/product"}],"replies":[{"embeddable":true,"href":"https:\/\/stoic-curie.212-227-153-4.plesk.page\/hr\/wp-json\/wp\/v2\/comments?post=743724"}],"version-history":[{"count":0,"href":"https:\/\/stoic-curie.212-227-153-4.plesk.page\/hr\/wp-json\/wp\/v2\/product\/743724\/revisions"}],"wp:featuredmedia":[{"embeddable":true,"href":"https:\/\/stoic-curie.212-227-153-4.plesk.page\/hr\/wp-json\/wp\/v2\/media\/5945581"}],"wp:attachment":[{"href":"https:\/\/stoic-curie.212-227-153-4.plesk.page\/hr\/wp-json\/wp\/v2\/media?parent=743724"}],"wp:term":[{"taxonomy":"product_brand","embeddable":true,"href":"https:\/\/stoic-curie.212-227-153-4.plesk.page\/hr\/wp-json\/wp\/v2\/product_brand?post=743724"},{"taxonomy":"product_cat","embeddable":true,"href":"https:\/\/stoic-curie.212-227-153-4.plesk.page\/hr\/wp-json\/wp\/v2\/product_cat?post=743724"},{"taxonomy":"product_tag","embeddable":true,"href":"https:\/\/stoic-curie.212-227-153-4.plesk.page\/hr\/wp-json\/wp\/v2\/product_tag?post=743724"}],"curies":[{"name":"wp","href":"https:\/\/api.w.org\/{rel}","templated":true}]}}