{"id":743725,"date":"2025-03-03T18:39:30","date_gmt":"2025-03-03T17:39:30","guid":{"rendered":"https:\/\/stoic-curie.212-227-153-4.plesk.page\/producto\/marine-stereo-fusion-ms-ra670\/"},"modified":"2026-02-25T00:01:10","modified_gmt":"2026-02-25T00:01:10","slug":"marine-stereo-fusion-ms-ra670","status":"publish","type":"product","link":"https:\/\/stoic-curie.212-227-153-4.plesk.page\/hr\/product\/marine-stereo-fusion-ms-ra670\/","title":{"rendered":"Marine Stereo Fusion MS-RA670"},"content":{"rendered":"<p>Marine Stereo Fusion MS-RA670 &#8211; <\/p>\n<p>Marine stereo Fusion MS-RA670 za plo\u010de s LCD zaslonom osjetljivim na dodir s staklenom vezom. Radio RDS FM\/AM DAB spreman, USB i 2 stra\u017enja AUX ulaza. Ugra\u0111eni Wi-Fi i Bluetooth za pametne telefone i kompatibilno audio strujanje. Opremljen funkcijom daljinskog upravlja\u010da Fusion-Link koja omogu\u0107ava upravljanje stereo ure\u0111ajem putem Garmin sata ili kompatibilnog NMEA2000 vi\u0161efunkcionalnog zaslona. Opremljen DSP (digitalna obrada signala) tehnologijom za optimizaciju zvuka u stvarnom vremenu. Nezavisno upravljanje postavkama vi\u0161e zona za \u010detiri odvojene audio zone. IPx7 vodootporan, mo\u017ee se montirati ravno ili uvu\u010deno. Zahvaljuju\u0107i Retrofit kitu, stereo se mo\u017ee prilagoditi postoje\u0107im rupama serije 650\/750\/755. D= dubina<\/p>\n","protected":false},"excerpt":{"rendered":"<p>Marine Stereo Fusion MS-RA670 &#8211; Marine stereo Fusion MS-RA670 za plo\u010de s LCD zaslonom osjetljivim na dodir s staklenom vezom.<\/p>\n","protected":false},"featured_media":5945586,"comment_status":"open","ping_status":"closed","template":"","meta":[],"product_brand":[2961],"product_cat":[1733],"product_tag":[],"class_list":{"0":"post-743725","1":"product","2":"type-product","3":"status-publish","4":"has-post-thumbnail","6":"product_brand-fusion-hr","7":"product_cat-stereo-i-zvucnici","9":"first","10":"instock","11":"shipping-taxable","12":"purchasable","13":"product-type-simple"},"_links":{"self":[{"href":"https:\/\/stoic-curie.212-227-153-4.plesk.page\/hr\/wp-json\/wp\/v2\/product\/743725","targetHints":{"allow":["GET"]}}],"collection":[{"href":"https:\/\/stoic-curie.212-227-153-4.plesk.page\/hr\/wp-json\/wp\/v2\/product"}],"about":[{"href":"https:\/\/stoic-curie.212-227-153-4.plesk.page\/hr\/wp-json\/wp\/v2\/types\/product"}],"replies":[{"embeddable":true,"href":"https:\/\/stoic-curie.212-227-153-4.plesk.page\/hr\/wp-json\/wp\/v2\/comments?post=743725"}],"version-history":[{"count":0,"href":"https:\/\/stoic-curie.212-227-153-4.plesk.page\/hr\/wp-json\/wp\/v2\/product\/743725\/revisions"}],"wp:featuredmedia":[{"embeddable":true,"href":"https:\/\/stoic-curie.212-227-153-4.plesk.page\/hr\/wp-json\/wp\/v2\/media\/5945586"}],"wp:attachment":[{"href":"https:\/\/stoic-curie.212-227-153-4.plesk.page\/hr\/wp-json\/wp\/v2\/media?parent=743725"}],"wp:term":[{"taxonomy":"product_brand","embeddable":true,"href":"https:\/\/stoic-curie.212-227-153-4.plesk.page\/hr\/wp-json\/wp\/v2\/product_brand?post=743725"},{"taxonomy":"product_cat","embeddable":true,"href":"https:\/\/stoic-curie.212-227-153-4.plesk.page\/hr\/wp-json\/wp\/v2\/product_cat?post=743725"},{"taxonomy":"product_tag","embeddable":true,"href":"https:\/\/stoic-curie.212-227-153-4.plesk.page\/hr\/wp-json\/wp\/v2\/product_tag?post=743725"}],"curies":[{"name":"wp","href":"https:\/\/api.w.org\/{rel}","templated":true}]}}