{"id":743729,"date":"2025-03-03T18:39:31","date_gmt":"2025-03-03T17:39:31","guid":{"rendered":"https:\/\/stoic-curie.212-227-153-4.plesk.page\/producto\/par-fusion-xs-sport-200-w-zvucnika\/"},"modified":"2026-02-25T00:01:10","modified_gmt":"2026-02-25T00:01:10","slug":"par-fusion-xs-sport-200-w-zvucnika","status":"publish","type":"product","link":"https:\/\/stoic-curie.212-227-153-4.plesk.page\/hr\/product\/par-fusion-xs-sport-200-w-zvucnika\/","title":{"rendered":"Par Fusion xs sport 200 W zvu\u010dnika"},"content":{"rendered":"<p>Par Fusion xs sport 200 W zvu\u010dnika &#8211; <\/p>\n<p>IP65 vodootporni 2-smerni Fusion XS marinski zvu\u010dnici. Tehnologija zakrivljenog konusa s aluminijskim dome visokotoncem. S bijelom i crnom re\u0161etkom te RGB LED svjetlom koje se mo\u017ee kontrolirati pomo\u0107u opcionalne be\u017ei\u010dne upravlja\u010dke jedinice. Prodaje se u parovima.<\/p>\n","protected":false},"excerpt":{"rendered":"<p>Par Fusion xs sport 200 W zvu\u010dnika &#8211; IP65 vodootporni 2-smerni Fusion XS marinski zvu\u010dnici. Tehnologija zakrivljenog konusa s aluminijskim<\/p>\n","protected":false},"featured_media":5945592,"comment_status":"open","ping_status":"closed","template":"","meta":[],"product_brand":[2961],"product_cat":[1733],"product_tag":[],"class_list":{"0":"post-743729","1":"product","2":"type-product","3":"status-publish","4":"has-post-thumbnail","6":"product_brand-fusion-hr","7":"product_cat-stereo-i-zvucnici","9":"first","10":"instock","11":"shipping-taxable","12":"purchasable","13":"product-type-simple"},"_links":{"self":[{"href":"https:\/\/stoic-curie.212-227-153-4.plesk.page\/hr\/wp-json\/wp\/v2\/product\/743729","targetHints":{"allow":["GET"]}}],"collection":[{"href":"https:\/\/stoic-curie.212-227-153-4.plesk.page\/hr\/wp-json\/wp\/v2\/product"}],"about":[{"href":"https:\/\/stoic-curie.212-227-153-4.plesk.page\/hr\/wp-json\/wp\/v2\/types\/product"}],"replies":[{"embeddable":true,"href":"https:\/\/stoic-curie.212-227-153-4.plesk.page\/hr\/wp-json\/wp\/v2\/comments?post=743729"}],"version-history":[{"count":0,"href":"https:\/\/stoic-curie.212-227-153-4.plesk.page\/hr\/wp-json\/wp\/v2\/product\/743729\/revisions"}],"wp:featuredmedia":[{"embeddable":true,"href":"https:\/\/stoic-curie.212-227-153-4.plesk.page\/hr\/wp-json\/wp\/v2\/media\/5945592"}],"wp:attachment":[{"href":"https:\/\/stoic-curie.212-227-153-4.plesk.page\/hr\/wp-json\/wp\/v2\/media?parent=743729"}],"wp:term":[{"taxonomy":"product_brand","embeddable":true,"href":"https:\/\/stoic-curie.212-227-153-4.plesk.page\/hr\/wp-json\/wp\/v2\/product_brand?post=743729"},{"taxonomy":"product_cat","embeddable":true,"href":"https:\/\/stoic-curie.212-227-153-4.plesk.page\/hr\/wp-json\/wp\/v2\/product_cat?post=743729"},{"taxonomy":"product_tag","embeddable":true,"href":"https:\/\/stoic-curie.212-227-153-4.plesk.page\/hr\/wp-json\/wp\/v2\/product_tag?post=743729"}],"curies":[{"name":"wp","href":"https:\/\/api.w.org\/{rel}","templated":true}]}}