{"id":743730,"date":"2025-03-03T18:39:32","date_gmt":"2025-03-03T17:39:32","guid":{"rendered":"https:\/\/stoic-curie.212-227-153-4.plesk.page\/producto\/brodskii-zvucnici-fusion-xs-240-w-par\/"},"modified":"2026-02-25T00:01:10","modified_gmt":"2026-02-25T00:01:10","slug":"brodskii-zvucnici-fusion-xs-240-w-par","status":"publish","type":"product","link":"https:\/\/stoic-curie.212-227-153-4.plesk.page\/hr\/product\/brodskii-zvucnici-fusion-xs-240-w-par\/","title":{"rendered":"Brodskii zvu\u010dnici Fusion XS 240 W (par)"},"content":{"rendered":"<p>Brodskii zvu\u010dnici Fusion XS 240 W (par) &#8211; <\/p>\n<p>IP65 vodootporni 2-smerni Fusion XS morski zvu\u010dnici. Tehnologija zakrivljenog magneta s aluminijskim dome tweeterom. S bijelom i crnom re\u0161etkom te RGB LED svjetlom kojim se mo\u017ee upravljati putem opcionalne be\u017ei\u010dne kontrole. Prodaje se u parovima.<\/p>\n","protected":false},"excerpt":{"rendered":"<p>Brodskii zvu\u010dnici Fusion XS 240 W (par) &#8211; IP65 vodootporni 2-smerni Fusion XS morski zvu\u010dnici. Tehnologija zakrivljenog magneta s aluminijskim<\/p>\n","protected":false},"featured_media":5945592,"comment_status":"open","ping_status":"closed","template":"","meta":[],"product_brand":[2961],"product_cat":[1733],"product_tag":[],"class_list":{"0":"post-743730","1":"product","2":"type-product","3":"status-publish","4":"has-post-thumbnail","6":"product_brand-fusion-hr","7":"product_cat-stereo-i-zvucnici","9":"first","10":"instock","11":"shipping-taxable","12":"purchasable","13":"product-type-simple"},"_links":{"self":[{"href":"https:\/\/stoic-curie.212-227-153-4.plesk.page\/hr\/wp-json\/wp\/v2\/product\/743730","targetHints":{"allow":["GET"]}}],"collection":[{"href":"https:\/\/stoic-curie.212-227-153-4.plesk.page\/hr\/wp-json\/wp\/v2\/product"}],"about":[{"href":"https:\/\/stoic-curie.212-227-153-4.plesk.page\/hr\/wp-json\/wp\/v2\/types\/product"}],"replies":[{"embeddable":true,"href":"https:\/\/stoic-curie.212-227-153-4.plesk.page\/hr\/wp-json\/wp\/v2\/comments?post=743730"}],"version-history":[{"count":0,"href":"https:\/\/stoic-curie.212-227-153-4.plesk.page\/hr\/wp-json\/wp\/v2\/product\/743730\/revisions"}],"wp:featuredmedia":[{"embeddable":true,"href":"https:\/\/stoic-curie.212-227-153-4.plesk.page\/hr\/wp-json\/wp\/v2\/media\/5945592"}],"wp:attachment":[{"href":"https:\/\/stoic-curie.212-227-153-4.plesk.page\/hr\/wp-json\/wp\/v2\/media?parent=743730"}],"wp:term":[{"taxonomy":"product_brand","embeddable":true,"href":"https:\/\/stoic-curie.212-227-153-4.plesk.page\/hr\/wp-json\/wp\/v2\/product_brand?post=743730"},{"taxonomy":"product_cat","embeddable":true,"href":"https:\/\/stoic-curie.212-227-153-4.plesk.page\/hr\/wp-json\/wp\/v2\/product_cat?post=743730"},{"taxonomy":"product_tag","embeddable":true,"href":"https:\/\/stoic-curie.212-227-153-4.plesk.page\/hr\/wp-json\/wp\/v2\/product_tag?post=743730"}],"curies":[{"name":"wp","href":"https:\/\/api.w.org\/{rel}","templated":true}]}}