{"id":743731,"date":"2025-03-03T18:39:32","date_gmt":"2025-03-03T17:39:32","guid":{"rendered":"https:\/\/stoic-curie.212-227-153-4.plesk.page\/producto\/bezicni-daljinski-upravljac-za-fusion-xs-sport-zvucnike\/"},"modified":"2026-02-25T00:01:10","modified_gmt":"2026-02-25T00:01:10","slug":"bezicni-daljinski-upravljac-za-fusion-xs-sport-zvucnike","status":"publish","type":"product","link":"https:\/\/stoic-curie.212-227-153-4.plesk.page\/hr\/product\/bezicni-daljinski-upravljac-za-fusion-xs-sport-zvucnike\/","title":{"rendered":"Be\u017ei\u010dni daljinski upravlja\u010d za Fusion xs sport zvucnike"},"content":{"rendered":"<p>Be\u017ei\u010dni daljinski upravlja\u010d za Fusion xs sport zvucnike &#8211; <\/p>\n<p>IP65 vodootporni Fusion XS marinski subwoofer. S bijelom i crnom re\u0161etkom te RGB LED svjetlom koje se mo\u017ee upravljati putem neobavezne be\u017ei\u010dne kontrole.<\/p>\n","protected":false},"excerpt":{"rendered":"<p>Be\u017ei\u010dni daljinski upravlja\u010d za Fusion xs sport zvucnike &#8211; IP65 vodootporni Fusion XS marinski subwoofer. S bijelom i crnom re\u0161etkom<\/p>\n","protected":false},"featured_media":5945594,"comment_status":"open","ping_status":"closed","template":"","meta":[],"product_brand":[2961],"product_cat":[1733],"product_tag":[],"class_list":{"0":"post-743731","1":"product","2":"type-product","3":"status-publish","4":"has-post-thumbnail","6":"product_brand-fusion-hr","7":"product_cat-stereo-i-zvucnici","9":"first","10":"instock","11":"shipping-taxable","12":"purchasable","13":"product-type-simple"},"_links":{"self":[{"href":"https:\/\/stoic-curie.212-227-153-4.plesk.page\/hr\/wp-json\/wp\/v2\/product\/743731","targetHints":{"allow":["GET"]}}],"collection":[{"href":"https:\/\/stoic-curie.212-227-153-4.plesk.page\/hr\/wp-json\/wp\/v2\/product"}],"about":[{"href":"https:\/\/stoic-curie.212-227-153-4.plesk.page\/hr\/wp-json\/wp\/v2\/types\/product"}],"replies":[{"embeddable":true,"href":"https:\/\/stoic-curie.212-227-153-4.plesk.page\/hr\/wp-json\/wp\/v2\/comments?post=743731"}],"version-history":[{"count":0,"href":"https:\/\/stoic-curie.212-227-153-4.plesk.page\/hr\/wp-json\/wp\/v2\/product\/743731\/revisions"}],"wp:featuredmedia":[{"embeddable":true,"href":"https:\/\/stoic-curie.212-227-153-4.plesk.page\/hr\/wp-json\/wp\/v2\/media\/5945594"}],"wp:attachment":[{"href":"https:\/\/stoic-curie.212-227-153-4.plesk.page\/hr\/wp-json\/wp\/v2\/media?parent=743731"}],"wp:term":[{"taxonomy":"product_brand","embeddable":true,"href":"https:\/\/stoic-curie.212-227-153-4.plesk.page\/hr\/wp-json\/wp\/v2\/product_brand?post=743731"},{"taxonomy":"product_cat","embeddable":true,"href":"https:\/\/stoic-curie.212-227-153-4.plesk.page\/hr\/wp-json\/wp\/v2\/product_cat?post=743731"},{"taxonomy":"product_tag","embeddable":true,"href":"https:\/\/stoic-curie.212-227-153-4.plesk.page\/hr\/wp-json\/wp\/v2\/product_tag?post=743731"}],"curies":[{"name":"wp","href":"https:\/\/api.w.org\/{rel}","templated":true}]}}