{"id":743733,"date":"2025-03-03T18:39:33","date_gmt":"2025-03-03T17:39:33","guid":{"rendered":"https:\/\/stoic-curie.212-227-153-4.plesk.page\/producto\/brodski-aparat-za-gasenje-pozara-6-kg-34-a-183-b-c\/"},"modified":"2026-02-25T00:01:10","modified_gmt":"2026-02-25T00:01:10","slug":"brodski-aparat-za-gasenje-pozara-6-kg-34-a-183-b-c","status":"publish","type":"product","link":"https:\/\/stoic-curie.212-227-153-4.plesk.page\/hr\/product\/brodski-aparat-za-gasenje-pozara-6-kg-34-a-183-b-c\/","title":{"rendered":"Brodski aparat za ga\u0161enje po\u017eara 6 kg (34 A-183 B-C)"},"content":{"rendered":"<p>Brodski aparat za ga\u0161enje po\u017eara 6 kg (34 A-183 B-C) &#8211; <\/p>\n<p>Odobren prah za ga\u0161enje po\u017eara prema M.E.D. 96\/98\/EZ i CE 0029 EN3. Dolazi s manometrom za punjenje i otisnutim datumom proizvodnje. Prodaje se bez oznake isteka (nije potrebno za male plovila). Oznaku isteka za \u010damce treba zatra\u017eiti od tehni\u010dara za odr\u017eavanje aparata za ga\u0161enje po\u017eara.<\/p>\n","protected":false},"excerpt":{"rendered":"<p>Brodski aparat za ga\u0161enje po\u017eara 6 kg (34 A-183 B-C) &#8211; Odobren prah za ga\u0161enje po\u017eara prema M.E.D. 96\/98\/EZ i<\/p>\n","protected":false},"featured_media":5945606,"comment_status":"open","ping_status":"closed","template":"","meta":[],"product_brand":[2776],"product_cat":[1600],"product_tag":[],"class_list":{"0":"post-743733","1":"product","2":"type-product","3":"status-publish","4":"has-post-thumbnail","6":"product_brand-anaf-marine-hr","7":"product_cat-brodski-aparati-za-gasenje-pozara","9":"first","10":"instock","11":"shipping-taxable","12":"purchasable","13":"product-type-simple"},"_links":{"self":[{"href":"https:\/\/stoic-curie.212-227-153-4.plesk.page\/hr\/wp-json\/wp\/v2\/product\/743733","targetHints":{"allow":["GET"]}}],"collection":[{"href":"https:\/\/stoic-curie.212-227-153-4.plesk.page\/hr\/wp-json\/wp\/v2\/product"}],"about":[{"href":"https:\/\/stoic-curie.212-227-153-4.plesk.page\/hr\/wp-json\/wp\/v2\/types\/product"}],"replies":[{"embeddable":true,"href":"https:\/\/stoic-curie.212-227-153-4.plesk.page\/hr\/wp-json\/wp\/v2\/comments?post=743733"}],"version-history":[{"count":0,"href":"https:\/\/stoic-curie.212-227-153-4.plesk.page\/hr\/wp-json\/wp\/v2\/product\/743733\/revisions"}],"wp:featuredmedia":[{"embeddable":true,"href":"https:\/\/stoic-curie.212-227-153-4.plesk.page\/hr\/wp-json\/wp\/v2\/media\/5945606"}],"wp:attachment":[{"href":"https:\/\/stoic-curie.212-227-153-4.plesk.page\/hr\/wp-json\/wp\/v2\/media?parent=743733"}],"wp:term":[{"taxonomy":"product_brand","embeddable":true,"href":"https:\/\/stoic-curie.212-227-153-4.plesk.page\/hr\/wp-json\/wp\/v2\/product_brand?post=743733"},{"taxonomy":"product_cat","embeddable":true,"href":"https:\/\/stoic-curie.212-227-153-4.plesk.page\/hr\/wp-json\/wp\/v2\/product_cat?post=743733"},{"taxonomy":"product_tag","embeddable":true,"href":"https:\/\/stoic-curie.212-227-153-4.plesk.page\/hr\/wp-json\/wp\/v2\/product_tag?post=743733"}],"curies":[{"name":"wp","href":"https:\/\/api.w.org\/{rel}","templated":true}]}}