{"id":743735,"date":"2025-03-03T18:39:33","date_gmt":"2025-03-03T17:39:33","guid":{"rendered":"https:\/\/stoic-curie.212-227-153-4.plesk.page\/producto\/automatski-aparat-za-gasenje-pozara-od-6-kg-abc\/"},"modified":"2026-02-25T00:01:10","modified_gmt":"2026-02-25T00:01:10","slug":"automatski-aparat-za-gasenje-pozara-od-6-kg-abc","status":"publish","type":"product","link":"https:\/\/stoic-curie.212-227-153-4.plesk.page\/hr\/product\/automatski-aparat-za-gasenje-pozara-od-6-kg-abc\/","title":{"rendered":"Automatski aparat za ga\u0161enje po\u017eara od 6 kg ABC"},"content":{"rendered":"<p>Automatski aparat za ga\u0161enje po\u017eara od 6 kg ABC &#8211; <\/p>\n<p>CE0029 odobren automatski aparat za ga\u0161enje suhim prahom. Automatski se aktivira kada temperatura dosegne 68\u00c2\u00b079\u00c2\u00b0. Sa otisnutim datumom proizvodnje. Prodaje se bez oznake isteka (nije potrebno za male plovila). Za \u010damce, oznaku isteka potrebno je zatra\u017eiti od tehni\u010dara za odr\u017eavanje aparata za ga\u0161enje. <\/p>\n","protected":false},"excerpt":{"rendered":"<p>Automatski aparat za ga\u0161enje po\u017eara od 6 kg ABC &#8211; CE0029 odobren automatski aparat za ga\u0161enje suhim prahom. Automatski se<\/p>\n","protected":false},"featured_media":5945611,"comment_status":"open","ping_status":"closed","template":"","meta":[],"product_brand":[2776],"product_cat":[1600],"product_tag":[],"class_list":{"0":"post-743735","1":"product","2":"type-product","3":"status-publish","4":"has-post-thumbnail","6":"product_brand-anaf-marine-hr","7":"product_cat-brodski-aparati-za-gasenje-pozara","9":"first","10":"outofstock","11":"shipping-taxable","12":"purchasable","13":"product-type-simple"},"_links":{"self":[{"href":"https:\/\/stoic-curie.212-227-153-4.plesk.page\/hr\/wp-json\/wp\/v2\/product\/743735","targetHints":{"allow":["GET"]}}],"collection":[{"href":"https:\/\/stoic-curie.212-227-153-4.plesk.page\/hr\/wp-json\/wp\/v2\/product"}],"about":[{"href":"https:\/\/stoic-curie.212-227-153-4.plesk.page\/hr\/wp-json\/wp\/v2\/types\/product"}],"replies":[{"embeddable":true,"href":"https:\/\/stoic-curie.212-227-153-4.plesk.page\/hr\/wp-json\/wp\/v2\/comments?post=743735"}],"version-history":[{"count":0,"href":"https:\/\/stoic-curie.212-227-153-4.plesk.page\/hr\/wp-json\/wp\/v2\/product\/743735\/revisions"}],"wp:featuredmedia":[{"embeddable":true,"href":"https:\/\/stoic-curie.212-227-153-4.plesk.page\/hr\/wp-json\/wp\/v2\/media\/5945611"}],"wp:attachment":[{"href":"https:\/\/stoic-curie.212-227-153-4.plesk.page\/hr\/wp-json\/wp\/v2\/media?parent=743735"}],"wp:term":[{"taxonomy":"product_brand","embeddable":true,"href":"https:\/\/stoic-curie.212-227-153-4.plesk.page\/hr\/wp-json\/wp\/v2\/product_brand?post=743735"},{"taxonomy":"product_cat","embeddable":true,"href":"https:\/\/stoic-curie.212-227-153-4.plesk.page\/hr\/wp-json\/wp\/v2\/product_cat?post=743735"},{"taxonomy":"product_tag","embeddable":true,"href":"https:\/\/stoic-curie.212-227-153-4.plesk.page\/hr\/wp-json\/wp\/v2\/product_tag?post=743735"}],"curies":[{"name":"wp","href":"https:\/\/api.w.org\/{rel}","templated":true}]}}