{"id":743738,"date":"2025-03-03T18:39:34","date_gmt":"2025-03-03T17:39:34","guid":{"rendered":"https:\/\/stoic-curie.212-227-153-4.plesk.page\/producto\/prsluk-za-spasavanje-s-automatskim-napuhivanjem-vsg-skipper-150n\/"},"modified":"2026-02-25T00:01:10","modified_gmt":"2026-02-25T00:01:10","slug":"prsluk-za-spasavanje-s-automatskim-napuhivanjem-vsg-skipper-150n","status":"publish","type":"product","link":"https:\/\/stoic-curie.212-227-153-4.plesk.page\/hr\/product\/prsluk-za-spasavanje-s-automatskim-napuhivanjem-vsg-skipper-150n\/","title":{"rendered":"Prsluk za spa\u0161avanje s automatskim napuhivanjem VSG Skipper 150N"},"content":{"rendered":"<p>Prsluk za spa\u0161avanje s automatskim napuhivanjem VSG Skipper 150N &#8211; <\/p>\n<p>150N napuhani prsluk za spa\u0161avanje CE ISO12402-3 odobren za plovila za u\u017eitak bez ograni\u010denja. Vanjski za\u0161titni sloj od visokotla\u010dnog materijala, reflektiraju\u0107e trake, zvi\u017edaljka, usnik, ru\u010dka za podizanje i brza, pode\u0161avaju\u0107a kop\u010da. Unutarnja komora za napuhavanje s UML MK5 33g automatskom aktivacijom i ru\u010dnim povla\u010denjem. Jedna veli\u010dina za odrasle.<\/p>\n","protected":false},"excerpt":{"rendered":"<p>Prsluk za spa\u0161avanje s automatskim napuhivanjem VSG Skipper 150N &#8211; 150N napuhani prsluk za spa\u0161avanje CE ISO12402-3 odobren za plovila<\/p>\n","protected":false},"featured_media":5945621,"comment_status":"open","ping_status":"closed","template":"","meta":[],"product_brand":[3516],"product_cat":[1601],"product_tag":[],"class_list":{"0":"post-743738","1":"product","2":"type-product","3":"status-publish","4":"has-post-thumbnail","6":"product_brand-veleria-san-giorgio-hr","7":"product_cat-odobreni-prsluci-za-spasavanje","9":"first","10":"instock","11":"shipping-taxable","12":"purchasable","13":"product-type-simple"},"_links":{"self":[{"href":"https:\/\/stoic-curie.212-227-153-4.plesk.page\/hr\/wp-json\/wp\/v2\/product\/743738","targetHints":{"allow":["GET"]}}],"collection":[{"href":"https:\/\/stoic-curie.212-227-153-4.plesk.page\/hr\/wp-json\/wp\/v2\/product"}],"about":[{"href":"https:\/\/stoic-curie.212-227-153-4.plesk.page\/hr\/wp-json\/wp\/v2\/types\/product"}],"replies":[{"embeddable":true,"href":"https:\/\/stoic-curie.212-227-153-4.plesk.page\/hr\/wp-json\/wp\/v2\/comments?post=743738"}],"version-history":[{"count":0,"href":"https:\/\/stoic-curie.212-227-153-4.plesk.page\/hr\/wp-json\/wp\/v2\/product\/743738\/revisions"}],"wp:featuredmedia":[{"embeddable":true,"href":"https:\/\/stoic-curie.212-227-153-4.plesk.page\/hr\/wp-json\/wp\/v2\/media\/5945621"}],"wp:attachment":[{"href":"https:\/\/stoic-curie.212-227-153-4.plesk.page\/hr\/wp-json\/wp\/v2\/media?parent=743738"}],"wp:term":[{"taxonomy":"product_brand","embeddable":true,"href":"https:\/\/stoic-curie.212-227-153-4.plesk.page\/hr\/wp-json\/wp\/v2\/product_brand?post=743738"},{"taxonomy":"product_cat","embeddable":true,"href":"https:\/\/stoic-curie.212-227-153-4.plesk.page\/hr\/wp-json\/wp\/v2\/product_cat?post=743738"},{"taxonomy":"product_tag","embeddable":true,"href":"https:\/\/stoic-curie.212-227-153-4.plesk.page\/hr\/wp-json\/wp\/v2\/product_tag?post=743738"}],"curies":[{"name":"wp","href":"https:\/\/api.w.org\/{rel}","templated":true}]}}