{"id":743746,"date":"2025-03-03T18:39:36","date_gmt":"2025-03-03T17:39:36","guid":{"rendered":"https:\/\/stoic-curie.212-227-153-4.plesk.page\/producto\/eurovinil-ev-185-cm-camac-na-napuhavanje\/"},"modified":"2026-02-25T00:01:10","modified_gmt":"2026-02-25T00:01:10","slug":"eurovinil-ev-185-cm-camac-na-napuhavanje","status":"publish","type":"product","link":"https:\/\/stoic-curie.212-227-153-4.plesk.page\/hr\/product\/eurovinil-ev-185-cm-camac-na-napuhavanje\/","title":{"rendered":"Eurovinil Roll-Up 185cm camac na napuhavanje"},"content":{"rendered":"<p>Eurovinil Roll-Up 185cm camac na napuhavanje &#8211; <\/p>\n<p>Predstavljamo napuhivu \u010damac Eurovinil Roll-Up 185 cm. Ova tender konstrukcija izra\u0111ena je od robustne 1100D tkanine, s toplinski zavarenom PVC navlakom koja osigurava da ostane lagana i lako se namotava za prakti\u010dno skladi\u0161tenje unutar ormari\u0107a. Dizajnirana je s velikim cijevima koja uklju\u010duju rubnu za\u0161titu za u\u010dinkovito odbijanje prskanja i oja\u010dano dno s letvicama, \u0161to zna\u010dajno pove\u0107ava njezinu izdr\u017eljivost.<\/p>\n<p>Uz tender dolazi raznovrsna oprema, uklju\u010duju\u0107i pumpu, komplet za popravak, vesla, klupu, sidrenu u\u017ead i torbu za no\u0161enje. Inovativna serija Roll-up koristi naprednu tehnologiju toplinskog zatvaranja, koja ne samo da ja\u010da cjevasti okvir, ve\u0107 i jam\u010di dugotrajnu brtvu pod pritiskom, \u010dime doprinosi ukupnoj dugovje\u010dnosti tendera.<\/p>\n<p>S naglaskom na estetiku, veli\u010dinu i te\u017einu, serija Roll-up pa\u017eljivo je dizajnirana kako bi optimizirala prostor na brodu. \u010cak i najmanji model napravljen je da bude vizualno privla\u010dan i kompaktan. Ima za\u0161titu od prskanja kako bi se sprije\u010dilo prodiranje vode u jedinicu za pomicanje i izra\u0111ena je od iste izdr\u017eljive EV tkanine kao i njezini ve\u0107i srodnici.<\/p>\n<p>Ova tender mo\u017ee se prakti\u010dno pohraniti namotana u ormari\u0107u, postavljena naopako na pramcu ili u prolazima, ili osigurana na krmnim dr\u017ea\u010dima. Njezina kompaktna konstrukcija omogu\u0107uje svestrano postavljanje kroz plovilo, pru\u017eaju\u0107i udobnost tendera dok maksimalno koristi skladi\u0161ni prostor.<\/p>\n<p><strong>Tehni\u010dke specifikacije:<\/strong><\/p>\n<ul>\n<li>Model: TENDER LINE ROLL-UP<\/li>\n<li>Ukupna du\u017eina (cm): 180 \/ 210 \/ 240<\/li>\n<li>Ukupna \u0161irina (cm): 131<\/li>\n<li>Unutarnja du\u017eina (cm): 103 \/ 128 \/ 155<\/li>\n<li>Unutarnja \u0161irina (cm): 55<\/li>\n<li>Visina pramca (cm): 50<\/li>\n<li>Visina krme (cm): 38<\/li>\n<li>Promjer cjevastih struktura (cm, prosje\u010dno): 38<\/li>\n<li>Kapacitet: 2 \/ 3 osobe<\/li>\n<li>Broj prostora: 2 \/ 3<\/li>\n<li>Te\u017eina (kg): 20 \/ 23 \/ 26<\/li>\n<li>Maksimalna snaga motora (HP): 2.5 \/ 4<\/li>\n<li>Osovina: Kratka<\/li>\n<li>Dimenzije kada je namotana (cm): 80 x 30 x 45 \/ 80 x 35 x 45 \/ 85 x 35 x 45<\/li>\n<\/ul>\n","protected":false},"excerpt":{"rendered":"<p>Eurovinil Roll-Up 185cm camac na napuhavanje &#8211; Predstavljamo napuhivu \u010damac Eurovinil Roll-Up 185 cm. Ova tender konstrukcija izra\u0111ena je od<\/p>\n","protected":false},"featured_media":5945628,"comment_status":"open","ping_status":"closed","template":"","meta":[],"product_brand":[2926],"product_cat":[1833],"product_tag":[],"class_list":{"0":"post-743746","1":"product","2":"type-product","3":"status-publish","4":"has-post-thumbnail","6":"product_brand-eurovinil-hr","7":"product_cat-pomocni-camci","9":"first","10":"instock","11":"shipping-taxable","12":"purchasable","13":"product-type-simple"},"_links":{"self":[{"href":"https:\/\/stoic-curie.212-227-153-4.plesk.page\/hr\/wp-json\/wp\/v2\/product\/743746","targetHints":{"allow":["GET"]}}],"collection":[{"href":"https:\/\/stoic-curie.212-227-153-4.plesk.page\/hr\/wp-json\/wp\/v2\/product"}],"about":[{"href":"https:\/\/stoic-curie.212-227-153-4.plesk.page\/hr\/wp-json\/wp\/v2\/types\/product"}],"replies":[{"embeddable":true,"href":"https:\/\/stoic-curie.212-227-153-4.plesk.page\/hr\/wp-json\/wp\/v2\/comments?post=743746"}],"version-history":[{"count":0,"href":"https:\/\/stoic-curie.212-227-153-4.plesk.page\/hr\/wp-json\/wp\/v2\/product\/743746\/revisions"}],"wp:featuredmedia":[{"embeddable":true,"href":"https:\/\/stoic-curie.212-227-153-4.plesk.page\/hr\/wp-json\/wp\/v2\/media\/5945628"}],"wp:attachment":[{"href":"https:\/\/stoic-curie.212-227-153-4.plesk.page\/hr\/wp-json\/wp\/v2\/media?parent=743746"}],"wp:term":[{"taxonomy":"product_brand","embeddable":true,"href":"https:\/\/stoic-curie.212-227-153-4.plesk.page\/hr\/wp-json\/wp\/v2\/product_brand?post=743746"},{"taxonomy":"product_cat","embeddable":true,"href":"https:\/\/stoic-curie.212-227-153-4.plesk.page\/hr\/wp-json\/wp\/v2\/product_cat?post=743746"},{"taxonomy":"product_tag","embeddable":true,"href":"https:\/\/stoic-curie.212-227-153-4.plesk.page\/hr\/wp-json\/wp\/v2\/product_tag?post=743746"}],"curies":[{"name":"wp","href":"https:\/\/api.w.org\/{rel}","templated":true}]}}