{"id":743747,"date":"2025-03-03T18:39:37","date_gmt":"2025-03-03T17:39:37","guid":{"rendered":"https:\/\/stoic-curie.212-227-153-4.plesk.page\/producto\/eurovinil-ev-210cm-gumenjak\/"},"modified":"2026-02-25T00:01:10","modified_gmt":"2026-02-25T00:01:10","slug":"eurovinil-ev-210cm-gumenjak","status":"publish","type":"product","link":"https:\/\/stoic-curie.212-227-153-4.plesk.page\/hr\/product\/eurovinil-ev-210cm-gumenjak\/","title":{"rendered":"Eurovinil Roll-Up 210cm gumenjak"},"content":{"rendered":"<p>Eurovinil Roll-Up 210cm gumenjak &#8211; <\/p>\n<p>Inflatable Boat Eurovinil Roll-Up 210 cm. Ova gumenjak izra\u0111en je od \u010dvrstog 1100D materijala s vru\u0107e zavarivanim PVC premazom, \u0161to ga \u010dini laganim i jednostavnim za smje\u0161taj, jer se mo\u017ee lako zamotati za pohranu u ormari\u0107u. Ima velike cijevi s za\u0161titnim rubom koji odbija prskanje i oja\u010dano slatko dno, \u0161to pobolj\u0161ava njegovu izdr\u017eljivost.<\/p>\n<p>U kompletu s gumenjakom dolaze razni dodaci poput pumpe, kompleta za popravak, vesala, klupe, priveznog u\u017eeta i torbe za no\u0161enje. Nova Roll-up serija koristi naprednu tehnologiju vru\u0107eg zavarivanja koja pove\u0107ava snagu tubularnih struktura, osigurava dugotrajno brtvljenje pod pritiskom i pridonosi cjelokupnoj izdr\u017eljivosti gumenjaka.<\/p>\n<p>S naglaskom na estetiku, veli\u010dinu i te\u017einu, Roll-up serija dizajnirana je za maksimalno iskori\u0161tavanje prostora na brodu. \u010cak i najmanji model je mudro osmi\u0161ljen kako bi bio vizualno privla\u010dan i kompaktan. Uklju\u010duje za\u0161titu od prskanja kako bi sprije\u010dio ulazak vode u jedinicu za pomak i izra\u0111en je od istog robusnog EV materijala kao i njegovi ve\u0107i modeli.<\/p>\n<p>Ovaj gumenjak mo\u017ee se lako pohraniti zamotan u ormari\u0107u, postaviti naopako na pramcu ili nadgra\u0111ima, ili osigurati na krmenim nosa\u010dima. Njegov kompaktni dizajn omogu\u0107ava mu da stane na razna mjesta na brodu, pru\u017eaju\u0107i udobnost gumenjaka uz maksimiziranje u\u010dinkovitosti skladi\u0161tenja.<\/p>\n<p><strong>Tehni\u010dke specifikacije:<\/strong><\/p>\n<ul>\n<li>Model: TENDER LINE ROLL-UP<\/li>\n<li>Ukupna du\u017eina (cm): 180 \/ 210 \/ 240<\/li>\n<li>Ukupna \u0161irina (cm): 131<\/li>\n<li>Unutarnja du\u017eina (cm): 103 \/ 128 \/ 155<\/li>\n<li>Unutarnja \u0161irina (cm): 55<\/li>\n<li>Visina pramca (cm): 50<\/li>\n<li>Visina transoma (cm): 38<\/li>\n<li>Promjer tubularnih struktura (cm, prosje\u010dno): 38<\/li>\n<li>Kapacitet: 2 \/ 3 osobe<\/li>\n<li>Broj prostora: 2 \/ 3<\/li>\n<li>Te\u017eina (kg): 20 \/ 23 \/ 26<\/li>\n<li>Maksimalna snaga (HP): 2.5 \/ 4<\/li>\n<li>Osovina: Kratka<\/li>\n<li>Dimenzije kada je zamotano (cm): 80 x 30 x 45 \/ 80 x 35 x 45 \/ 85 x 35 x 45<\/li>\n<\/ul>\n","protected":false},"excerpt":{"rendered":"<p>Eurovinil Roll-Up 210cm gumenjak &#8211; Inflatable Boat Eurovinil Roll-Up 210 cm. Ova gumenjak izra\u0111en je od \u010dvrstog 1100D materijala s<\/p>\n","protected":false},"featured_media":5945628,"comment_status":"open","ping_status":"closed","template":"","meta":[],"product_brand":[2926],"product_cat":[1833],"product_tag":[],"class_list":{"0":"post-743747","1":"product","2":"type-product","3":"status-publish","4":"has-post-thumbnail","6":"product_brand-eurovinil-hr","7":"product_cat-pomocni-camci","9":"first","10":"instock","11":"shipping-taxable","12":"purchasable","13":"product-type-simple"},"_links":{"self":[{"href":"https:\/\/stoic-curie.212-227-153-4.plesk.page\/hr\/wp-json\/wp\/v2\/product\/743747","targetHints":{"allow":["GET"]}}],"collection":[{"href":"https:\/\/stoic-curie.212-227-153-4.plesk.page\/hr\/wp-json\/wp\/v2\/product"}],"about":[{"href":"https:\/\/stoic-curie.212-227-153-4.plesk.page\/hr\/wp-json\/wp\/v2\/types\/product"}],"replies":[{"embeddable":true,"href":"https:\/\/stoic-curie.212-227-153-4.plesk.page\/hr\/wp-json\/wp\/v2\/comments?post=743747"}],"version-history":[{"count":0,"href":"https:\/\/stoic-curie.212-227-153-4.plesk.page\/hr\/wp-json\/wp\/v2\/product\/743747\/revisions"}],"wp:featuredmedia":[{"embeddable":true,"href":"https:\/\/stoic-curie.212-227-153-4.plesk.page\/hr\/wp-json\/wp\/v2\/media\/5945628"}],"wp:attachment":[{"href":"https:\/\/stoic-curie.212-227-153-4.plesk.page\/hr\/wp-json\/wp\/v2\/media?parent=743747"}],"wp:term":[{"taxonomy":"product_brand","embeddable":true,"href":"https:\/\/stoic-curie.212-227-153-4.plesk.page\/hr\/wp-json\/wp\/v2\/product_brand?post=743747"},{"taxonomy":"product_cat","embeddable":true,"href":"https:\/\/stoic-curie.212-227-153-4.plesk.page\/hr\/wp-json\/wp\/v2\/product_cat?post=743747"},{"taxonomy":"product_tag","embeddable":true,"href":"https:\/\/stoic-curie.212-227-153-4.plesk.page\/hr\/wp-json\/wp\/v2\/product_tag?post=743747"}],"curies":[{"name":"wp","href":"https:\/\/api.w.org\/{rel}","templated":true}]}}