{"id":743748,"date":"2025-03-03T18:39:37","date_gmt":"2025-03-03T17:39:37","guid":{"rendered":"https:\/\/stoic-curie.212-227-153-4.plesk.page\/producto\/eurovinil-ev-240-cm-camac-na-napuhavanje\/"},"modified":"2026-02-25T00:01:10","modified_gmt":"2026-02-25T00:01:10","slug":"eurovinil-ev-240-cm-camac-na-napuhavanje","status":"publish","type":"product","link":"https:\/\/stoic-curie.212-227-153-4.plesk.page\/hr\/product\/eurovinil-ev-240-cm-camac-na-napuhavanje\/","title":{"rendered":"Eurovinil Roll-Up 240cm camac na napuhavanje"},"content":{"rendered":"<p>Eurovinil Roll-Up 240cm camac na napuhavanje &#8211; <\/p>\n<p>Napuhivi \u010damac Eurovinil Roll-Up 240cm. Ova gumenjaka izra\u0111ena je od izdr\u017eljivog 1100D materijala s toplinski zavaravanom PVC oblogom, \u0161to je \u010dini laganom i pogodnom za savijanje radi lak\u0161eg skladi\u0161tenja u stolu za \u010duvanje. Dizajnirana je s velikim cijevima koja uklju\u010duju za\u0161titu od prskanja i oja\u010dano dno s rebrastom strukturom za pobolj\u0161anu izdr\u017eljivost.<\/p>\n<p>\u010camac dolazi s nekoliko dodataka, uklju\u010duju\u0107i pumpu, set za popravak, vesla, klupu, veznu u\u017ee i torbu za no\u0161enje. Nova serija Roll-up koristi naprednu tehnologiju toplinskog zavarivanja koja pobolj\u0161ava ja\u010dinu tubularnih struktura, jam\u010di dugotrajno brtvljenje pod pritiskom i dodaje ukupnoj izdr\u017eljivosti \u010damca.<\/p>\n<p>Fokusiraju\u0107i se na estetiku, veli\u010dinu i te\u017einu, serija Roll-up dizajnirana je za optimizaciju prostora na brodu. \u010cak je i najmanji model pa\u017eljivo izra\u0111en kako bi bio vizualno privla\u010dan i kompaktan. Ima za\u0161titu od prskanja kako bi se sprije\u010dilo ulazak vode u jedinicu za izbacivanje i izra\u0111ena je od iste \u010dvrste EV tkanine kao i njegovi ve\u0107i modeli.<\/p>\n<p>Ovaj \u010damac se mo\u017ee lako skladi\u0161titi savijen u stolu za \u010duvanje, postavljen naopako na prednjem ili gornjem mostu, ili osiguran na krmenim davitima. Njegov kompaktan dizajn omogu\u0107uje mu da stane na razli\u010ditim mjestima na brodu, pru\u017eaju\u0107i udobnost \u010damca dok maksimizira u\u010dinkovitost skladi\u0161tenja.<\/p>\n<p><strong>Tehni\u010dke specifikacije:<\/strong><\/p>\n<ul>\n<li>Model: TENDER LINE ROLL-UP<\/li>\n<li>Ukupna du\u017eina (cm): 180 \/ 210 \/ 240<\/li>\n<li>Ukupna \u0161irina (cm): 131<\/li>\n<li>Unutarnja du\u017eina (cm): 103 \/ 128 \/ 155<\/li>\n<li>Unutarnja \u0161irina (cm): 55<\/li>\n<li>Visina prema kraju (cm): 50<\/li>\n<li>Visina transom (cm): 38<\/li>\n<li>Promjer tubularnih struktura (cm, prosje\u010dno): 38<\/li>\n<li>Kapacitet: 2 \/ 3 osobe<\/li>\n<li>Broj prostorija: 2 \/ 3<\/li>\n<li>Te\u017eina (kg): 20 \/ 23 \/ 26<\/li>\n<li>Maksimalna snaga (HP): 2.5 \/ 4<\/li>\n<li>Osovina: Kratka<\/li>\n<li>Dimenzije kada je savijen (cm): 80 x 30 x 45 \/ 80 x 35 x 45 \/ 85 x 35 x 45<\/li>\n<\/ul>\n","protected":false},"excerpt":{"rendered":"<p>Eurovinil Roll-Up 240cm camac na napuhavanje &#8211; Napuhivi \u010damac Eurovinil Roll-Up 240cm. Ova gumenjaka izra\u0111ena je od izdr\u017eljivog 1100D materijala<\/p>\n","protected":false},"featured_media":5945628,"comment_status":"open","ping_status":"closed","template":"","meta":[],"product_brand":[2926],"product_cat":[1833],"product_tag":[],"class_list":{"0":"post-743748","1":"product","2":"type-product","3":"status-publish","4":"has-post-thumbnail","6":"product_brand-eurovinil-hr","7":"product_cat-pomocni-camci","9":"first","10":"instock","11":"shipping-taxable","12":"purchasable","13":"product-type-simple"},"_links":{"self":[{"href":"https:\/\/stoic-curie.212-227-153-4.plesk.page\/hr\/wp-json\/wp\/v2\/product\/743748","targetHints":{"allow":["GET"]}}],"collection":[{"href":"https:\/\/stoic-curie.212-227-153-4.plesk.page\/hr\/wp-json\/wp\/v2\/product"}],"about":[{"href":"https:\/\/stoic-curie.212-227-153-4.plesk.page\/hr\/wp-json\/wp\/v2\/types\/product"}],"replies":[{"embeddable":true,"href":"https:\/\/stoic-curie.212-227-153-4.plesk.page\/hr\/wp-json\/wp\/v2\/comments?post=743748"}],"version-history":[{"count":0,"href":"https:\/\/stoic-curie.212-227-153-4.plesk.page\/hr\/wp-json\/wp\/v2\/product\/743748\/revisions"}],"wp:featuredmedia":[{"embeddable":true,"href":"https:\/\/stoic-curie.212-227-153-4.plesk.page\/hr\/wp-json\/wp\/v2\/media\/5945628"}],"wp:attachment":[{"href":"https:\/\/stoic-curie.212-227-153-4.plesk.page\/hr\/wp-json\/wp\/v2\/media?parent=743748"}],"wp:term":[{"taxonomy":"product_brand","embeddable":true,"href":"https:\/\/stoic-curie.212-227-153-4.plesk.page\/hr\/wp-json\/wp\/v2\/product_brand?post=743748"},{"taxonomy":"product_cat","embeddable":true,"href":"https:\/\/stoic-curie.212-227-153-4.plesk.page\/hr\/wp-json\/wp\/v2\/product_cat?post=743748"},{"taxonomy":"product_tag","embeddable":true,"href":"https:\/\/stoic-curie.212-227-153-4.plesk.page\/hr\/wp-json\/wp\/v2\/product_tag?post=743748"}],"curies":[{"name":"wp","href":"https:\/\/api.w.org\/{rel}","templated":true}]}}