{"id":743751,"date":"2025-03-03T18:39:38","date_gmt":"2025-03-03T17:39:38","guid":{"rendered":"https:\/\/stoic-curie.212-227-153-4.plesk.page\/producto\/tender-eurovinil-ev-rib-285cm\/"},"modified":"2026-02-25T00:01:10","modified_gmt":"2026-02-25T00:01:10","slug":"tender-eurovinil-ev-rib-285cm","status":"publish","type":"product","link":"https:\/\/stoic-curie.212-227-153-4.plesk.page\/hr\/product\/tender-eurovinil-ev-rib-285cm\/","title":{"rendered":"Tender Eurovinil EV RIB 285cm"},"content":{"rendered":"<p>Tender Eurovinil EV RIB 285cm &#8211; <\/p>\n<p style='color: rgb(34, 34, 34); font-family: Arial, Helvetica, sans-serif; font-size: small;'>Semi-rigidni tender Eurovinil EV RIB 285 cm ima dno od stakloplastike proizvedeno pomo\u0107u napredne vakuumske tehnologije, \u0161to rezultira proizvodom koji je robustan i lagan, pru\u017eaju\u0107i visoke performanse \u010dak i sa manjim motorima. Tender je izra\u0111en od visokotvrde 1100D PVC mre\u017ee, osiguravaju\u0107i trajnost i efikasnost, \u010dak i kada ga pokre\u0107u skromni motori. Njegove velike cijevi i prskaju\u0107e \u0161titnike pru\u017eaju iznimnu udobnost tijekom navigacije.<\/p>\n<p style='color: rgb(34, 34, 34); font-family: Arial, Helvetica, sans-serif; font-size: small;'>Ova linija se izdvaja po pomnoj pa\u017enji na detalje i elegantnom dizajnu. Prostrani cjevasti okvir i vodonepropusna nadstre\u0161nica pove\u0107avaju udobnost i \u0161tite putnike od ulaska vode.<\/p>\n<p style='color: rgb(34, 34, 34); font-family: Arial, Helvetica, sans-serif; font-size: small;'>Semi-rigidni \u010damci, karakterizirani elegantnom bijelom zavr\u0161nom obradom, dopunjuju svaki brod, nude\u0107i kombinaciju sofisticiranosti, jednostavnosti i performansi. Model 275DF isti\u010de se dodatnim zna\u010dajkama.<\/p>\n<p style='color: rgb(34, 34, 34); font-family: Arial, Helvetica, sans-serif; font-size: small;'>Standardna oprema uklju\u010duje:<\/p>\n<ul style='color: rgb(34, 34, 34); font-family: Arial, Helvetica, sans-serif; font-size: small;'>\n<li>Inflator<\/li>\n<li>Set za popravak<\/li>\n<li>Vesla<\/li>\n<li>Torba za \u010damac<\/li>\n<li>Sidrena u\u017ee<\/li>\n<li>Klupa<\/li>\n<\/ul>\n<p style='color: rgb(34, 34, 34); font-family: Arial, Helvetica, sans-serif; font-size: small;'>Tehni\u010dke specifikacije za liniju semi-rigidnih tendera:<\/p>\n<table style='color: rgb(34, 34, 34); font-family: Arial, Helvetica, sans-serif; font-size: small;'>\n<thead>\n<tr>\n<th>Model<\/th>\n<th>200<\/th>\n<th>220<\/th>\n<th>250<\/th>\n<th>285<\/th>\n<\/tr>\n<\/thead>\n<tbody>\n<tr>\n<td style='margin: 0px;'>Ukupna du\u017eina (cm)<\/td>\n<td style='margin: 0px;'>200<\/td>\n<td style='margin: 0px;'>220<\/td>\n<td style='margin: 0px;'>250<\/td>\n<td style='margin: 0px;'>290<\/td>\n<\/tr>\n<tr>\n<td style='margin: 0px;'>Ukupna \u0161irina (cm)<\/td>\n<td style='margin: 0px;'>147<\/td>\n<td style='margin: 0px;'>147<\/td>\n<td style='margin: 0px;'>150<\/td>\n<td style='margin: 0px;'>168<\/td>\n<\/tr>\n<tr>\n<td style='margin: 0px;'>Visina transoma (cm)<\/td>\n<td style='margin: 0px;'>38<\/td>\n<td style='margin: 0px;'>38<\/td>\n<td style='margin: 0px;'>38<\/td>\n<td style='margin: 0px;'>39<\/td>\n<\/tr>\n<tr>\n<td style='margin: 0px;'>Promjer cijevnih struktura (cm, prosje\u010dno)<\/td>\n<td style='margin: 0px;'>38<\/td>\n<td style='margin: 0px;'>38<\/td>\n<td style='margin: 0px;'>42<\/td>\n<td style='margin: 0px;'>43<\/td>\n<\/tr>\n<tr>\n<td style='margin: 0px;'>Broj osoba<\/td>\n<td style='margin: 0px;'>2<\/td>\n<td style='margin: 0px;'>2<\/td>\n<td style='margin: 0px;'>3<\/td>\n<td style='margin: 0px;'>3<\/td>\n<\/tr>\n<tr>\n<td style='margin: 0px;'>Maksimalna te\u017eina (kg)<\/td>\n<td style='margin: 0px;'>180<\/td>\n<td style='margin: 0px;'>280<\/td>\n<td style='margin: 0px;'>450<\/td>\n<td style='margin: 0px;'>550<\/td>\n<\/tr>\n<tr>\n<td style='margin: 0px;'>Broj prostorija<\/td>\n<td style='margin: 0px;'>3<\/td>\n<td style='margin: 0px;'>3<\/td>\n<td style='margin: 0px;'>3<\/td>\n<td style='margin: 0px;'>3<\/td>\n<\/tr>\n<tr>\n<td style='margin: 0px;'>Te\u017eina (kg)<\/td>\n<td style='margin: 0px;'>37<\/td>\n<td style='margin: 0px;'>39<\/td>\n<td style='margin: 0px;'>50<\/td>\n<td style='margin: 0px;'>65<\/td>\n<\/tr>\n<tr>\n<td style='margin: 0px;'>Maksimalna snaga (HP)<\/td>\n<td style='margin: 0px;'>4<\/td>\n<td style='margin: 0px;'>5<\/td>\n<td style='margin: 0px;'>10<\/td>\n<td style='margin: 0px;'>10<\/td>\n<\/tr>\n<tr>\n<td style='margin: 0px;'>Osovina<\/td>\n<td style='margin: 0px;'>Kratka<\/td>\n<td style='margin: 0px;'>Kratka<\/td>\n<td style='margin: 0px;'>Kratka<\/td>\n<td style='margin: 0px;'>Kratka<\/td>\n<\/tr>\n<tr>\n<td style='margin: 0px;'>Kategorija dizajna<\/td>\n<td style='margin: 0px;'>D<\/td>\n<td style='margin: 0px;'>D<\/td>\n<td style='margin: 0px;'>D<\/td>\n<td style='margin: 0px;'>D<\/td>\n<\/tr>\n<\/tbody>\n<\/table>\n<p style='color: rgb(34, 34, 34); font-family: Arial, Helvetica, sans-serif; font-size: small;'>Ova sveobuhvatna pregled pru\u017ea vam sve potrebne informacije za dono\u0161enje informirane odluke o va\u0161im potrebama za semi-rigidnim tenderom.<\/p>\n","protected":false},"excerpt":{"rendered":"<p>Tender Eurovinil EV RIB 285cm &#8211; Semi-rigidni tender Eurovinil EV RIB 285 cm ima dno od stakloplastike proizvedeno pomo\u0107u napredne<\/p>\n","protected":false},"featured_media":5942138,"comment_status":"open","ping_status":"closed","template":"","meta":[],"product_brand":[2926],"product_cat":[1833],"product_tag":[],"class_list":{"0":"post-743751","1":"product","2":"type-product","3":"status-publish","4":"has-post-thumbnail","6":"product_brand-eurovinil-hr","7":"product_cat-pomocni-camci","9":"first","10":"instock","11":"shipping-taxable","12":"purchasable","13":"product-type-simple"},"_links":{"self":[{"href":"https:\/\/stoic-curie.212-227-153-4.plesk.page\/hr\/wp-json\/wp\/v2\/product\/743751","targetHints":{"allow":["GET"]}}],"collection":[{"href":"https:\/\/stoic-curie.212-227-153-4.plesk.page\/hr\/wp-json\/wp\/v2\/product"}],"about":[{"href":"https:\/\/stoic-curie.212-227-153-4.plesk.page\/hr\/wp-json\/wp\/v2\/types\/product"}],"replies":[{"embeddable":true,"href":"https:\/\/stoic-curie.212-227-153-4.plesk.page\/hr\/wp-json\/wp\/v2\/comments?post=743751"}],"version-history":[{"count":0,"href":"https:\/\/stoic-curie.212-227-153-4.plesk.page\/hr\/wp-json\/wp\/v2\/product\/743751\/revisions"}],"wp:featuredmedia":[{"embeddable":true,"href":"https:\/\/stoic-curie.212-227-153-4.plesk.page\/hr\/wp-json\/wp\/v2\/media\/5942138"}],"wp:attachment":[{"href":"https:\/\/stoic-curie.212-227-153-4.plesk.page\/hr\/wp-json\/wp\/v2\/media?parent=743751"}],"wp:term":[{"taxonomy":"product_brand","embeddable":true,"href":"https:\/\/stoic-curie.212-227-153-4.plesk.page\/hr\/wp-json\/wp\/v2\/product_brand?post=743751"},{"taxonomy":"product_cat","embeddable":true,"href":"https:\/\/stoic-curie.212-227-153-4.plesk.page\/hr\/wp-json\/wp\/v2\/product_cat?post=743751"},{"taxonomy":"product_tag","embeddable":true,"href":"https:\/\/stoic-curie.212-227-153-4.plesk.page\/hr\/wp-json\/wp\/v2\/product_tag?post=743751"}],"curies":[{"name":"wp","href":"https:\/\/api.w.org\/{rel}","templated":true}]}}