{"id":743754,"date":"2025-03-03T18:39:39","date_gmt":"2025-03-03T17:39:39","guid":{"rendered":"https:\/\/stoic-curie.212-227-153-4.plesk.page\/producto\/helly-hansen-oxford-jedrilicarska-jakna-crna-xxl-velicina\/"},"modified":"2026-02-25T00:01:11","modified_gmt":"2026-02-25T00:01:11","slug":"helly-hansen-oxford-jedrilicarska-jakna-crna-xxl-velicina","status":"publish","type":"product","link":"https:\/\/stoic-curie.212-227-153-4.plesk.page\/hr\/product\/helly-hansen-oxford-jedrilicarska-jakna-crna-xxl-velicina\/","title":{"rendered":"Helly Hansen Oxford jedrili\u010darska jakna crna (XXL velicina)"},"content":{"rendered":"<p>Helly Hansen Oxford jedrili\u010darska jakna crna (XXL velicina) &#8211; <\/p>\n<p>Helly Hansen Oxford Shell jakna ima potpuno lijepljenu konstrukciju s Helly Tech\u00c2\u00ae Performance membranom, koja joj osigurava odli\u010dnu prozra\u010dnost dok ostaje vodootporna. Udobna i vrlo otporna zahvaljuju\u0107i ripstop tkanini. S odvojivom i podesivom kapulja\u010dom, unutarnjom d\u017eepu za prsa, podesivim man\u017eetama i rubom, te produ\u017eenom le\u0111ima za ve\u0107u udobnost. Ova jakna je pouzdana tijekom cijele godine, bilo da se nosi samostalno ili u kombinaciji sa osnovnim slojem i flisom.<\/p>\n","protected":false},"excerpt":{"rendered":"<p>Helly Hansen Oxford jedrili\u010darska jakna crna (XXL velicina) &#8211; Helly Hansen Oxford Shell jakna ima potpuno lijepljenu konstrukciju s Helly<\/p>\n","protected":false},"featured_media":5945636,"comment_status":"open","ping_status":"closed","template":"","meta":[],"product_brand":[3001],"product_cat":[1857],"product_tag":[],"class_list":{"0":"post-743754","1":"product","2":"type-product","3":"status-publish","4":"has-post-thumbnail","6":"product_brand-helly-hansen-hr","7":"product_cat-jedrilicarska-odjeca-helly-hansen","9":"first","10":"instock","11":"shipping-taxable","12":"purchasable","13":"product-type-simple"},"_links":{"self":[{"href":"https:\/\/stoic-curie.212-227-153-4.plesk.page\/hr\/wp-json\/wp\/v2\/product\/743754","targetHints":{"allow":["GET"]}}],"collection":[{"href":"https:\/\/stoic-curie.212-227-153-4.plesk.page\/hr\/wp-json\/wp\/v2\/product"}],"about":[{"href":"https:\/\/stoic-curie.212-227-153-4.plesk.page\/hr\/wp-json\/wp\/v2\/types\/product"}],"replies":[{"embeddable":true,"href":"https:\/\/stoic-curie.212-227-153-4.plesk.page\/hr\/wp-json\/wp\/v2\/comments?post=743754"}],"version-history":[{"count":0,"href":"https:\/\/stoic-curie.212-227-153-4.plesk.page\/hr\/wp-json\/wp\/v2\/product\/743754\/revisions"}],"wp:featuredmedia":[{"embeddable":true,"href":"https:\/\/stoic-curie.212-227-153-4.plesk.page\/hr\/wp-json\/wp\/v2\/media\/5945636"}],"wp:attachment":[{"href":"https:\/\/stoic-curie.212-227-153-4.plesk.page\/hr\/wp-json\/wp\/v2\/media?parent=743754"}],"wp:term":[{"taxonomy":"product_brand","embeddable":true,"href":"https:\/\/stoic-curie.212-227-153-4.plesk.page\/hr\/wp-json\/wp\/v2\/product_brand?post=743754"},{"taxonomy":"product_cat","embeddable":true,"href":"https:\/\/stoic-curie.212-227-153-4.plesk.page\/hr\/wp-json\/wp\/v2\/product_cat?post=743754"},{"taxonomy":"product_tag","embeddable":true,"href":"https:\/\/stoic-curie.212-227-153-4.plesk.page\/hr\/wp-json\/wp\/v2\/product_tag?post=743754"}],"curies":[{"name":"wp","href":"https:\/\/api.w.org\/{rel}","templated":true}]}}