{"id":743761,"date":"2025-03-03T18:42:09","date_gmt":"2025-03-03T17:42:09","guid":{"rendered":"https:\/\/stoic-curie.212-227-153-4.plesk.page\/producto\/hlace-za-jedrenje-helly-hansen-oxford-plava-velicina-58\/"},"modified":"2026-02-25T00:01:11","modified_gmt":"2026-02-25T00:01:11","slug":"hlace-za-jedrenje-helly-hansen-oxford-plava-velicina-58","status":"publish","type":"product","link":"https:\/\/stoic-curie.212-227-153-4.plesk.page\/hr\/product\/hlace-za-jedrenje-helly-hansen-oxford-plava-velicina-58\/","title":{"rendered":"Hlace za jedrenje Helly Hansen Oxford Plava (velicina 58)"},"content":{"rendered":"<p>Hlace za jedrenje Helly Hansen Oxford Plava (velicina 58) &#8211; <\/p>\n<p>Helly Hansen Oxford kombinezon s elasti\u010dnim naramenicama i 4-smjernim rastezanjem sa strane predstavlja savr\u0161en izbor kada su potrebni udobnost i izdr\u017eljivost. Ima d\u017eep na prsima s zatvaranjem, elasti\u010dnu struk za savr\u0161eno stvaranje i slobodu kretanja, \u0161iroke petlje za remen, stra\u017enje d\u017eepove, bo\u010dni d\u017eep s zatvaranjem, oja\u010danu tkaninu na koljenima i donjem rubu, d\u017eepove za jastu\u010di\u0107e za koljena dostupne iznutra i mogu\u0107nost pove\u0107anja duljine nogavica za 5 cm.<\/p>\n","protected":false},"excerpt":{"rendered":"<p>Hlace za jedrenje Helly Hansen Oxford Plava (velicina 58) &#8211; Helly Hansen Oxford kombinezon s elasti\u010dnim naramenicama i 4-smjernim rastezanjem<\/p>\n","protected":false},"featured_media":5945640,"comment_status":"open","ping_status":"closed","template":"","meta":[],"product_brand":[3001],"product_cat":[1857],"product_tag":[],"class_list":{"0":"post-743761","1":"product","2":"type-product","3":"status-publish","4":"has-post-thumbnail","6":"product_brand-helly-hansen-hr","7":"product_cat-jedrilicarska-odjeca-helly-hansen","9":"first","10":"instock","11":"shipping-taxable","12":"purchasable","13":"product-type-simple"},"_links":{"self":[{"href":"https:\/\/stoic-curie.212-227-153-4.plesk.page\/hr\/wp-json\/wp\/v2\/product\/743761","targetHints":{"allow":["GET"]}}],"collection":[{"href":"https:\/\/stoic-curie.212-227-153-4.plesk.page\/hr\/wp-json\/wp\/v2\/product"}],"about":[{"href":"https:\/\/stoic-curie.212-227-153-4.plesk.page\/hr\/wp-json\/wp\/v2\/types\/product"}],"replies":[{"embeddable":true,"href":"https:\/\/stoic-curie.212-227-153-4.plesk.page\/hr\/wp-json\/wp\/v2\/comments?post=743761"}],"version-history":[{"count":0,"href":"https:\/\/stoic-curie.212-227-153-4.plesk.page\/hr\/wp-json\/wp\/v2\/product\/743761\/revisions"}],"wp:featuredmedia":[{"embeddable":true,"href":"https:\/\/stoic-curie.212-227-153-4.plesk.page\/hr\/wp-json\/wp\/v2\/media\/5945640"}],"wp:attachment":[{"href":"https:\/\/stoic-curie.212-227-153-4.plesk.page\/hr\/wp-json\/wp\/v2\/media?parent=743761"}],"wp:term":[{"taxonomy":"product_brand","embeddable":true,"href":"https:\/\/stoic-curie.212-227-153-4.plesk.page\/hr\/wp-json\/wp\/v2\/product_brand?post=743761"},{"taxonomy":"product_cat","embeddable":true,"href":"https:\/\/stoic-curie.212-227-153-4.plesk.page\/hr\/wp-json\/wp\/v2\/product_cat?post=743761"},{"taxonomy":"product_tag","embeddable":true,"href":"https:\/\/stoic-curie.212-227-153-4.plesk.page\/hr\/wp-json\/wp\/v2\/product_tag?post=743761"}],"curies":[{"name":"wp","href":"https:\/\/api.w.org\/{rel}","templated":true}]}}