{"id":743763,"date":"2025-03-03T18:42:10","date_gmt":"2025-03-03T17:42:10","guid":{"rendered":"https:\/\/stoic-curie.212-227-153-4.plesk.page\/producto\/hlace-za-jedrenje-helly-hansen-oxford-crna-velicina-48\/"},"modified":"2026-02-25T00:01:11","modified_gmt":"2026-02-25T00:01:11","slug":"hlace-za-jedrenje-helly-hansen-oxford-crna-velicina-48","status":"publish","type":"product","link":"https:\/\/stoic-curie.212-227-153-4.plesk.page\/hr\/product\/hlace-za-jedrenje-helly-hansen-oxford-crna-velicina-48\/","title":{"rendered":"Hlace za jedrenje Helly Hansen Oxford crna (Velicina 48)"},"content":{"rendered":"<p>Hlace za jedrenje Helly Hansen Oxford crna (Velicina 48) &#8211; <\/p>\n<p>Helly Hansen Oxford kombinezoni s elasti\u010dnim naramenicama i 4-smjernim rastezanjem sa strane savr\u0161en su izbor kada su potrebni udobnost i izdr\u017eljivost. S d\u017eepom na prsima sa zatvaranjem, elasti\u010dnim pojasom za savr\u0161eno pristajanje i slobodu pokreta, \u0161irokim petljama za remen, stra\u017enjim d\u017eepovima, d\u017eepom na bedru sa zatvaranjem, oja\u010danim materijalom na koljenima i donjem rubu, d\u017eepovima za koljena dostupnim iznutra i mogu\u0107no\u0161\u0107u produljenja duljine nogavica za 5 cm.<\/p>\n","protected":false},"excerpt":{"rendered":"<p>Hlace za jedrenje Helly Hansen Oxford crna (Velicina 48) &#8211; Helly Hansen Oxford kombinezoni s elasti\u010dnim naramenicama i 4-smjernim rastezanjem<\/p>\n","protected":false},"featured_media":5945640,"comment_status":"open","ping_status":"closed","template":"","meta":[],"product_brand":[3001],"product_cat":[1857],"product_tag":[],"class_list":{"0":"post-743763","1":"product","2":"type-product","3":"status-publish","4":"has-post-thumbnail","6":"product_brand-helly-hansen-hr","7":"product_cat-jedrilicarska-odjeca-helly-hansen","9":"first","10":"instock","11":"shipping-taxable","12":"purchasable","13":"product-type-simple"},"_links":{"self":[{"href":"https:\/\/stoic-curie.212-227-153-4.plesk.page\/hr\/wp-json\/wp\/v2\/product\/743763","targetHints":{"allow":["GET"]}}],"collection":[{"href":"https:\/\/stoic-curie.212-227-153-4.plesk.page\/hr\/wp-json\/wp\/v2\/product"}],"about":[{"href":"https:\/\/stoic-curie.212-227-153-4.plesk.page\/hr\/wp-json\/wp\/v2\/types\/product"}],"replies":[{"embeddable":true,"href":"https:\/\/stoic-curie.212-227-153-4.plesk.page\/hr\/wp-json\/wp\/v2\/comments?post=743763"}],"version-history":[{"count":0,"href":"https:\/\/stoic-curie.212-227-153-4.plesk.page\/hr\/wp-json\/wp\/v2\/product\/743763\/revisions"}],"wp:featuredmedia":[{"embeddable":true,"href":"https:\/\/stoic-curie.212-227-153-4.plesk.page\/hr\/wp-json\/wp\/v2\/media\/5945640"}],"wp:attachment":[{"href":"https:\/\/stoic-curie.212-227-153-4.plesk.page\/hr\/wp-json\/wp\/v2\/media?parent=743763"}],"wp:term":[{"taxonomy":"product_brand","embeddable":true,"href":"https:\/\/stoic-curie.212-227-153-4.plesk.page\/hr\/wp-json\/wp\/v2\/product_brand?post=743763"},{"taxonomy":"product_cat","embeddable":true,"href":"https:\/\/stoic-curie.212-227-153-4.plesk.page\/hr\/wp-json\/wp\/v2\/product_cat?post=743763"},{"taxonomy":"product_tag","embeddable":true,"href":"https:\/\/stoic-curie.212-227-153-4.plesk.page\/hr\/wp-json\/wp\/v2\/product_tag?post=743763"}],"curies":[{"name":"wp","href":"https:\/\/api.w.org\/{rel}","templated":true}]}}