{"id":743765,"date":"2025-03-03T18:42:11","date_gmt":"2025-03-03T17:42:11","guid":{"rendered":"https:\/\/stoic-curie.212-227-153-4.plesk.page\/producto\/hlace-za-jedrenje-helly-hansen-oxford-crna-velicina-52\/"},"modified":"2026-02-25T00:01:11","modified_gmt":"2026-02-25T00:01:11","slug":"hlace-za-jedrenje-helly-hansen-oxford-crna-velicina-52","status":"publish","type":"product","link":"https:\/\/stoic-curie.212-227-153-4.plesk.page\/hr\/product\/hlace-za-jedrenje-helly-hansen-oxford-crna-velicina-52\/","title":{"rendered":"Hlace za jedrenje Helly Hansen Oxford crna (Velicina 52)"},"content":{"rendered":"<p>Hlace za jedrenje Helly Hansen Oxford crna (Velicina 52) &#8211; <\/p>\n<p>Helly Hansen Oxford radna odje\u0107a s elasti\u010dnim naramenicama i 4-smjernim rastezljivim stranama je savr\u0161en izbor kada je potrebna i udobnost i trajnost. Ima prsnu torbu s zatvara\u010dem, elasti\u010dnu traku u struku za savr\u0161eno prilago\u0111avanje i slobodu kretanja, \u0161iroke petlje za pojas, stra\u017enje d\u017eepove, bo\u010dni d\u017eep s zatvara\u010dem, oja\u010dano platno na koljenima i donjem rubu, d\u017eepovi za jastu\u010di\u0107e za koljena dostupni iznutra i mogu\u0107nost produ\u017eivanja nogavica za 5 cm.<\/p>\n","protected":false},"excerpt":{"rendered":"<p>Hlace za jedrenje Helly Hansen Oxford crna (Velicina 52) &#8211; Helly Hansen Oxford radna odje\u0107a s elasti\u010dnim naramenicama i 4-smjernim<\/p>\n","protected":false},"featured_media":5945640,"comment_status":"open","ping_status":"closed","template":"","meta":[],"product_brand":[3001],"product_cat":[1857],"product_tag":[],"class_list":{"0":"post-743765","1":"product","2":"type-product","3":"status-publish","4":"has-post-thumbnail","6":"product_brand-helly-hansen-hr","7":"product_cat-jedrilicarska-odjeca-helly-hansen","9":"first","10":"instock","11":"shipping-taxable","12":"purchasable","13":"product-type-simple"},"_links":{"self":[{"href":"https:\/\/stoic-curie.212-227-153-4.plesk.page\/hr\/wp-json\/wp\/v2\/product\/743765","targetHints":{"allow":["GET"]}}],"collection":[{"href":"https:\/\/stoic-curie.212-227-153-4.plesk.page\/hr\/wp-json\/wp\/v2\/product"}],"about":[{"href":"https:\/\/stoic-curie.212-227-153-4.plesk.page\/hr\/wp-json\/wp\/v2\/types\/product"}],"replies":[{"embeddable":true,"href":"https:\/\/stoic-curie.212-227-153-4.plesk.page\/hr\/wp-json\/wp\/v2\/comments?post=743765"}],"version-history":[{"count":0,"href":"https:\/\/stoic-curie.212-227-153-4.plesk.page\/hr\/wp-json\/wp\/v2\/product\/743765\/revisions"}],"wp:featuredmedia":[{"embeddable":true,"href":"https:\/\/stoic-curie.212-227-153-4.plesk.page\/hr\/wp-json\/wp\/v2\/media\/5945640"}],"wp:attachment":[{"href":"https:\/\/stoic-curie.212-227-153-4.plesk.page\/hr\/wp-json\/wp\/v2\/media?parent=743765"}],"wp:term":[{"taxonomy":"product_brand","embeddable":true,"href":"https:\/\/stoic-curie.212-227-153-4.plesk.page\/hr\/wp-json\/wp\/v2\/product_brand?post=743765"},{"taxonomy":"product_cat","embeddable":true,"href":"https:\/\/stoic-curie.212-227-153-4.plesk.page\/hr\/wp-json\/wp\/v2\/product_cat?post=743765"},{"taxonomy":"product_tag","embeddable":true,"href":"https:\/\/stoic-curie.212-227-153-4.plesk.page\/hr\/wp-json\/wp\/v2\/product_tag?post=743765"}],"curies":[{"name":"wp","href":"https:\/\/api.w.org\/{rel}","templated":true}]}}