{"id":743766,"date":"2025-03-03T18:42:11","date_gmt":"2025-03-03T17:42:11","guid":{"rendered":"https:\/\/stoic-curie.212-227-153-4.plesk.page\/producto\/hlace-za-jedrenje-helly-hansen-oxford-crna-velicina-54\/"},"modified":"2026-02-25T00:01:11","modified_gmt":"2026-02-25T00:01:11","slug":"hlace-za-jedrenje-helly-hansen-oxford-crna-velicina-54","status":"publish","type":"product","link":"https:\/\/stoic-curie.212-227-153-4.plesk.page\/hr\/product\/hlace-za-jedrenje-helly-hansen-oxford-crna-velicina-54\/","title":{"rendered":"Hlace za jedrenje Helly Hansen Oxford crna (Velicina 54)"},"content":{"rendered":"<p>Hlace za jedrenje Helly Hansen Oxford crna (Velicina 54) &#8211; <\/p>\n<p>Helly Hansen Oxford kombinezoni s elasti\u010dnim naramenicama i 4-way rastezanjem sa strane savr\u0161en su izbor kada su potrebni i udobnost i izdr\u017eljivost. Ima prednji d\u017eep s kop\u010danjem, elasti\u010dnu struk za savr\u0161eno pristajanje i slobodu kretanja, \u0161iroke petlje za remen, stra\u017enje d\u017eepove, bo\u010dni d\u017eep s kop\u010danjem, oja\u010dani materijal na koljenima i donjem rubu, d\u017eepove za jastu\u010di\u0107e za koljena pristupa\u010dne iznutra i mogu\u0107nost pove\u0107anja du\u017eine nogavica za 5 cm.<\/p>\n","protected":false},"excerpt":{"rendered":"<p>Hlace za jedrenje Helly Hansen Oxford crna (Velicina 54) &#8211; Helly Hansen Oxford kombinezoni s elasti\u010dnim naramenicama i 4-way rastezanjem<\/p>\n","protected":false},"featured_media":5945640,"comment_status":"open","ping_status":"closed","template":"","meta":[],"product_brand":[3001],"product_cat":[1857],"product_tag":[],"class_list":{"0":"post-743766","1":"product","2":"type-product","3":"status-publish","4":"has-post-thumbnail","6":"product_brand-helly-hansen-hr","7":"product_cat-jedrilicarska-odjeca-helly-hansen","9":"first","10":"instock","11":"shipping-taxable","12":"purchasable","13":"product-type-simple"},"_links":{"self":[{"href":"https:\/\/stoic-curie.212-227-153-4.plesk.page\/hr\/wp-json\/wp\/v2\/product\/743766","targetHints":{"allow":["GET"]}}],"collection":[{"href":"https:\/\/stoic-curie.212-227-153-4.plesk.page\/hr\/wp-json\/wp\/v2\/product"}],"about":[{"href":"https:\/\/stoic-curie.212-227-153-4.plesk.page\/hr\/wp-json\/wp\/v2\/types\/product"}],"replies":[{"embeddable":true,"href":"https:\/\/stoic-curie.212-227-153-4.plesk.page\/hr\/wp-json\/wp\/v2\/comments?post=743766"}],"version-history":[{"count":0,"href":"https:\/\/stoic-curie.212-227-153-4.plesk.page\/hr\/wp-json\/wp\/v2\/product\/743766\/revisions"}],"wp:featuredmedia":[{"embeddable":true,"href":"https:\/\/stoic-curie.212-227-153-4.plesk.page\/hr\/wp-json\/wp\/v2\/media\/5945640"}],"wp:attachment":[{"href":"https:\/\/stoic-curie.212-227-153-4.plesk.page\/hr\/wp-json\/wp\/v2\/media?parent=743766"}],"wp:term":[{"taxonomy":"product_brand","embeddable":true,"href":"https:\/\/stoic-curie.212-227-153-4.plesk.page\/hr\/wp-json\/wp\/v2\/product_brand?post=743766"},{"taxonomy":"product_cat","embeddable":true,"href":"https:\/\/stoic-curie.212-227-153-4.plesk.page\/hr\/wp-json\/wp\/v2\/product_cat?post=743766"},{"taxonomy":"product_tag","embeddable":true,"href":"https:\/\/stoic-curie.212-227-153-4.plesk.page\/hr\/wp-json\/wp\/v2\/product_tag?post=743766"}],"curies":[{"name":"wp","href":"https:\/\/api.w.org\/{rel}","templated":true}]}}