{"id":743767,"date":"2025-03-03T18:42:12","date_gmt":"2025-03-03T17:42:12","guid":{"rendered":"https:\/\/stoic-curie.212-227-153-4.plesk.page\/producto\/lagana-fleece-jakna-helly-hansen-oxford-plava-xxl-velicina\/"},"modified":"2026-02-25T00:01:11","modified_gmt":"2026-02-25T00:01:11","slug":"lagana-fleece-jakna-helly-hansen-oxford-plava-xxl-velicina","status":"publish","type":"product","link":"https:\/\/stoic-curie.212-227-153-4.plesk.page\/hr\/product\/lagana-fleece-jakna-helly-hansen-oxford-plava-xxl-velicina\/","title":{"rendered":"Lagana fleece jakna Helly Hansen Oxford Plava (XXL velicina)"},"content":{"rendered":"<p>Lagana fleece jakna Helly Hansen Oxford Plava (XXL velicina) &#8211; <\/p>\n<p>Helly Hansen Oxford Light Fleece jakna je savr\u0161ena za slojevito odijevanje na ne\u0161to hladnijim danima. Izra\u0111ena je od recikliranog Polartec\u00c2\u00ae flisa, pa je odli\u010dan izbor za vas i okoli\u0161. Sa dvostrukim slojem tkanine na ovratniku, zip radnim i rukama, te flatlock \u0161avovima za dodatnu udobnost.<\/p>\n","protected":false},"excerpt":{"rendered":"<p>Lagana fleece jakna Helly Hansen Oxford Plava (XXL velicina) &#8211; Helly Hansen Oxford Light Fleece jakna je savr\u0161ena za slojevito<\/p>\n","protected":false},"featured_media":5945646,"comment_status":"open","ping_status":"closed","template":"","meta":[],"product_brand":[3001],"product_cat":[1857],"product_tag":[],"class_list":{"0":"post-743767","1":"product","2":"type-product","3":"status-publish","4":"has-post-thumbnail","6":"product_brand-helly-hansen-hr","7":"product_cat-jedrilicarska-odjeca-helly-hansen","9":"first","10":"instock","11":"shipping-taxable","12":"purchasable","13":"product-type-simple"},"_links":{"self":[{"href":"https:\/\/stoic-curie.212-227-153-4.plesk.page\/hr\/wp-json\/wp\/v2\/product\/743767","targetHints":{"allow":["GET"]}}],"collection":[{"href":"https:\/\/stoic-curie.212-227-153-4.plesk.page\/hr\/wp-json\/wp\/v2\/product"}],"about":[{"href":"https:\/\/stoic-curie.212-227-153-4.plesk.page\/hr\/wp-json\/wp\/v2\/types\/product"}],"replies":[{"embeddable":true,"href":"https:\/\/stoic-curie.212-227-153-4.plesk.page\/hr\/wp-json\/wp\/v2\/comments?post=743767"}],"version-history":[{"count":0,"href":"https:\/\/stoic-curie.212-227-153-4.plesk.page\/hr\/wp-json\/wp\/v2\/product\/743767\/revisions"}],"wp:featuredmedia":[{"embeddable":true,"href":"https:\/\/stoic-curie.212-227-153-4.plesk.page\/hr\/wp-json\/wp\/v2\/media\/5945646"}],"wp:attachment":[{"href":"https:\/\/stoic-curie.212-227-153-4.plesk.page\/hr\/wp-json\/wp\/v2\/media?parent=743767"}],"wp:term":[{"taxonomy":"product_brand","embeddable":true,"href":"https:\/\/stoic-curie.212-227-153-4.plesk.page\/hr\/wp-json\/wp\/v2\/product_brand?post=743767"},{"taxonomy":"product_cat","embeddable":true,"href":"https:\/\/stoic-curie.212-227-153-4.plesk.page\/hr\/wp-json\/wp\/v2\/product_cat?post=743767"},{"taxonomy":"product_tag","embeddable":true,"href":"https:\/\/stoic-curie.212-227-153-4.plesk.page\/hr\/wp-json\/wp\/v2\/product_tag?post=743767"}],"curies":[{"name":"wp","href":"https:\/\/api.w.org\/{rel}","templated":true}]}}