{"id":743770,"date":"2025-03-03T18:42:13","date_gmt":"2025-03-03T17:42:13","guid":{"rendered":"https:\/\/stoic-curie.212-227-153-4.plesk.page\/producto\/cizme-za-jedrenje-helly-hansen-nordvik-plava-velicina-41\/"},"modified":"2026-02-25T00:01:11","modified_gmt":"2026-02-25T00:01:11","slug":"cizme-za-jedrenje-helly-hansen-nordvik-plava-velicina-41","status":"publish","type":"product","link":"https:\/\/stoic-curie.212-227-153-4.plesk.page\/hr\/product\/cizme-za-jedrenje-helly-hansen-nordvik-plava-velicina-41\/","title":{"rendered":"\u010cizme za jedrenje Helly Hansen Nordvik Plava velicina 41"},"content":{"rendered":"<p>\u010cizme za jedrenje Helly Hansen Nordvik Plava velicina 41 &#8211; <\/p>\n<p>Lagana, nisko izrezana HH Nordvik \u010dizma, idealna za nauti\u010dke aktivnosti. Kombinira stil i udobnost na jednostavan na\u010din. Ravna potplat s utorima koji garantiraju izvanredno prianjanje.<\/p>\n","protected":false},"excerpt":{"rendered":"<p>\u010cizme za jedrenje Helly Hansen Nordvik Plava velicina 41 &#8211; Lagana, nisko izrezana HH Nordvik \u010dizma, idealna za nauti\u010dke aktivnosti.<\/p>\n","protected":false},"featured_media":5945652,"comment_status":"open","ping_status":"closed","template":"","meta":[],"product_brand":[3001],"product_cat":[1859],"product_tag":[],"class_list":{"0":"post-743770","1":"product","2":"type-product","3":"status-publish","4":"has-post-thumbnail","6":"product_brand-helly-hansen-hr","7":"product_cat-jedrilicarske-cizme","9":"first","10":"instock","11":"shipping-taxable","12":"purchasable","13":"product-type-simple"},"_links":{"self":[{"href":"https:\/\/stoic-curie.212-227-153-4.plesk.page\/hr\/wp-json\/wp\/v2\/product\/743770","targetHints":{"allow":["GET"]}}],"collection":[{"href":"https:\/\/stoic-curie.212-227-153-4.plesk.page\/hr\/wp-json\/wp\/v2\/product"}],"about":[{"href":"https:\/\/stoic-curie.212-227-153-4.plesk.page\/hr\/wp-json\/wp\/v2\/types\/product"}],"replies":[{"embeddable":true,"href":"https:\/\/stoic-curie.212-227-153-4.plesk.page\/hr\/wp-json\/wp\/v2\/comments?post=743770"}],"version-history":[{"count":0,"href":"https:\/\/stoic-curie.212-227-153-4.plesk.page\/hr\/wp-json\/wp\/v2\/product\/743770\/revisions"}],"wp:featuredmedia":[{"embeddable":true,"href":"https:\/\/stoic-curie.212-227-153-4.plesk.page\/hr\/wp-json\/wp\/v2\/media\/5945652"}],"wp:attachment":[{"href":"https:\/\/stoic-curie.212-227-153-4.plesk.page\/hr\/wp-json\/wp\/v2\/media?parent=743770"}],"wp:term":[{"taxonomy":"product_brand","embeddable":true,"href":"https:\/\/stoic-curie.212-227-153-4.plesk.page\/hr\/wp-json\/wp\/v2\/product_brand?post=743770"},{"taxonomy":"product_cat","embeddable":true,"href":"https:\/\/stoic-curie.212-227-153-4.plesk.page\/hr\/wp-json\/wp\/v2\/product_cat?post=743770"},{"taxonomy":"product_tag","embeddable":true,"href":"https:\/\/stoic-curie.212-227-153-4.plesk.page\/hr\/wp-json\/wp\/v2\/product_tag?post=743770"}],"curies":[{"name":"wp","href":"https:\/\/api.w.org\/{rel}","templated":true}]}}