{"id":743783,"date":"2025-03-03T18:42:17","date_gmt":"2025-03-03T17:42:17","guid":{"rendered":"https:\/\/stoic-curie.212-227-153-4.plesk.page\/producto\/brodske-cipele-orca-bay-sandusky-zenske-plave-velicina-37\/"},"modified":"2026-02-25T00:01:11","modified_gmt":"2026-02-25T00:01:11","slug":"brodske-cipele-orca-bay-sandusky-zenske-plave-velicina-37","status":"publish","type":"product","link":"https:\/\/stoic-curie.212-227-153-4.plesk.page\/hr\/product\/brodske-cipele-orca-bay-sandusky-zenske-plave-velicina-37\/","title":{"rendered":"Brodske cipele Orca Bay Sandusky \u017eenske plave (velicina 37 )"},"content":{"rendered":"<p>Brodske cipele Orca Bay Sandusky \u017eenske plave (velicina 37 ) &#8211; <\/p>\n<p>\u017denske mokasinke od morskog ko\u017ee koje se mogu prati u ma\u0161ini od Sanduskya. Nezaporna, nelepljiva bijela gumena potplate. Ko\u017eni pertlu, o\u010dice otporne na hr\u0111u i EVA jastu\u010di\u0107 na peti.<\/p>\n","protected":false},"excerpt":{"rendered":"<p>Brodske cipele Orca Bay Sandusky \u017eenske plave (velicina 37 ) &#8211; \u017denske mokasinke od morskog ko\u017ee koje se mogu prati<\/p>\n","protected":false},"featured_media":5945658,"comment_status":"open","ping_status":"closed","template":"","meta":[],"product_brand":[3231],"product_cat":[1860],"product_tag":[],"class_list":{"0":"post-743783","1":"product","2":"type-product","3":"status-publish","4":"has-post-thumbnail","6":"product_brand-orca-bay-hr","7":"product_cat-nauticke-cipele","9":"first","10":"instock","11":"shipping-taxable","12":"purchasable","13":"product-type-simple"},"_links":{"self":[{"href":"https:\/\/stoic-curie.212-227-153-4.plesk.page\/hr\/wp-json\/wp\/v2\/product\/743783","targetHints":{"allow":["GET"]}}],"collection":[{"href":"https:\/\/stoic-curie.212-227-153-4.plesk.page\/hr\/wp-json\/wp\/v2\/product"}],"about":[{"href":"https:\/\/stoic-curie.212-227-153-4.plesk.page\/hr\/wp-json\/wp\/v2\/types\/product"}],"replies":[{"embeddable":true,"href":"https:\/\/stoic-curie.212-227-153-4.plesk.page\/hr\/wp-json\/wp\/v2\/comments?post=743783"}],"version-history":[{"count":0,"href":"https:\/\/stoic-curie.212-227-153-4.plesk.page\/hr\/wp-json\/wp\/v2\/product\/743783\/revisions"}],"wp:featuredmedia":[{"embeddable":true,"href":"https:\/\/stoic-curie.212-227-153-4.plesk.page\/hr\/wp-json\/wp\/v2\/media\/5945658"}],"wp:attachment":[{"href":"https:\/\/stoic-curie.212-227-153-4.plesk.page\/hr\/wp-json\/wp\/v2\/media?parent=743783"}],"wp:term":[{"taxonomy":"product_brand","embeddable":true,"href":"https:\/\/stoic-curie.212-227-153-4.plesk.page\/hr\/wp-json\/wp\/v2\/product_brand?post=743783"},{"taxonomy":"product_cat","embeddable":true,"href":"https:\/\/stoic-curie.212-227-153-4.plesk.page\/hr\/wp-json\/wp\/v2\/product_cat?post=743783"},{"taxonomy":"product_tag","embeddable":true,"href":"https:\/\/stoic-curie.212-227-153-4.plesk.page\/hr\/wp-json\/wp\/v2\/product_tag?post=743783"}],"curies":[{"name":"wp","href":"https:\/\/api.w.org\/{rel}","templated":true}]}}