{"id":743784,"date":"2025-03-03T18:42:17","date_gmt":"2025-03-03T17:42:17","guid":{"rendered":"https:\/\/stoic-curie.212-227-153-4.plesk.page\/producto\/brodske-cipele-orca-bay-sandusky-zenske-plave-velicina-38\/"},"modified":"2026-02-25T00:01:11","modified_gmt":"2026-02-25T00:01:11","slug":"brodske-cipele-orca-bay-sandusky-zenske-plave-velicina-38","status":"publish","type":"product","link":"https:\/\/stoic-curie.212-227-153-4.plesk.page\/hr\/product\/brodske-cipele-orca-bay-sandusky-zenske-plave-velicina-38\/","title":{"rendered":"Brodske cipele Orca Bay Sandusky \u017eenske plave (velicina 38 )"},"content":{"rendered":"<p>Brodske cipele Orca Bay Sandusky \u017eenske plave (velicina 38 ) &#8211; <\/p>\n<p>Sandusky \u017eenske mokasinke od umjetne ko\u017ee, perive u ma\u0161ini. Antiskid, ne ostavlja trag bijela gumena potplat. Laj\u0161avanje ko\u017ee, otporni na hr\u0111u o\u010dnjaci i EVA podstavljena peta.<\/p>\n","protected":false},"excerpt":{"rendered":"<p>Brodske cipele Orca Bay Sandusky \u017eenske plave (velicina 38 ) &#8211; Sandusky \u017eenske mokasinke od umjetne ko\u017ee, perive u ma\u0161ini.<\/p>\n","protected":false},"featured_media":5945658,"comment_status":"open","ping_status":"closed","template":"","meta":[],"product_brand":[3231],"product_cat":[1860],"product_tag":[],"class_list":{"0":"post-743784","1":"product","2":"type-product","3":"status-publish","4":"has-post-thumbnail","6":"product_brand-orca-bay-hr","7":"product_cat-nauticke-cipele","9":"first","10":"instock","11":"shipping-taxable","12":"purchasable","13":"product-type-simple"},"_links":{"self":[{"href":"https:\/\/stoic-curie.212-227-153-4.plesk.page\/hr\/wp-json\/wp\/v2\/product\/743784","targetHints":{"allow":["GET"]}}],"collection":[{"href":"https:\/\/stoic-curie.212-227-153-4.plesk.page\/hr\/wp-json\/wp\/v2\/product"}],"about":[{"href":"https:\/\/stoic-curie.212-227-153-4.plesk.page\/hr\/wp-json\/wp\/v2\/types\/product"}],"replies":[{"embeddable":true,"href":"https:\/\/stoic-curie.212-227-153-4.plesk.page\/hr\/wp-json\/wp\/v2\/comments?post=743784"}],"version-history":[{"count":0,"href":"https:\/\/stoic-curie.212-227-153-4.plesk.page\/hr\/wp-json\/wp\/v2\/product\/743784\/revisions"}],"wp:featuredmedia":[{"embeddable":true,"href":"https:\/\/stoic-curie.212-227-153-4.plesk.page\/hr\/wp-json\/wp\/v2\/media\/5945658"}],"wp:attachment":[{"href":"https:\/\/stoic-curie.212-227-153-4.plesk.page\/hr\/wp-json\/wp\/v2\/media?parent=743784"}],"wp:term":[{"taxonomy":"product_brand","embeddable":true,"href":"https:\/\/stoic-curie.212-227-153-4.plesk.page\/hr\/wp-json\/wp\/v2\/product_brand?post=743784"},{"taxonomy":"product_cat","embeddable":true,"href":"https:\/\/stoic-curie.212-227-153-4.plesk.page\/hr\/wp-json\/wp\/v2\/product_cat?post=743784"},{"taxonomy":"product_tag","embeddable":true,"href":"https:\/\/stoic-curie.212-227-153-4.plesk.page\/hr\/wp-json\/wp\/v2\/product_tag?post=743784"}],"curies":[{"name":"wp","href":"https:\/\/api.w.org\/{rel}","templated":true}]}}