{"id":743797,"date":"2025-03-03T18:42:22","date_gmt":"2025-03-03T17:42:22","guid":{"rendered":"https:\/\/stoic-curie.212-227-153-4.plesk.page\/producto\/brodske-cipele-orca-bay-lw-meng-crvenkasto-smeda-velicina-42\/"},"modified":"2026-02-25T00:01:11","modified_gmt":"2026-02-25T00:01:11","slug":"brodske-cipele-orca-bay-lw-meng-crvenkasto-smeda-velicina-42","status":"publish","type":"product","link":"https:\/\/stoic-curie.212-227-153-4.plesk.page\/hr\/product\/brodske-cipele-orca-bay-lw-meng-crvenkasto-smeda-velicina-42\/","title":{"rendered":"Brodske cipele Orca Bay LW Meng crvenkasto smeda (Velicina 42)"},"content":{"rendered":"<p>Brodske cipele Orca Bay LW Meng crvenkasto smeda (Velicina 42) &#8211; <\/p>\n<p>Mokasinke od morskog ko\u017ee Maine Russet. Gumeni potplat bijele boje koji ne sklizne i ne ostavlja tragove. \u010cipka od sirove ko\u017ee, nehr\u0111aju\u0107i rupice i EVA jastu\u010di\u0107 za petu.<\/p>\n","protected":false},"excerpt":{"rendered":"<p>Brodske cipele Orca Bay LW Meng crvenkasto smeda (Velicina 42) &#8211; Mokasinke od morskog ko\u017ee Maine Russet. Gumeni potplat bijele<\/p>\n","protected":false},"featured_media":5945662,"comment_status":"open","ping_status":"closed","template":"","meta":[],"product_brand":[3231],"product_cat":[1860],"product_tag":[],"class_list":{"0":"post-743797","1":"product","2":"type-product","3":"status-publish","4":"has-post-thumbnail","6":"product_brand-orca-bay-hr","7":"product_cat-nauticke-cipele","9":"first","10":"instock","11":"shipping-taxable","12":"purchasable","13":"product-type-simple"},"_links":{"self":[{"href":"https:\/\/stoic-curie.212-227-153-4.plesk.page\/hr\/wp-json\/wp\/v2\/product\/743797","targetHints":{"allow":["GET"]}}],"collection":[{"href":"https:\/\/stoic-curie.212-227-153-4.plesk.page\/hr\/wp-json\/wp\/v2\/product"}],"about":[{"href":"https:\/\/stoic-curie.212-227-153-4.plesk.page\/hr\/wp-json\/wp\/v2\/types\/product"}],"replies":[{"embeddable":true,"href":"https:\/\/stoic-curie.212-227-153-4.plesk.page\/hr\/wp-json\/wp\/v2\/comments?post=743797"}],"version-history":[{"count":0,"href":"https:\/\/stoic-curie.212-227-153-4.plesk.page\/hr\/wp-json\/wp\/v2\/product\/743797\/revisions"}],"wp:featuredmedia":[{"embeddable":true,"href":"https:\/\/stoic-curie.212-227-153-4.plesk.page\/hr\/wp-json\/wp\/v2\/media\/5945662"}],"wp:attachment":[{"href":"https:\/\/stoic-curie.212-227-153-4.plesk.page\/hr\/wp-json\/wp\/v2\/media?parent=743797"}],"wp:term":[{"taxonomy":"product_brand","embeddable":true,"href":"https:\/\/stoic-curie.212-227-153-4.plesk.page\/hr\/wp-json\/wp\/v2\/product_brand?post=743797"},{"taxonomy":"product_cat","embeddable":true,"href":"https:\/\/stoic-curie.212-227-153-4.plesk.page\/hr\/wp-json\/wp\/v2\/product_cat?post=743797"},{"taxonomy":"product_tag","embeddable":true,"href":"https:\/\/stoic-curie.212-227-153-4.plesk.page\/hr\/wp-json\/wp\/v2\/product_tag?post=743797"}],"curies":[{"name":"wp","href":"https:\/\/api.w.org\/{rel}","templated":true}]}}