{"id":743810,"date":"2025-03-03T18:42:26","date_gmt":"2025-03-03T17:42:26","guid":{"rendered":"https:\/\/stoic-curie.212-227-153-4.plesk.page\/producto\/brodske-cipele-orca-bay-meng-crvenkasto-smede-boje-velicina-47\/"},"modified":"2026-02-25T00:01:11","modified_gmt":"2026-02-25T00:01:11","slug":"brodske-cipele-orca-bay-meng-crvenkasto-smede-boje-velicina-47","status":"publish","type":"product","link":"https:\/\/stoic-curie.212-227-153-4.plesk.page\/hr\/product\/brodske-cipele-orca-bay-meng-crvenkasto-smede-boje-velicina-47\/","title":{"rendered":"Brodske cipele Orca Bay Meng crvenkasto-smede boje (velicina: 47)"},"content":{"rendered":"<p>Brodske cipele Orca Bay Meng crvenkasto-smede boje (velicina: 47) &#8211; <\/p>\n<p>Squamish Russet otporne na sol morski ko\u017eni mokasini. Protuklizna, ne ostavlja tragova gumena potplat. Ko\u017ene vezice i otporni na hr\u0111u rupice.<\/p>\n","protected":false},"excerpt":{"rendered":"<p>Brodske cipele Orca Bay Meng crvenkasto-smede boje (velicina: 47) &#8211; Squamish Russet otporne na sol morski ko\u017eni mokasini. Protuklizna, ne<\/p>\n","protected":false},"featured_media":5945665,"comment_status":"open","ping_status":"closed","template":"","meta":[],"product_brand":[3231],"product_cat":[1860],"product_tag":[],"class_list":{"0":"post-743810","1":"product","2":"type-product","3":"status-publish","4":"has-post-thumbnail","6":"product_brand-orca-bay-hr","7":"product_cat-nauticke-cipele","9":"first","10":"outofstock","11":"shipping-taxable","12":"purchasable","13":"product-type-simple"},"_links":{"self":[{"href":"https:\/\/stoic-curie.212-227-153-4.plesk.page\/hr\/wp-json\/wp\/v2\/product\/743810","targetHints":{"allow":["GET"]}}],"collection":[{"href":"https:\/\/stoic-curie.212-227-153-4.plesk.page\/hr\/wp-json\/wp\/v2\/product"}],"about":[{"href":"https:\/\/stoic-curie.212-227-153-4.plesk.page\/hr\/wp-json\/wp\/v2\/types\/product"}],"replies":[{"embeddable":true,"href":"https:\/\/stoic-curie.212-227-153-4.plesk.page\/hr\/wp-json\/wp\/v2\/comments?post=743810"}],"version-history":[{"count":0,"href":"https:\/\/stoic-curie.212-227-153-4.plesk.page\/hr\/wp-json\/wp\/v2\/product\/743810\/revisions"}],"wp:featuredmedia":[{"embeddable":true,"href":"https:\/\/stoic-curie.212-227-153-4.plesk.page\/hr\/wp-json\/wp\/v2\/media\/5945665"}],"wp:attachment":[{"href":"https:\/\/stoic-curie.212-227-153-4.plesk.page\/hr\/wp-json\/wp\/v2\/media?parent=743810"}],"wp:term":[{"taxonomy":"product_brand","embeddable":true,"href":"https:\/\/stoic-curie.212-227-153-4.plesk.page\/hr\/wp-json\/wp\/v2\/product_brand?post=743810"},{"taxonomy":"product_cat","embeddable":true,"href":"https:\/\/stoic-curie.212-227-153-4.plesk.page\/hr\/wp-json\/wp\/v2\/product_cat?post=743810"},{"taxonomy":"product_tag","embeddable":true,"href":"https:\/\/stoic-curie.212-227-153-4.plesk.page\/hr\/wp-json\/wp\/v2\/product_tag?post=743810"}],"curies":[{"name":"wp","href":"https:\/\/api.w.org\/{rel}","templated":true}]}}