{"id":743816,"date":"2025-03-03T18:42:28","date_gmt":"2025-03-03T17:42:28","guid":{"rendered":"https:\/\/stoic-curie.212-227-153-4.plesk.page\/producto\/jedrilicarske-cizme-orca-bay-storm-velicina-44\/"},"modified":"2026-02-25T00:01:11","modified_gmt":"2026-02-25T00:01:11","slug":"jedrilicarske-cizme-orca-bay-storm-velicina-44","status":"publish","type":"product","link":"https:\/\/stoic-curie.212-227-153-4.plesk.page\/hr\/product\/jedrilicarske-cizme-orca-bay-storm-velicina-44\/","title":{"rendered":"Jedrili\u010darske \u010dizme Orca Bay Storm (velicina 44 )"},"content":{"rendered":"<p>Jedrili\u010darske \u010dizme Orca Bay Storm (velicina 44 ) &#8211; <\/p>\n<p>Orca Bay Storm jedrilice su vodootporne i prozra\u010dne \u010dizme s tri sloja koje nude visoke performanse i maksimalnu udobnost. Potplat od gume otporan na klizanje pru\u017ea izvrsnu vu\u010du na skliskim palubama. Idealan je za u\u017eivanje, profesionalnu upotrebu i skladi\u0161tenje u svakoj sezoni. Savjeti za \u010di\u0161\u0107enje i odr\u017eavanje: koristite \u010detku za uklanjanje otpada i isperite hladnom vodom ili vla\u017enom krpom. Ostavite da se prirodno osu\u0161i. Povremeno primijenite sprej za vodoodbojan u\u010dinak kako biste za\u0161titili ko\u017eu i odr\u017eali njenu vodootpornost. Nakon toga, preporu\u010duje se primjena prozirne hranjive kreme kako bi se odr\u017eala elasti\u010dnost ko\u017ee i ostavite da se osu\u0161i.<\/p>\n","protected":false},"excerpt":{"rendered":"<p>Jedrili\u010darske \u010dizme Orca Bay Storm (velicina 44 ) &#8211; Orca Bay Storm jedrilice su vodootporne i prozra\u010dne \u010dizme s tri<\/p>\n","protected":false},"featured_media":5945668,"comment_status":"open","ping_status":"closed","template":"","meta":[],"product_brand":[3231],"product_cat":[1859],"product_tag":[],"class_list":{"0":"post-743816","1":"product","2":"type-product","3":"status-publish","4":"has-post-thumbnail","6":"product_brand-orca-bay-hr","7":"product_cat-jedrilicarske-cizme","9":"first","10":"instock","11":"shipping-taxable","12":"purchasable","13":"product-type-simple"},"_links":{"self":[{"href":"https:\/\/stoic-curie.212-227-153-4.plesk.page\/hr\/wp-json\/wp\/v2\/product\/743816","targetHints":{"allow":["GET"]}}],"collection":[{"href":"https:\/\/stoic-curie.212-227-153-4.plesk.page\/hr\/wp-json\/wp\/v2\/product"}],"about":[{"href":"https:\/\/stoic-curie.212-227-153-4.plesk.page\/hr\/wp-json\/wp\/v2\/types\/product"}],"replies":[{"embeddable":true,"href":"https:\/\/stoic-curie.212-227-153-4.plesk.page\/hr\/wp-json\/wp\/v2\/comments?post=743816"}],"version-history":[{"count":0,"href":"https:\/\/stoic-curie.212-227-153-4.plesk.page\/hr\/wp-json\/wp\/v2\/product\/743816\/revisions"}],"wp:featuredmedia":[{"embeddable":true,"href":"https:\/\/stoic-curie.212-227-153-4.plesk.page\/hr\/wp-json\/wp\/v2\/media\/5945668"}],"wp:attachment":[{"href":"https:\/\/stoic-curie.212-227-153-4.plesk.page\/hr\/wp-json\/wp\/v2\/media?parent=743816"}],"wp:term":[{"taxonomy":"product_brand","embeddable":true,"href":"https:\/\/stoic-curie.212-227-153-4.plesk.page\/hr\/wp-json\/wp\/v2\/product_brand?post=743816"},{"taxonomy":"product_cat","embeddable":true,"href":"https:\/\/stoic-curie.212-227-153-4.plesk.page\/hr\/wp-json\/wp\/v2\/product_cat?post=743816"},{"taxonomy":"product_tag","embeddable":true,"href":"https:\/\/stoic-curie.212-227-153-4.plesk.page\/hr\/wp-json\/wp\/v2\/product_tag?post=743816"}],"curies":[{"name":"wp","href":"https:\/\/api.w.org\/{rel}","templated":true}]}}