{"id":743817,"date":"2025-03-03T18:42:28","date_gmt":"2025-03-03T17:42:28","guid":{"rendered":"https:\/\/stoic-curie.212-227-153-4.plesk.page\/producto\/jedrilicarske-cizme-orca-bay-storm-velicina-45\/"},"modified":"2026-02-25T00:01:11","modified_gmt":"2026-02-25T00:01:11","slug":"jedrilicarske-cizme-orca-bay-storm-velicina-45","status":"publish","type":"product","link":"https:\/\/stoic-curie.212-227-153-4.plesk.page\/hr\/product\/jedrilicarske-cizme-orca-bay-storm-velicina-45\/","title":{"rendered":"Jedrili\u010darske \u010dizme Orca Bay Storm (velicina 45 )"},"content":{"rendered":"<p>Jedrili\u010darske \u010dizme Orca Bay Storm (velicina 45 ) &#8211; <\/p>\n<p>Trostruke vodootporne i prozra\u010dne jedrili\u010darske \u010dizme Orca Bay Storm za visoke performanse i maksimalnu udobnost. Gumeni potplat protiv klizanja osigurava izvrstan grip na skliskim palubama. Za kori\u0161tenje u slobodno vrijeme, profesionalno i za skladi\u0161tenje tijekom cijele godine. Savjeti za \u010di\u0161\u0107enje i odr\u017eavanje: upotrijebite \u010detku za uklanjanje ne\u010disto\u0107a i isperite hladnom vodom ili vla\u017enom krpom. Ostavite da se osu\u0161i prirodno. Povremeno nanesite vodootpornu sprej za za\u0161titu ko\u017ee i odr\u017eavanje njene vodootpornosti. Nakon toga, preporu\u010duje se nano\u0161enje prozirne hranjive kreme radi o\u010duvanja elasti\u010dnosti ko\u017ee i ostaviti da se osu\u0161i.<\/p>\n","protected":false},"excerpt":{"rendered":"<p>Jedrili\u010darske \u010dizme Orca Bay Storm (velicina 45 ) &#8211; Trostruke vodootporne i prozra\u010dne jedrili\u010darske \u010dizme Orca Bay Storm za visoke<\/p>\n","protected":false},"featured_media":5945668,"comment_status":"open","ping_status":"closed","template":"","meta":[],"product_brand":[3231],"product_cat":[1859],"product_tag":[],"class_list":{"0":"post-743817","1":"product","2":"type-product","3":"status-publish","4":"has-post-thumbnail","6":"product_brand-orca-bay-hr","7":"product_cat-jedrilicarske-cizme","9":"first","10":"instock","11":"shipping-taxable","12":"purchasable","13":"product-type-simple"},"_links":{"self":[{"href":"https:\/\/stoic-curie.212-227-153-4.plesk.page\/hr\/wp-json\/wp\/v2\/product\/743817","targetHints":{"allow":["GET"]}}],"collection":[{"href":"https:\/\/stoic-curie.212-227-153-4.plesk.page\/hr\/wp-json\/wp\/v2\/product"}],"about":[{"href":"https:\/\/stoic-curie.212-227-153-4.plesk.page\/hr\/wp-json\/wp\/v2\/types\/product"}],"replies":[{"embeddable":true,"href":"https:\/\/stoic-curie.212-227-153-4.plesk.page\/hr\/wp-json\/wp\/v2\/comments?post=743817"}],"version-history":[{"count":0,"href":"https:\/\/stoic-curie.212-227-153-4.plesk.page\/hr\/wp-json\/wp\/v2\/product\/743817\/revisions"}],"wp:featuredmedia":[{"embeddable":true,"href":"https:\/\/stoic-curie.212-227-153-4.plesk.page\/hr\/wp-json\/wp\/v2\/media\/5945668"}],"wp:attachment":[{"href":"https:\/\/stoic-curie.212-227-153-4.plesk.page\/hr\/wp-json\/wp\/v2\/media?parent=743817"}],"wp:term":[{"taxonomy":"product_brand","embeddable":true,"href":"https:\/\/stoic-curie.212-227-153-4.plesk.page\/hr\/wp-json\/wp\/v2\/product_brand?post=743817"},{"taxonomy":"product_cat","embeddable":true,"href":"https:\/\/stoic-curie.212-227-153-4.plesk.page\/hr\/wp-json\/wp\/v2\/product_cat?post=743817"},{"taxonomy":"product_tag","embeddable":true,"href":"https:\/\/stoic-curie.212-227-153-4.plesk.page\/hr\/wp-json\/wp\/v2\/product_tag?post=743817"}],"curies":[{"name":"wp","href":"https:\/\/api.w.org\/{rel}","templated":true}]}}