{"id":743820,"date":"2025-03-03T18:42:29","date_gmt":"2025-03-03T17:42:29","guid":{"rendered":"https:\/\/stoic-curie.212-227-153-4.plesk.page\/producto\/brodske-cizme-orca-bay-solent-graphite-velicina-40\/"},"modified":"2026-02-25T00:01:11","modified_gmt":"2026-02-25T00:01:11","slug":"brodske-cizme-orca-bay-solent-graphite-velicina-40","status":"publish","type":"product","link":"https:\/\/stoic-curie.212-227-153-4.plesk.page\/hr\/product\/brodske-cizme-orca-bay-solent-graphite-velicina-40\/","title":{"rendered":"Brodske \u010dizme Orca Bay Solent Graphite (velicina 40 )"},"content":{"rendered":"<p>Brodske \u010dizme Orca Bay Solent Graphite (velicina 40 ) &#8211; <\/p>\n<p>Orca Bay Solent \u010dizme oblo\u017eene neoprenom debljine 4 mm pru\u017eaju izvanrednu udobnost i zadr\u017eavanje topline. Vodootporne i prozra\u010dne, s vrhunskom gumom protiv klizanja koja nudi maksimalnu fleksibilnost i izdr\u017eljivost. Za u\u017eivanje, profesionalnu i gara\u017enu upotrebu u svakoj sezoni.<\/p>\n","protected":false},"excerpt":{"rendered":"<p>Brodske \u010dizme Orca Bay Solent Graphite (velicina 40 ) &#8211; Orca Bay Solent \u010dizme oblo\u017eene neoprenom debljine 4 mm pru\u017eaju<\/p>\n","protected":false},"featured_media":5945671,"comment_status":"open","ping_status":"closed","template":"","meta":[],"product_brand":[3231],"product_cat":[1859],"product_tag":[],"class_list":{"0":"post-743820","1":"product","2":"type-product","3":"status-publish","4":"has-post-thumbnail","6":"product_brand-orca-bay-hr","7":"product_cat-jedrilicarske-cizme","9":"first","10":"instock","11":"shipping-taxable","12":"purchasable","13":"product-type-simple"},"_links":{"self":[{"href":"https:\/\/stoic-curie.212-227-153-4.plesk.page\/hr\/wp-json\/wp\/v2\/product\/743820","targetHints":{"allow":["GET"]}}],"collection":[{"href":"https:\/\/stoic-curie.212-227-153-4.plesk.page\/hr\/wp-json\/wp\/v2\/product"}],"about":[{"href":"https:\/\/stoic-curie.212-227-153-4.plesk.page\/hr\/wp-json\/wp\/v2\/types\/product"}],"replies":[{"embeddable":true,"href":"https:\/\/stoic-curie.212-227-153-4.plesk.page\/hr\/wp-json\/wp\/v2\/comments?post=743820"}],"version-history":[{"count":0,"href":"https:\/\/stoic-curie.212-227-153-4.plesk.page\/hr\/wp-json\/wp\/v2\/product\/743820\/revisions"}],"wp:featuredmedia":[{"embeddable":true,"href":"https:\/\/stoic-curie.212-227-153-4.plesk.page\/hr\/wp-json\/wp\/v2\/media\/5945671"}],"wp:attachment":[{"href":"https:\/\/stoic-curie.212-227-153-4.plesk.page\/hr\/wp-json\/wp\/v2\/media?parent=743820"}],"wp:term":[{"taxonomy":"product_brand","embeddable":true,"href":"https:\/\/stoic-curie.212-227-153-4.plesk.page\/hr\/wp-json\/wp\/v2\/product_brand?post=743820"},{"taxonomy":"product_cat","embeddable":true,"href":"https:\/\/stoic-curie.212-227-153-4.plesk.page\/hr\/wp-json\/wp\/v2\/product_cat?post=743820"},{"taxonomy":"product_tag","embeddable":true,"href":"https:\/\/stoic-curie.212-227-153-4.plesk.page\/hr\/wp-json\/wp\/v2\/product_tag?post=743820"}],"curies":[{"name":"wp","href":"https:\/\/api.w.org\/{rel}","templated":true}]}}